{"id":7763,"date":"2016-10-12T16:12:32","date_gmt":"2016-10-12T14:12:32","guid":{"rendered":"https:\/\/muzej-djakovstine.hr\/muzej-dakovstine\/"},"modified":"2026-01-15T12:27:36","modified_gmt":"2026-01-15T11:27:36","slug":"muzej-dakovstine","status":"publish","type":"page","link":"http:\/\/muzej-djakovstine.hr\/de\/","title":{"rendered":"Museum"},"content":{"rendered":"<p>Das Museum befindet sich im Geb\u00e4ude der ehemaligen Verwaltung, das am Ende des 19. Jahrhunderts aufgebaut wurde, in der heutigen Ante Star\u010devi\u0107a Stra\u00dfe in \u0110akovo. Die Dauerausstellung des Museums beruht auf der ethnologischen, kultur-historischen und arch\u00e4ologischen Sammlung. Die ethnologische Dauerausstellung wurden in 2005. ge\u00f6ffnet, die kultur-historische in 2006. und die arch\u00e4ologische in 2017.<\/p>\n<p>Neben den Ausstellungst\u00e4tigkeiten, besch\u00e4ftigt sich das Museum mit Bildung und Verlagst\u00e4tigkeit, und ver\u00f6ffentlicht das Jahrbuch unter dem Titel Sammelband der \u0110akovo Region.<\/p>\n<p>Gerade deswegen ist unser Museum heute zweifellos ein wichtiger Bestandteil des kulturellen Bildes von\u00a0\u0110akovo\u00a0und der Region um\u00a0\u0110akovo\u00a0und wird es sicherlich auch in Zukunft sein.<\/p>\n","protected":false},"excerpt":{"rendered":"<p>Das Museum befindet sich im Geb\u00e4ude der ehemaligen Verwaltung, das am Ende des 19. Jahrhunderts aufgebaut wurde, in der heutigen Ante Star\u010devi\u0107a Stra\u00dfe in \u0110akovo. Die Dauerausstellung des Museums beruht auf der ethnologischen, kultur-historischen und arch\u00e4ologischen Sammlung. Die ethnologische Dauerausstellung wurden in 2005. ge\u00f6ffnet, die kultur-historische in 2006. und die arch\u00e4ologische in 2017. Neben den [&hellip;]<\/p>\n","protected":false},"author":1,"featured_media":0,"parent":0,"menu_order":0,"comment_status":"closed","ping_status":"open","template":"home.php","meta":{"_acf_changed":false,"_monsterinsights_skip_tracking":false,"_monsterinsights_sitenote_active":false,"_monsterinsights_sitenote_note":"","_monsterinsights_sitenote_category":0,"footnotes":""},"class_list":["post-7763","page","type-page","status-publish","hentry"],"acf":[],"yoast_head":"<!-- This site is optimized with the Yoast SEO plugin v27.4 - https:\/\/yoast.com\/product\/yoast-seo-wordpress\/ -->\n<title>Museum - Muzej \u0110akov\u0161tine<\/title>\n<meta name=\"description\" content=\"Das Museum befindet sich im Geb\u00e4ude der ehemaligen Verwaltung, das am Ende des 19. Jahrhunderts aufgebaut wurde, in der heutigen Ante Star\u010devi\u0107a Stra\u00dfe in \u0110akovo.\" \/>\n<meta name=\"robots\" content=\"index, follow, max-snippet:-1, max-image-preview:large, max-video-preview:-1\" \/>\n<link rel=\"canonical\" href=\"http:\/\/muzej-djakovstine.hr\/de\/\" \/>\n<meta property=\"og:locale\" content=\"de_DE\" \/>\n<meta property=\"og:type\" content=\"article\" \/>\n<meta property=\"og:title\" content=\"Museum - Muzej \u0110akov\u0161tine\" \/>\n<meta property=\"og:description\" content=\"Das Museum befindet sich im Geb\u00e4ude der ehemaligen Verwaltung, das am Ende des 19. Jahrhunderts aufgebaut wurde, in der heutigen Ante Star\u010devi\u0107a Stra\u00dfe in \u0110akovo.\" \/>\n<meta property=\"og:url\" content=\"http:\/\/muzej-djakovstine.hr\/de\/\" \/>\n<meta property=\"og:site_name\" content=\"Muzej \u0110akov\u0161tine\" \/>\n<meta property=\"article:publisher\" content=\"https:\/\/www.facebook.com\/muzej.djakovstine\/\" \/>\n<meta property=\"article:modified_time\" content=\"2026-01-15T11:27:36+00:00\" \/>\n<meta property=\"og:image\" content=\"http:\/\/muzej-djakovstine.hr\/wp-content\/uploads\/2016\/10\/home-bg.jpg\" \/>\n<meta name=\"twitter:card\" content=\"summary_large_image\" \/>\n<meta name=\"twitter:label1\" content=\"Gesch\u00e4tzte Lesezeit\" \/>\n\t<meta name=\"twitter:data1\" content=\"1\u00a0Minute\" \/>\n<script type=\"application\/ld+json\" class=\"yoast-schema-graph\">{\"@context\":\"https:\\\/\\\/schema.org\",\"@graph\":[{\"@type\":\"WebPage\",\"@id\":\"http:\\\/\\\/muzej-djakovstine.hr\\\/de\\\/\",\"url\":\"http:\\\/\\\/muzej-djakovstine.hr\\\/de\\\/\",\"name\":\"Museum - Muzej \u0110akov\u0161tine\",\"isPartOf\":{\"@id\":\"http:\\\/\\\/muzej-djakovstine.hr\\\/de\\\/#website\"},\"datePublished\":\"2016-10-12T14:12:32+00:00\",\"dateModified\":\"2026-01-15T11:27:36+00:00\",\"description\":\"Das Museum befindet sich im Geb\u00e4ude der ehemaligen Verwaltung, das am Ende des 19. Jahrhunderts aufgebaut wurde, in der heutigen Ante Star\u010devi\u0107a Stra\u00dfe in \u0110akovo.\",\"breadcrumb\":{\"@id\":\"http:\\\/\\\/muzej-djakovstine.hr\\\/de\\\/#breadcrumb\"},\"inLanguage\":\"de\",\"potentialAction\":[{\"@type\":\"ReadAction\",\"target\":[\"http:\\\/\\\/muzej-djakovstine.hr\\\/de\\\/\"]}]},{\"@type\":\"BreadcrumbList\",\"@id\":\"http:\\\/\\\/muzej-djakovstine.hr\\\/de\\\/#breadcrumb\",\"itemListElement\":[{\"@type\":\"ListItem\",\"position\":1,\"name\":\"Po\u010detna stranica\",\"item\":\"http:\\\/\\\/muzej-djakovstine.hr\\\/de\\\/\"},{\"@type\":\"ListItem\",\"position\":2,\"name\":\"Museum\"}]},{\"@type\":\"WebSite\",\"@id\":\"http:\\\/\\\/muzej-djakovstine.hr\\\/de\\\/#website\",\"url\":\"http:\\\/\\\/muzej-djakovstine.hr\\\/de\\\/\",\"name\":\"Muzej \u0110akov\u0161tine\",\"description\":\"\",\"potentialAction\":[{\"@type\":\"SearchAction\",\"target\":{\"@type\":\"EntryPoint\",\"urlTemplate\":\"http:\\\/\\\/muzej-djakovstine.hr\\\/de\\\/?s={search_term_string}\"},\"query-input\":{\"@type\":\"PropertyValueSpecification\",\"valueRequired\":true,\"valueName\":\"search_term_string\"}}],\"inLanguage\":\"de\"}]}<\/script>\n<!-- \/ Yoast SEO plugin. -->","yoast_head_json":{"title":"Museum - Muzej \u0110akov\u0161tine","description":"Das Museum befindet sich im Geb\u00e4ude der ehemaligen Verwaltung, das am Ende des 19. Jahrhunderts aufgebaut wurde, in der heutigen Ante Star\u010devi\u0107a Stra\u00dfe in \u0110akovo.","robots":{"index":"index","follow":"follow","max-snippet":"max-snippet:-1","max-image-preview":"max-image-preview:large","max-video-preview":"max-video-preview:-1"},"canonical":"http:\/\/muzej-djakovstine.hr\/de\/","og_locale":"de_DE","og_type":"article","og_title":"Museum - Muzej \u0110akov\u0161tine","og_description":"Das Museum befindet sich im Geb\u00e4ude der ehemaligen Verwaltung, das am Ende des 19. Jahrhunderts aufgebaut wurde, in der heutigen Ante Star\u010devi\u0107a Stra\u00dfe in \u0110akovo.","og_url":"http:\/\/muzej-djakovstine.hr\/de\/","og_site_name":"Muzej \u0110akov\u0161tine","article_publisher":"https:\/\/www.facebook.com\/muzej.djakovstine\/","article_modified_time":"2026-01-15T11:27:36+00:00","og_image":[{"url":"http:\/\/muzej-djakovstine.hr\/wp-content\/uploads\/2016\/10\/home-bg.jpg","type":"","width":"","height":""}],"twitter_card":"summary_large_image","twitter_misc":{"Gesch\u00e4tzte Lesezeit":"1\u00a0Minute"},"schema":{"@context":"https:\/\/schema.org","@graph":[{"@type":"WebPage","@id":"http:\/\/muzej-djakovstine.hr\/de\/","url":"http:\/\/muzej-djakovstine.hr\/de\/","name":"Museum - Muzej \u0110akov\u0161tine","isPartOf":{"@id":"http:\/\/muzej-djakovstine.hr\/de\/#website"},"datePublished":"2016-10-12T14:12:32+00:00","dateModified":"2026-01-15T11:27:36+00:00","description":"Das Museum befindet sich im Geb\u00e4ude der ehemaligen Verwaltung, das am Ende des 19. Jahrhunderts aufgebaut wurde, in der heutigen Ante Star\u010devi\u0107a Stra\u00dfe in \u0110akovo.","breadcrumb":{"@id":"http:\/\/muzej-djakovstine.hr\/de\/#breadcrumb"},"inLanguage":"de","potentialAction":[{"@type":"ReadAction","target":["http:\/\/muzej-djakovstine.hr\/de\/"]}]},{"@type":"BreadcrumbList","@id":"http:\/\/muzej-djakovstine.hr\/de\/#breadcrumb","itemListElement":[{"@type":"ListItem","position":1,"name":"Po\u010detna stranica","item":"http:\/\/muzej-djakovstine.hr\/de\/"},{"@type":"ListItem","position":2,"name":"Museum"}]},{"@type":"WebSite","@id":"http:\/\/muzej-djakovstine.hr\/de\/#website","url":"http:\/\/muzej-djakovstine.hr\/de\/","name":"Muzej \u0110akov\u0161tine","description":"","potentialAction":[{"@type":"SearchAction","target":{"@type":"EntryPoint","urlTemplate":"http:\/\/muzej-djakovstine.hr\/de\/?s={search_term_string}"},"query-input":{"@type":"PropertyValueSpecification","valueRequired":true,"valueName":"search_term_string"}}],"inLanguage":"de"}]}},"_links":{"self":[{"href":"http:\/\/muzej-djakovstine.hr\/de\/wp-json\/wp\/v2\/pages\/7763","targetHints":{"allow":["GET"]}}],"collection":[{"href":"http:\/\/muzej-djakovstine.hr\/de\/wp-json\/wp\/v2\/pages"}],"about":[{"href":"http:\/\/muzej-djakovstine.hr\/de\/wp-json\/wp\/v2\/types\/page"}],"author":[{"embeddable":true,"href":"http:\/\/muzej-djakovstine.hr\/de\/wp-json\/wp\/v2\/users\/1"}],"replies":[{"embeddable":true,"href":"http:\/\/muzej-djakovstine.hr\/de\/wp-json\/wp\/v2\/comments?post=7763"}],"version-history":[{"count":8,"href":"http:\/\/muzej-djakovstine.hr\/de\/wp-json\/wp\/v2\/pages\/7763\/revisions"}],"predecessor-version":[{"id":9765,"href":"http:\/\/muzej-djakovstine.hr\/de\/wp-json\/wp\/v2\/pages\/7763\/revisions\/9765"}],"wp:attachment":[{"href":"http:\/\/muzej-djakovstine.hr\/de\/wp-json\/wp\/v2\/media?parent=7763"}],"curies":[{"name":"wp","href":"https:\/\/api.w.org\/{rel}","templated":true}]}}