{"id":8887,"date":"2016-10-18T18:03:24","date_gmt":"2016-10-18T16:03:24","guid":{"rendered":"https:\/\/muzej-djakovstine.hr\/geschichte\/"},"modified":"2024-08-07T13:58:10","modified_gmt":"2024-08-07T11:58:10","slug":"geschichte","status":"publish","type":"page","link":"http:\/\/muzej-djakovstine.hr\/de\/geschichte\/","title":{"rendered":"Geschichte"},"content":{"rendered":"<p>Das Museum von Region <span class=\"hiddenSpellError\">\u0110akovo<\/span>\u00a0wurde im Dezember 1951 gegr\u00fcndet. Zweij\u00e4hrige T\u00e4tigkeiten gingen dessen erfolgreichen Er\u00f6ffnung voran. Einige bewusste Einwohner von\u00a0<span class=\"hiddenSpellError\">\u0110akovo<\/span>, die sich\u00a0<span class=\"hiddenGrammarError\">dem Bed\u00fcrfnis<\/span> zur Bewahrung dem Kulturerbe dieser Region bewusst wurden, leisteten ihren bedeutenden Beitrag dazu. Das erste Museum befand sich in einem <span class=\"hiddenSpellError\">Sezzessionsgeb\u00e4ude<\/span> auf 208 Quadratmeter mit geringer Arbeitskraft. Trotz dieses ungeeigneten Raums wurde schon in 1952 die erste Dauerausstellung veranstaltet. Demnach wurden die arch\u00e4ologische, die\u00a0ethnografische und numismatische als auch die Sammlung der Kunstwerke gegr\u00fcndet. Neben der Bibliothek und der\u00a0<span class=\"hiddenSpellError\">Photothek<\/span>\u00a0bilden die genannten Sammlungen die Grundlage eines respektablen Fundus mit mehreren zehntausenden Exponaten.<\/p>\n<p>Ende der sechziger Jahre zieht das Museum in ein Einstockhaus ein, das der Bischof Strossmayer hatte 1857 f\u00fcr bosnische Franziskaner bauen lassen. Nach der dringendsten Renovierung wurde hier 1970 die erste Dauerausstellung in 4 Ausstellungsr\u00e4umen ge\u00f6ffnet. In den n\u00e4chsten drei Jahren wurde der Fundus fast verdoppelt. Seit der Mitte siebziger Jahren bis zum Anfang des Verteidigungskrieges wurde das Museum ein der st\u00e4rksten und einflussreichsten Kulturanstalten in der Stadt. Mehrere Ausstellungen wurden veranstaltet, Anzahl der Exponate in einzelnen Sammlungen hat sich vergr\u00f6\u00dfert, und die Museumsarbeitskraft hat an verschiedensten kulturellen Veranstaltungen der Stadt aktiv teilgenommen. Zu dieser Zeit wurde auch der Verlag \u00bb\u0110akov\u0161tina\u00bb veranlassen, in dem mehrere interessante B\u00fccher ver\u00f6ffentlicht wurden.<\/p>\n<p>Nach dem Kriegsausbruch wurden alle positiven Str\u00f6mungen des Museums gef\u00e4hrdet, so siedelt es in sichere Gebiete Kroatiens, wo es keine Kriegsoperationen gab. Im Mai 1994 musste das Museum das Geb\u00e4ude in der\u00a0Preradovi\u0107\u00a0Stra\u00dfe der Di\u00f6zese \u00fcberlassen, und zieht wieder um, in ein altes Geb\u00e4ude, das selbst die niedrigste Standarte nicht befriedigen konnte, obwohl es als vor\u00fcbergehend bezeichnet wurde, blieb das Museum drin bis Mai 2002. Dann bekam das Museum\u00a0seinen heutigen Sitz in der\u00a0Star\u010devi\u0107\u00a0Stra\u00dfe, in dem renovierten Geb\u00e4ude der fr\u00fcheren Bezirksverwaltung aus dem 19. Jahrhundert. Das Innere des neuen Museums in der\u00a0Star\u010devi\u0107\u00a0Stra\u00dfe 34 ist in mehrere Kammern verteilt worden.<\/p>\n<p>Da ist auch der Ausstellungsraum f\u00fcr die Dauerausstellung (noch nicht fertig gebaut) und ein allgemeiner Ausstellungsraum, der zurzeit zum Zentrum verschiedensten T\u00e4tigkeiten wird (Ausstellungen, Buchdarstellungen, Konzerte, Vorlesungen, usw.).<\/p>\n<p>Um das Museum liegt ein gro\u00dfer unordentlicher Hof, der mehrere M\u00f6glichkeiten f\u00fcr zuk\u00fcnftige T\u00e4tigkeiten anbietet. Zum Schluss k\u00f6nnen wir sagen, dass nach 50 Jahren das Museum eine gute und ad\u00e4quate Unterkunft bekam, wo das reiche Kulturerbe von\u00a0\u0110akovo\u00a0und dessen Umgebung\u00a0vorgestellt werden kann.<\/p>\n\n\t\t<style type=\"text\/css\">\n\t\t\t#gallery-1 {\n\t\t\t\tmargin: auto;\n\t\t\t}\n\t\t\t#gallery-1 .gallery-item {\n\t\t\t\tfloat: left;\n\t\t\t\tmargin-top: 10px;\n\t\t\t\ttext-align: center;\n\t\t\t\twidth: 33%;\n\t\t\t}\n\t\t\t#gallery-1 img {\n\t\t\t\tborder: 2px solid #cfcfcf;\n\t\t\t}\n\t\t\t#gallery-1 .gallery-caption {\n\t\t\t\tmargin-left: 0;\n\t\t\t}\n\t\t\t\/* see gallery_shortcode() in wp-includes\/media.php *\/\n\t\t<\/style>\n\t\t<div id='gallery-1' class='gallery galleryid-8887 gallery-columns-3 gallery-size-thumbnail'><dl class='gallery-item'>\n\t\t\t<dt class='gallery-icon landscape'>\n\t\t\t\t<a href='http:\/\/muzej-djakovstine.hr\/wp-content\/uploads\/2016\/10\/muzej-djakovo-prvai-postav.jpg'><img loading=\"lazy\" decoding=\"async\" width=\"280\" height=\"190\" src=\"http:\/\/muzej-djakovstine.hr\/wp-content\/uploads\/2016\/10\/muzej-djakovo-prvai-postav-280x190.jpg\" class=\"attachment-thumbnail size-thumbnail\" alt=\"\" aria-describedby=\"gallery-1-4733\" \/><\/a>\n\t\t\t<\/dt>\n\t\t\t\t<dd class='wp-caption-text gallery-caption' id='gallery-1-4733'>\n\t\t\t\tDie erste Dauerausstellung des Museums der Region \u0110akovo aus dem Jahr 1952.\n\t\t\t\t<\/dd><\/dl><dl class='gallery-item'>\n\t\t\t<dt class='gallery-icon landscape'>\n\t\t\t\t<a href='http:\/\/muzej-djakovstine.hr\/wp-content\/uploads\/2016\/11\/prvi-postav.jpg'><img loading=\"lazy\" decoding=\"async\" width=\"280\" height=\"190\" src=\"http:\/\/muzej-djakovstine.hr\/wp-content\/uploads\/2016\/11\/prvi-postav-280x190.jpg\" class=\"attachment-thumbnail size-thumbnail\" alt=\"\" aria-describedby=\"gallery-1-5227\" \/><\/a>\n\t\t\t<\/dt>\n\t\t\t\t<dd class='wp-caption-text gallery-caption' id='gallery-1-5227'>\n\t\t\t\tDie erste Dauerausstellung des Museums der Region \u0110akovo aus dem Jahr 1952.\n\t\t\t\t<\/dd><\/dl><dl class='gallery-item'>\n\t\t\t<dt class='gallery-icon landscape'>\n\t\t\t\t<a href='http:\/\/muzej-djakovstine.hr\/wp-content\/uploads\/2016\/10\/muzej-djakovo-prva-zgrada.jpg'><img loading=\"lazy\" decoding=\"async\" width=\"280\" height=\"190\" src=\"http:\/\/muzej-djakovstine.hr\/wp-content\/uploads\/2016\/10\/muzej-djakovo-prva-zgrada-280x190.jpg\" class=\"attachment-thumbnail size-thumbnail\" alt=\"\" aria-describedby=\"gallery-1-4735\" \/><\/a>\n\t\t\t<\/dt>\n\t\t\t\t<dd class='wp-caption-text gallery-caption' id='gallery-1-4735'>\n\t\t\t\tDas erste Geb\u00e4ude des Museums der Region \u0110akovo in der heutigen Jela\u010di\u0107 Stra\u00dfe.\n\t\t\t\t<\/dd><\/dl><br style=\"clear: both\" \/><dl class='gallery-item'>\n\t\t\t<dt class='gallery-icon landscape'>\n\t\t\t\t<a href='http:\/\/muzej-djakovstine.hr\/wp-content\/uploads\/2016\/10\/drugi-stalni-postav.jpg'><img loading=\"lazy\" decoding=\"async\" width=\"280\" height=\"190\" src=\"http:\/\/muzej-djakovstine.hr\/wp-content\/uploads\/2016\/10\/drugi-stalni-postav-280x190.jpg\" class=\"attachment-thumbnail size-thumbnail\" alt=\"\" aria-describedby=\"gallery-1-4737\" \/><\/a>\n\t\t\t<\/dt>\n\t\t\t\t<dd class='wp-caption-text gallery-caption' id='gallery-1-4737'>\n\t\t\t\tDie zweite Dauerausstellung des Museums der Region \u0110akovo.\n\t\t\t\t<\/dd><\/dl><dl class='gallery-item'>\n\t\t\t<dt class='gallery-icon landscape'>\n\t\t\t\t<a href='http:\/\/muzej-djakovstine.hr\/wp-content\/uploads\/2016\/10\/muzej-djakovstine.jpg'><img loading=\"lazy\" decoding=\"async\" width=\"280\" height=\"190\" src=\"http:\/\/muzej-djakovstine.hr\/wp-content\/uploads\/2016\/10\/muzej-djakovstine-280x190.jpg\" class=\"attachment-thumbnail size-thumbnail\" alt=\"\" aria-describedby=\"gallery-1-4739\" \/><\/a>\n\t\t\t<\/dt>\n\t\t\t\t<dd class='wp-caption-text gallery-caption' id='gallery-1-4739'>\n\t\t\t\tDas Geb\u00e4ude des Museums in der Preradovi\u0107 Stra\u00dfe 17.\n\t\t\t\t<\/dd><\/dl><dl class='gallery-item'>\n\t\t\t<dt class='gallery-icon landscape'>\n\t\t\t\t<a href='http:\/\/muzej-djakovstine.hr\/wp-content\/uploads\/2016\/10\/muzej-radiceva-1.jpg'><img loading=\"lazy\" decoding=\"async\" width=\"280\" height=\"190\" src=\"http:\/\/muzej-djakovstine.hr\/wp-content\/uploads\/2016\/10\/muzej-radiceva-1-280x190.jpg\" class=\"attachment-thumbnail size-thumbnail\" alt=\"\" aria-describedby=\"gallery-1-4831\" \/><\/a>\n\t\t\t<\/dt>\n\t\t\t\t<dd class='wp-caption-text gallery-caption' id='gallery-1-4831'>\n\t\t\t\tDas Museum in der Radi\u0107 Stra\u00dfe.\n\t\t\t\t<\/dd><\/dl><br style=\"clear: both\" \/><dl class='gallery-item'>\n\t\t\t<dt class='gallery-icon landscape'>\n\t\t\t\t<a href='http:\/\/muzej-djakovstine.hr\/wp-content\/uploads\/2016\/10\/muzej-radiceva-2.jpg'><img loading=\"lazy\" decoding=\"async\" width=\"280\" height=\"190\" src=\"http:\/\/muzej-djakovstine.hr\/wp-content\/uploads\/2016\/10\/muzej-radiceva-2-280x190.jpg\" class=\"attachment-thumbnail size-thumbnail\" alt=\"\" aria-describedby=\"gallery-1-4833\" \/><\/a>\n\t\t\t<\/dt>\n\t\t\t\t<dd class='wp-caption-text gallery-caption' id='gallery-1-4833'>\n\t\t\t\tDas Museum in der Radi\u0107 Stra\u00dfe.\n\t\t\t\t<\/dd><\/dl><dl class='gallery-item'>\n\t\t\t<dt class='gallery-icon landscape'>\n\t\t\t\t<a href='http:\/\/muzej-djakovstine.hr\/wp-content\/uploads\/2016\/10\/muzej-djakovo-1.jpg'><img loading=\"lazy\" decoding=\"async\" width=\"280\" height=\"190\" src=\"http:\/\/muzej-djakovstine.hr\/wp-content\/uploads\/2016\/10\/muzej-djakovo-1-280x190.jpg\" class=\"attachment-thumbnail size-thumbnail\" alt=\"\" aria-describedby=\"gallery-1-4835\" \/><\/a>\n\t\t\t<\/dt>\n\t\t\t\t<dd class='wp-caption-text gallery-caption' id='gallery-1-4835'>\n\t\t\t\tDas heutige Geb\u00e4ude des Museums in der Ante Star\u010devi\u0107 Stra\u00dfe 34.\n\t\t\t\t<\/dd><\/dl><dl class='gallery-item'>\n\t\t\t<dt class='gallery-icon portrait'>\n\t\t\t\t<a href='http:\/\/muzej-djakovstine.hr\/wp-content\/uploads\/2016\/10\/muzej-djakovo-2.jpg'><img loading=\"lazy\" decoding=\"async\" width=\"280\" height=\"190\" src=\"http:\/\/muzej-djakovstine.hr\/wp-content\/uploads\/2016\/10\/muzej-djakovo-2-280x190.jpg\" class=\"attachment-thumbnail size-thumbnail\" alt=\"\" aria-describedby=\"gallery-1-4837\" \/><\/a>\n\t\t\t<\/dt>\n\t\t\t\t<dd class='wp-caption-text gallery-caption' id='gallery-1-4837'>\n\t\t\t\tDas heutige Geb\u00e4ude des Museums in der Ante Star\u010devi\u0107 Stra\u00dfe 34.\n\t\t\t\t<\/dd><\/dl><br style=\"clear: both\" \/>\n\t\t<\/div>\n\n","protected":false},"excerpt":{"rendered":"<p>Das Museum von Region \u0110akovo\u00a0wurde im Dezember 1951 gegr\u00fcndet. Zweij\u00e4hrige T\u00e4tigkeiten gingen dessen erfolgreichen Er\u00f6ffnung voran. Einige bewusste Einwohner von\u00a0\u0110akovo, die sich\u00a0dem Bed\u00fcrfnis zur Bewahrung dem Kulturerbe dieser Region bewusst wurden, leisteten ihren bedeutenden Beitrag dazu. Das erste Museum befand sich in einem Sezzessionsgeb\u00e4ude auf 208 Quadratmeter mit geringer Arbeitskraft. Trotz dieses ungeeigneten Raums wurde [&hellip;]<\/p>\n","protected":false},"author":1,"featured_media":0,"parent":0,"menu_order":0,"comment_status":"closed","ping_status":"closed","template":"","meta":{"_acf_changed":false,"_monsterinsights_skip_tracking":false,"_monsterinsights_sitenote_active":false,"_monsterinsights_sitenote_note":"","_monsterinsights_sitenote_category":0,"footnotes":""},"class_list":["post-8887","page","type-page","status-publish","hentry"],"acf":[],"yoast_head":"<!-- This site is optimized with the Yoast SEO plugin v27.4 - https:\/\/yoast.com\/product\/yoast-seo-wordpress\/ -->\n<title>Geschichte - Muzej \u0110akov\u0161tine<\/title>\n<meta name=\"description\" content=\"Das regionale Museum von \u0110akov\u0161tina wurde im Dezember 1951 gegr\u00fcndet. Zweij\u00e4hrige T\u00e4tigkeiten gingen dessen erflogreichen Er\u00f6ffnung voran.\" \/>\n<meta name=\"robots\" content=\"index, follow, max-snippet:-1, max-image-preview:large, max-video-preview:-1\" \/>\n<link rel=\"canonical\" href=\"http:\/\/muzej-djakovstine.hr\/de\/geschichte\/\" \/>\n<meta property=\"og:locale\" content=\"de_DE\" \/>\n<meta property=\"og:type\" content=\"article\" \/>\n<meta property=\"og:title\" content=\"Geschichte - Muzej \u0110akov\u0161tine\" \/>\n<meta property=\"og:description\" content=\"Das regionale Museum von \u0110akov\u0161tina wurde im Dezember 1951 gegr\u00fcndet. Zweij\u00e4hrige T\u00e4tigkeiten gingen dessen erflogreichen Er\u00f6ffnung voran.\" \/>\n<meta property=\"og:url\" content=\"http:\/\/muzej-djakovstine.hr\/de\/geschichte\/\" \/>\n<meta property=\"og:site_name\" content=\"Muzej \u0110akov\u0161tine\" \/>\n<meta property=\"article:publisher\" content=\"https:\/\/www.facebook.com\/muzej.djakovstine\/\" \/>\n<meta property=\"article:modified_time\" content=\"2024-08-07T11:58:10+00:00\" \/>\n<meta property=\"og:image\" content=\"http:\/\/muzej-djakovstine.hr\/wp-content\/uploads\/2016\/10\/muzej-djakovo-prvai-postav-280x190.jpg\" \/>\n<meta name=\"twitter:card\" content=\"summary_large_image\" \/>\n<meta name=\"twitter:label1\" content=\"Gesch\u00e4tzte Lesezeit\" \/>\n\t<meta name=\"twitter:data1\" content=\"3\u00a0Minuten\" \/>\n<script type=\"application\/ld+json\" class=\"yoast-schema-graph\">{\"@context\":\"https:\\\/\\\/schema.org\",\"@graph\":[{\"@type\":\"WebPage\",\"@id\":\"http:\\\/\\\/muzej-djakovstine.hr\\\/de\\\/geschichte\\\/\",\"url\":\"http:\\\/\\\/muzej-djakovstine.hr\\\/de\\\/geschichte\\\/\",\"name\":\"Geschichte - Muzej \u0110akov\u0161tine\",\"isPartOf\":{\"@id\":\"http:\\\/\\\/muzej-djakovstine.hr\\\/de\\\/#website\"},\"datePublished\":\"2016-10-18T16:03:24+00:00\",\"dateModified\":\"2024-08-07T11:58:10+00:00\",\"description\":\"Das regionale Museum von \u0110akov\u0161tina wurde im Dezember 1951 gegr\u00fcndet. Zweij\u00e4hrige T\u00e4tigkeiten gingen dessen erflogreichen Er\u00f6ffnung voran.\",\"breadcrumb\":{\"@id\":\"http:\\\/\\\/muzej-djakovstine.hr\\\/de\\\/geschichte\\\/#breadcrumb\"},\"inLanguage\":\"de\",\"potentialAction\":[{\"@type\":\"ReadAction\",\"target\":[\"http:\\\/\\\/muzej-djakovstine.hr\\\/de\\\/geschichte\\\/\"]}]},{\"@type\":\"BreadcrumbList\",\"@id\":\"http:\\\/\\\/muzej-djakovstine.hr\\\/de\\\/geschichte\\\/#breadcrumb\",\"itemListElement\":[{\"@type\":\"ListItem\",\"position\":1,\"name\":\"Po\u010detna stranica\",\"item\":\"http:\\\/\\\/muzej-djakovstine.hr\\\/de\\\/\"},{\"@type\":\"ListItem\",\"position\":2,\"name\":\"Geschichte\"}]},{\"@type\":\"WebSite\",\"@id\":\"http:\\\/\\\/muzej-djakovstine.hr\\\/de\\\/#website\",\"url\":\"http:\\\/\\\/muzej-djakovstine.hr\\\/de\\\/\",\"name\":\"Muzej \u0110akov\u0161tine\",\"description\":\"\",\"potentialAction\":[{\"@type\":\"SearchAction\",\"target\":{\"@type\":\"EntryPoint\",\"urlTemplate\":\"http:\\\/\\\/muzej-djakovstine.hr\\\/de\\\/?s={search_term_string}\"},\"query-input\":{\"@type\":\"PropertyValueSpecification\",\"valueRequired\":true,\"valueName\":\"search_term_string\"}}],\"inLanguage\":\"de\"}]}<\/script>\n<!-- \/ Yoast SEO plugin. -->","yoast_head_json":{"title":"Geschichte - Muzej \u0110akov\u0161tine","description":"Das regionale Museum von \u0110akov\u0161tina wurde im Dezember 1951 gegr\u00fcndet. Zweij\u00e4hrige T\u00e4tigkeiten gingen dessen erflogreichen Er\u00f6ffnung voran.","robots":{"index":"index","follow":"follow","max-snippet":"max-snippet:-1","max-image-preview":"max-image-preview:large","max-video-preview":"max-video-preview:-1"},"canonical":"http:\/\/muzej-djakovstine.hr\/de\/geschichte\/","og_locale":"de_DE","og_type":"article","og_title":"Geschichte - Muzej \u0110akov\u0161tine","og_description":"Das regionale Museum von \u0110akov\u0161tina wurde im Dezember 1951 gegr\u00fcndet. Zweij\u00e4hrige T\u00e4tigkeiten gingen dessen erflogreichen Er\u00f6ffnung voran.","og_url":"http:\/\/muzej-djakovstine.hr\/de\/geschichte\/","og_site_name":"Muzej \u0110akov\u0161tine","article_publisher":"https:\/\/www.facebook.com\/muzej.djakovstine\/","article_modified_time":"2024-08-07T11:58:10+00:00","og_image":[{"url":"http:\/\/muzej-djakovstine.hr\/wp-content\/uploads\/2016\/10\/muzej-djakovo-prvai-postav-280x190.jpg","type":"","width":"","height":""}],"twitter_card":"summary_large_image","twitter_misc":{"Gesch\u00e4tzte Lesezeit":"3\u00a0Minuten"},"schema":{"@context":"https:\/\/schema.org","@graph":[{"@type":"WebPage","@id":"http:\/\/muzej-djakovstine.hr\/de\/geschichte\/","url":"http:\/\/muzej-djakovstine.hr\/de\/geschichte\/","name":"Geschichte - Muzej \u0110akov\u0161tine","isPartOf":{"@id":"http:\/\/muzej-djakovstine.hr\/de\/#website"},"datePublished":"2016-10-18T16:03:24+00:00","dateModified":"2024-08-07T11:58:10+00:00","description":"Das regionale Museum von \u0110akov\u0161tina wurde im Dezember 1951 gegr\u00fcndet. Zweij\u00e4hrige T\u00e4tigkeiten gingen dessen erflogreichen Er\u00f6ffnung voran.","breadcrumb":{"@id":"http:\/\/muzej-djakovstine.hr\/de\/geschichte\/#breadcrumb"},"inLanguage":"de","potentialAction":[{"@type":"ReadAction","target":["http:\/\/muzej-djakovstine.hr\/de\/geschichte\/"]}]},{"@type":"BreadcrumbList","@id":"http:\/\/muzej-djakovstine.hr\/de\/geschichte\/#breadcrumb","itemListElement":[{"@type":"ListItem","position":1,"name":"Po\u010detna stranica","item":"http:\/\/muzej-djakovstine.hr\/de\/"},{"@type":"ListItem","position":2,"name":"Geschichte"}]},{"@type":"WebSite","@id":"http:\/\/muzej-djakovstine.hr\/de\/#website","url":"http:\/\/muzej-djakovstine.hr\/de\/","name":"Muzej \u0110akov\u0161tine","description":"","potentialAction":[{"@type":"SearchAction","target":{"@type":"EntryPoint","urlTemplate":"http:\/\/muzej-djakovstine.hr\/de\/?s={search_term_string}"},"query-input":{"@type":"PropertyValueSpecification","valueRequired":true,"valueName":"search_term_string"}}],"inLanguage":"de"}]}},"_links":{"self":[{"href":"http:\/\/muzej-djakovstine.hr\/de\/wp-json\/wp\/v2\/pages\/8887","targetHints":{"allow":["GET"]}}],"collection":[{"href":"http:\/\/muzej-djakovstine.hr\/de\/wp-json\/wp\/v2\/pages"}],"about":[{"href":"http:\/\/muzej-djakovstine.hr\/de\/wp-json\/wp\/v2\/types\/page"}],"author":[{"embeddable":true,"href":"http:\/\/muzej-djakovstine.hr\/de\/wp-json\/wp\/v2\/users\/1"}],"replies":[{"embeddable":true,"href":"http:\/\/muzej-djakovstine.hr\/de\/wp-json\/wp\/v2\/comments?post=8887"}],"version-history":[{"count":6,"href":"http:\/\/muzej-djakovstine.hr\/de\/wp-json\/wp\/v2\/pages\/8887\/revisions"}],"predecessor-version":[{"id":9463,"href":"http:\/\/muzej-djakovstine.hr\/de\/wp-json\/wp\/v2\/pages\/8887\/revisions\/9463"}],"wp:attachment":[{"href":"http:\/\/muzej-djakovstine.hr\/de\/wp-json\/wp\/v2\/media?parent=8887"}],"curies":[{"name":"wp","href":"https:\/\/api.w.org\/{rel}","templated":true}]}}