{"id":8904,"date":"2016-10-25T08:27:37","date_gmt":"2016-10-25T06:27:37","guid":{"rendered":"https:\/\/muzej-djakovstine.hr\/?page_id=8904"},"modified":"2024-08-06T14:06:11","modified_gmt":"2024-08-06T12:06:11","slug":"angestellte","status":"publish","type":"page","link":"http:\/\/muzej-djakovstine.hr\/de\/kontakte\/angestellte\/","title":{"rendered":"Angestellte"},"content":{"rendered":"<p><strong>Marina Bo\u017ei\u0107<\/strong>, prof. philol. croat. et phil., Leiterin<br \/>\nmbozic@muzej-djakovstine.hr<\/p>\n<p><strong>Jelena Boras<\/strong>, mag. archeol., Kuratorin der arch\u00e4ologischen Sammlung<br \/>\njboras@muzej-djakovstine.hr<\/p>\n<p><strong>Ivana Devi\u0107<\/strong>,\u00a0mag. ethnol. et anthrop et paed., Kuratorin der etnolographischen Sammlung<br \/>\nidevic@muzej-djakovstine.hr<\/p>\n<p><strong>Mateo Dragi\u010devi\u0107<\/strong>, mag. hist., Kurator der Kultur-historischen Sammlung<br \/>\nmdragicevic@muzej-djakovstine.hr<\/p>\n<p><strong>Andrea He\u0111i<\/strong>, mag. informatol., Leiterin der Bibliothek<br \/>\nahedji@muzej-djakovstine.hr<\/p>\n<p><strong>Vesna \u0110elagi\u0107<\/strong>, oec., Buchhalterin<br \/>\nvesna.djelagic@muzej-djakovstine.hr<\/p>\n<p><strong>Milan Duvnjak<\/strong>,\u00a0oec.,\u00a0Museumstechniker<\/p>\n<p><strong>Zdenka \u017deljeznik<\/strong>, Technische Hilfskraft<\/p>\n","protected":false},"excerpt":{"rendered":"<p>Marina Bo\u017ei\u0107, prof. philol. croat. et phil., Leiterin mbozic@muzej-djakovstine.hr Jelena Boras, mag. archeol., Kuratorin der arch\u00e4ologischen Sammlung jboras@muzej-djakovstine.hr Ivana Devi\u0107,\u00a0mag. ethnol. et anthrop et paed., Kuratorin der etnolographischen Sammlung idevic@muzej-djakovstine.hr Mateo Dragi\u010devi\u0107, mag. hist., Kurator der Kultur-historischen Sammlung mdragicevic@muzej-djakovstine.hr Andrea He\u0111i, mag. informatol., Leiterin der Bibliothek ahedji@muzej-djakovstine.hr Vesna \u0110elagi\u0107, oec., Buchhalterin vesna.djelagic@muzej-djakovstine.hr Milan Duvnjak,\u00a0oec.,\u00a0Museumstechniker Zdenka [&hellip;]<\/p>\n","protected":false},"author":1,"featured_media":0,"parent":8897,"menu_order":0,"comment_status":"closed","ping_status":"closed","template":"","meta":{"_acf_changed":false,"_monsterinsights_skip_tracking":false,"_monsterinsights_sitenote_active":false,"_monsterinsights_sitenote_note":"","_monsterinsights_sitenote_category":0,"footnotes":""},"class_list":["post-8904","page","type-page","status-publish","hentry"],"acf":[],"yoast_head":"<!-- This site is optimized with the Yoast SEO plugin v27.4 - https:\/\/yoast.com\/product\/yoast-seo-wordpress\/ -->\n<title>Angestellte - Muzej \u0110akov\u0161tine<\/title>\n<meta name=\"robots\" content=\"index, follow, max-snippet:-1, max-image-preview:large, max-video-preview:-1\" \/>\n<link rel=\"canonical\" href=\"http:\/\/muzej-djakovstine.hr\/de\/kontakte\/angestellte\/\" \/>\n<meta property=\"og:locale\" content=\"de_DE\" \/>\n<meta property=\"og:type\" content=\"article\" \/>\n<meta property=\"og:title\" content=\"Angestellte - Muzej \u0110akov\u0161tine\" \/>\n<meta property=\"og:description\" content=\"Marina Bo\u017ei\u0107, prof. philol. croat. et phil., Leiterin mbozic@muzej-djakovstine.hr Jelena Boras, mag. archeol., Kuratorin der arch\u00e4ologischen Sammlung jboras@muzej-djakovstine.hr Ivana Devi\u0107,\u00a0mag. ethnol. et anthrop et paed., Kuratorin der etnolographischen Sammlung idevic@muzej-djakovstine.hr Mateo Dragi\u010devi\u0107, mag. hist., Kurator der Kultur-historischen Sammlung mdragicevic@muzej-djakovstine.hr Andrea He\u0111i, mag. informatol., Leiterin der Bibliothek ahedji@muzej-djakovstine.hr Vesna \u0110elagi\u0107, oec., Buchhalterin vesna.djelagic@muzej-djakovstine.hr Milan Duvnjak,\u00a0oec.,\u00a0Museumstechniker Zdenka [&hellip;]\" \/>\n<meta property=\"og:url\" content=\"http:\/\/muzej-djakovstine.hr\/de\/kontakte\/angestellte\/\" \/>\n<meta property=\"og:site_name\" content=\"Muzej \u0110akov\u0161tine\" \/>\n<meta property=\"article:publisher\" content=\"https:\/\/www.facebook.com\/muzej.djakovstine\/\" \/>\n<meta property=\"article:modified_time\" content=\"2024-08-06T12:06:11+00:00\" \/>\n<meta property=\"og:image\" content=\"http:\/\/muzej-djakovstine.hr\/wp-content\/uploads\/2016\/10\/home-bg.jpg\" \/>\n<meta name=\"twitter:card\" content=\"summary_large_image\" \/>\n<meta name=\"twitter:label1\" content=\"Gesch\u00e4tzte Lesezeit\" \/>\n\t<meta name=\"twitter:data1\" content=\"1\u00a0Minute\" \/>\n<script type=\"application\/ld+json\" class=\"yoast-schema-graph\">{\"@context\":\"https:\\\/\\\/schema.org\",\"@graph\":[{\"@type\":\"WebPage\",\"@id\":\"http:\\\/\\\/muzej-djakovstine.hr\\\/de\\\/kontakte\\\/angestellte\\\/\",\"url\":\"http:\\\/\\\/muzej-djakovstine.hr\\\/de\\\/kontakte\\\/angestellte\\\/\",\"name\":\"Angestellte - Muzej \u0110akov\u0161tine\",\"isPartOf\":{\"@id\":\"http:\\\/\\\/muzej-djakovstine.hr\\\/de\\\/#website\"},\"datePublished\":\"2016-10-25T06:27:37+00:00\",\"dateModified\":\"2024-08-06T12:06:11+00:00\",\"breadcrumb\":{\"@id\":\"http:\\\/\\\/muzej-djakovstine.hr\\\/de\\\/kontakte\\\/angestellte\\\/#breadcrumb\"},\"inLanguage\":\"de\",\"potentialAction\":[{\"@type\":\"ReadAction\",\"target\":[\"http:\\\/\\\/muzej-djakovstine.hr\\\/de\\\/kontakte\\\/angestellte\\\/\"]}]},{\"@type\":\"BreadcrumbList\",\"@id\":\"http:\\\/\\\/muzej-djakovstine.hr\\\/de\\\/kontakte\\\/angestellte\\\/#breadcrumb\",\"itemListElement\":[{\"@type\":\"ListItem\",\"position\":1,\"name\":\"Po\u010detna stranica\",\"item\":\"http:\\\/\\\/muzej-djakovstine.hr\\\/de\\\/\"},{\"@type\":\"ListItem\",\"position\":2,\"name\":\"Kontakte\",\"item\":\"https:\\\/\\\/muzej-djakovstine.hr\\\/de\\\/kontakte\\\/\"},{\"@type\":\"ListItem\",\"position\":3,\"name\":\"Angestellte\"}]},{\"@type\":\"WebSite\",\"@id\":\"http:\\\/\\\/muzej-djakovstine.hr\\\/de\\\/#website\",\"url\":\"http:\\\/\\\/muzej-djakovstine.hr\\\/de\\\/\",\"name\":\"Muzej \u0110akov\u0161tine\",\"description\":\"\",\"potentialAction\":[{\"@type\":\"SearchAction\",\"target\":{\"@type\":\"EntryPoint\",\"urlTemplate\":\"http:\\\/\\\/muzej-djakovstine.hr\\\/de\\\/?s={search_term_string}\"},\"query-input\":{\"@type\":\"PropertyValueSpecification\",\"valueRequired\":true,\"valueName\":\"search_term_string\"}}],\"inLanguage\":\"de\"}]}<\/script>\n<!-- \/ Yoast SEO plugin. -->","yoast_head_json":{"title":"Angestellte - Muzej \u0110akov\u0161tine","robots":{"index":"index","follow":"follow","max-snippet":"max-snippet:-1","max-image-preview":"max-image-preview:large","max-video-preview":"max-video-preview:-1"},"canonical":"http:\/\/muzej-djakovstine.hr\/de\/kontakte\/angestellte\/","og_locale":"de_DE","og_type":"article","og_title":"Angestellte - Muzej \u0110akov\u0161tine","og_description":"Marina Bo\u017ei\u0107, prof. philol. croat. et phil., Leiterin mbozic@muzej-djakovstine.hr Jelena Boras, mag. archeol., Kuratorin der arch\u00e4ologischen Sammlung jboras@muzej-djakovstine.hr Ivana Devi\u0107,\u00a0mag. ethnol. et anthrop et paed., Kuratorin der etnolographischen Sammlung idevic@muzej-djakovstine.hr Mateo Dragi\u010devi\u0107, mag. hist., Kurator der Kultur-historischen Sammlung mdragicevic@muzej-djakovstine.hr Andrea He\u0111i, mag. informatol., Leiterin der Bibliothek ahedji@muzej-djakovstine.hr Vesna \u0110elagi\u0107, oec., Buchhalterin vesna.djelagic@muzej-djakovstine.hr Milan Duvnjak,\u00a0oec.,\u00a0Museumstechniker Zdenka [&hellip;]","og_url":"http:\/\/muzej-djakovstine.hr\/de\/kontakte\/angestellte\/","og_site_name":"Muzej \u0110akov\u0161tine","article_publisher":"https:\/\/www.facebook.com\/muzej.djakovstine\/","article_modified_time":"2024-08-06T12:06:11+00:00","og_image":[{"url":"http:\/\/muzej-djakovstine.hr\/wp-content\/uploads\/2016\/10\/home-bg.jpg","type":"","width":"","height":""}],"twitter_card":"summary_large_image","twitter_misc":{"Gesch\u00e4tzte Lesezeit":"1\u00a0Minute"},"schema":{"@context":"https:\/\/schema.org","@graph":[{"@type":"WebPage","@id":"http:\/\/muzej-djakovstine.hr\/de\/kontakte\/angestellte\/","url":"http:\/\/muzej-djakovstine.hr\/de\/kontakte\/angestellte\/","name":"Angestellte - Muzej \u0110akov\u0161tine","isPartOf":{"@id":"http:\/\/muzej-djakovstine.hr\/de\/#website"},"datePublished":"2016-10-25T06:27:37+00:00","dateModified":"2024-08-06T12:06:11+00:00","breadcrumb":{"@id":"http:\/\/muzej-djakovstine.hr\/de\/kontakte\/angestellte\/#breadcrumb"},"inLanguage":"de","potentialAction":[{"@type":"ReadAction","target":["http:\/\/muzej-djakovstine.hr\/de\/kontakte\/angestellte\/"]}]},{"@type":"BreadcrumbList","@id":"http:\/\/muzej-djakovstine.hr\/de\/kontakte\/angestellte\/#breadcrumb","itemListElement":[{"@type":"ListItem","position":1,"name":"Po\u010detna stranica","item":"http:\/\/muzej-djakovstine.hr\/de\/"},{"@type":"ListItem","position":2,"name":"Kontakte","item":"https:\/\/muzej-djakovstine.hr\/de\/kontakte\/"},{"@type":"ListItem","position":3,"name":"Angestellte"}]},{"@type":"WebSite","@id":"http:\/\/muzej-djakovstine.hr\/de\/#website","url":"http:\/\/muzej-djakovstine.hr\/de\/","name":"Muzej \u0110akov\u0161tine","description":"","potentialAction":[{"@type":"SearchAction","target":{"@type":"EntryPoint","urlTemplate":"http:\/\/muzej-djakovstine.hr\/de\/?s={search_term_string}"},"query-input":{"@type":"PropertyValueSpecification","valueRequired":true,"valueName":"search_term_string"}}],"inLanguage":"de"}]}},"_links":{"self":[{"href":"http:\/\/muzej-djakovstine.hr\/de\/wp-json\/wp\/v2\/pages\/8904","targetHints":{"allow":["GET"]}}],"collection":[{"href":"http:\/\/muzej-djakovstine.hr\/de\/wp-json\/wp\/v2\/pages"}],"about":[{"href":"http:\/\/muzej-djakovstine.hr\/de\/wp-json\/wp\/v2\/types\/page"}],"author":[{"embeddable":true,"href":"http:\/\/muzej-djakovstine.hr\/de\/wp-json\/wp\/v2\/users\/1"}],"replies":[{"embeddable":true,"href":"http:\/\/muzej-djakovstine.hr\/de\/wp-json\/wp\/v2\/comments?post=8904"}],"version-history":[{"count":3,"href":"http:\/\/muzej-djakovstine.hr\/de\/wp-json\/wp\/v2\/pages\/8904\/revisions"}],"predecessor-version":[{"id":9448,"href":"http:\/\/muzej-djakovstine.hr\/de\/wp-json\/wp\/v2\/pages\/8904\/revisions\/9448"}],"up":[{"embeddable":true,"href":"http:\/\/muzej-djakovstine.hr\/de\/wp-json\/wp\/v2\/pages\/8897"}],"wp:attachment":[{"href":"http:\/\/muzej-djakovstine.hr\/de\/wp-json\/wp\/v2\/media?parent=8904"}],"curies":[{"name":"wp","href":"https:\/\/api.w.org\/{rel}","templated":true}]}}