{"id":8955,"date":"2016-10-25T08:34:37","date_gmt":"2016-10-25T06:34:37","guid":{"rendered":"https:\/\/muzej-djakovstine.hr\/?page_id=8955"},"modified":"2024-08-07T14:18:04","modified_gmt":"2024-08-07T12:18:04","slug":"archeologische-sammlung","status":"publish","type":"page","link":"http:\/\/muzej-djakovstine.hr\/de\/sammlungen\/archeologische-sammlung\/","title":{"rendered":"Arch\u00e4ologische Sammlung"},"content":{"rendered":"<p>Diese Sammlung entstand durch Spenden, Rekognoszierung und sch\u00fctzende Ausgrabungen. Sie umfasst Gegenst\u00e4nde aus der Jungsteinzeit bis zum hohen Mittelalter, die von einem kontinuierlichen Leben auf diesem Gebiet durch 5000 Jahren zeugen. Auf der europ\u00e4ischen Ebene ist die antike Sammlung mit ihren einzigartigen fr\u00fchchristlichen Exponaten an interessantesten. F\u00fcr die kroatische Geschichte sind die Funde aus der mittelalterlichen Nekropole von\u00a0\u0110akovo\u00a0von\u00a0gro\u00dfer Bedeutung.<\/p>\n\n\t\t<style type=\"text\/css\">\n\t\t\t#gallery-1 {\n\t\t\t\tmargin: auto;\n\t\t\t}\n\t\t\t#gallery-1 .gallery-item {\n\t\t\t\tfloat: left;\n\t\t\t\tmargin-top: 10px;\n\t\t\t\ttext-align: center;\n\t\t\t\twidth: 33%;\n\t\t\t}\n\t\t\t#gallery-1 img {\n\t\t\t\tborder: 2px solid #cfcfcf;\n\t\t\t}\n\t\t\t#gallery-1 .gallery-caption {\n\t\t\t\tmargin-left: 0;\n\t\t\t}\n\t\t\t\/* see gallery_shortcode() in wp-includes\/media.php *\/\n\t\t<\/style>\n\t\t<div id='gallery-1' class='gallery galleryid-8955 gallery-columns-3 gallery-size-medium'><dl class='gallery-item'>\n\t\t\t<dt class='gallery-icon landscape'>\n\t\t\t\t<a href='http:\/\/muzej-djakovstine.hr\/wp-content\/uploads\/2016\/11\/Marin-Topic-Arheologija-31.10.07-3289.jpg'><img loading=\"lazy\" decoding=\"async\" width=\"300\" height=\"199\" src=\"http:\/\/muzej-djakovstine.hr\/wp-content\/uploads\/2016\/11\/Marin-Topic-Arheologija-31.10.07-3289-300x199.jpg\" class=\"attachment-medium size-medium\" alt=\"\" aria-describedby=\"gallery-1-5219\" srcset=\"http:\/\/muzej-djakovstine.hr\/wp-content\/uploads\/2016\/11\/Marin-Topic-Arheologija-31.10.07-3289-300x199.jpg 300w, http:\/\/muzej-djakovstine.hr\/wp-content\/uploads\/2016\/11\/Marin-Topic-Arheologija-31.10.07-3289-768x510.jpg 768w, http:\/\/muzej-djakovstine.hr\/wp-content\/uploads\/2016\/11\/Marin-Topic-Arheologija-31.10.07-3289.jpg 828w\" sizes=\"auto, (max-width: 300px) 100vw, 300px\" \/><\/a>\n\t\t\t<\/dt>\n\t\t\t\t<dd class='wp-caption-text gallery-caption' id='gallery-1-5219'>\n\t\t\t\tDreieckiges Tympanon der Gruft stellt zwei Pfaue und Christogramme dar(zweite H\u00e4lfte des 4. Jh.)\n\t\t\t\t<\/dd><\/dl><dl class='gallery-item'>\n\t\t\t<dt class='gallery-icon landscape'>\n\t\t\t\t<a href='http:\/\/muzej-djakovstine.hr\/wp-content\/uploads\/2016\/11\/Marin_Topic_-_Arheologija_-_31.10.07-3158.jpg'><img loading=\"lazy\" decoding=\"async\" width=\"300\" height=\"199\" src=\"http:\/\/muzej-djakovstine.hr\/wp-content\/uploads\/2016\/11\/Marin_Topic_-_Arheologija_-_31.10.07-3158-300x199.jpg\" class=\"attachment-medium size-medium\" alt=\"\" aria-describedby=\"gallery-1-5217\" srcset=\"http:\/\/muzej-djakovstine.hr\/wp-content\/uploads\/2016\/11\/Marin_Topic_-_Arheologija_-_31.10.07-3158-300x199.jpg 300w, http:\/\/muzej-djakovstine.hr\/wp-content\/uploads\/2016\/11\/Marin_Topic_-_Arheologija_-_31.10.07-3158-768x510.jpg 768w, http:\/\/muzej-djakovstine.hr\/wp-content\/uploads\/2016\/11\/Marin_Topic_-_Arheologija_-_31.10.07-3158.jpg 828w\" sizes=\"auto, (max-width: 300px) 100vw, 300px\" \/><\/a>\n\t\t\t<\/dt>\n\t\t\t\t<dd class='wp-caption-text gallery-caption' id='gallery-1-5217'>\n\t\t\t\tEin Fragment der Inschrift auf der Certissia erw\u00e4hnt wurde(zweite H\u00e4lfte des 4. Jh.)\n\t\t\t\t<\/dd><\/dl><dl class='gallery-item'>\n\t\t\t<dt class='gallery-icon landscape'>\n\t\t\t\t<a href='http:\/\/muzej-djakovstine.hr\/wp-content\/uploads\/2016\/10\/Marin-Topic-Arheologija-31.10.07-3147-AAAA.jpg'><img loading=\"lazy\" decoding=\"async\" width=\"300\" height=\"199\" src=\"http:\/\/muzej-djakovstine.hr\/wp-content\/uploads\/2016\/10\/Marin-Topic-Arheologija-31.10.07-3147-AAAA-300x199.jpg\" class=\"attachment-medium size-medium\" alt=\"\" aria-describedby=\"gallery-1-5225\" srcset=\"http:\/\/muzej-djakovstine.hr\/wp-content\/uploads\/2016\/10\/Marin-Topic-Arheologija-31.10.07-3147-AAAA-300x199.jpg 300w, http:\/\/muzej-djakovstine.hr\/wp-content\/uploads\/2016\/10\/Marin-Topic-Arheologija-31.10.07-3147-AAAA-768x510.jpg 768w, http:\/\/muzej-djakovstine.hr\/wp-content\/uploads\/2016\/10\/Marin-Topic-Arheologija-31.10.07-3147-AAAA.jpg 828w\" sizes=\"auto, (max-width: 300px) 100vw, 300px\" \/><\/a>\n\t\t\t<\/dt>\n\t\t\t\t<dd class='wp-caption-text gallery-caption' id='gallery-1-5225'>\n\t\t\t\tEin Fragment der Boden einer flachen Sch\u00fcssel mit eingelegten Goldfolie, mit der Aufschrift \u201eFlorentes\u201c- \u201eBl\u00fchend\u201c (zweite H\u00e4lfte des 4. Jh.) \n\t\t\t\t<\/dd><\/dl><br style=\"clear: both\" \/><dl class='gallery-item'>\n\t\t\t<dt class='gallery-icon landscape'>\n\t\t\t\t<a href='http:\/\/muzej-djakovstine.hr\/wp-content\/uploads\/2016\/11\/Marin-Topic-Arheologija-31.10.07-3152.jpg'><img loading=\"lazy\" decoding=\"async\" width=\"300\" height=\"199\" src=\"http:\/\/muzej-djakovstine.hr\/wp-content\/uploads\/2016\/11\/Marin-Topic-Arheologija-31.10.07-3152-300x199.jpg\" class=\"attachment-medium size-medium\" alt=\"\" aria-describedby=\"gallery-1-5215\" srcset=\"http:\/\/muzej-djakovstine.hr\/wp-content\/uploads\/2016\/11\/Marin-Topic-Arheologija-31.10.07-3152-300x199.jpg 300w, http:\/\/muzej-djakovstine.hr\/wp-content\/uploads\/2016\/11\/Marin-Topic-Arheologija-31.10.07-3152-768x510.jpg 768w, http:\/\/muzej-djakovstine.hr\/wp-content\/uploads\/2016\/11\/Marin-Topic-Arheologija-31.10.07-3152.jpg 828w\" sizes=\"auto, (max-width: 300px) 100vw, 300px\" \/><\/a>\n\t\t\t<\/dt>\n\t\t\t\t<dd class='wp-caption-text gallery-caption' id='gallery-1-5215'>\n\t\t\t\tZweischichtiger vergoldeter Glasboden, der eine vierk\u00f6pfige Familie mit der Inschrift  \u201cVivatis felicis in Deo\u201d- \u201eLeben Sie gl\u00fccklich in Gott\u201c darstellt (zweite H\u00e4lfte des 4. Jh.)\n\t\t\t\t<\/dd><\/dl><dl class='gallery-item'>\n\t\t\t<dt class='gallery-icon landscape'>\n\t\t\t\t<a href='http:\/\/muzej-djakovstine.hr\/wp-content\/uploads\/2016\/11\/Marin-Topic-Arheologija-arheoloski-17-10-07-1966.jpg'><img loading=\"lazy\" decoding=\"async\" width=\"300\" height=\"199\" src=\"http:\/\/muzej-djakovstine.hr\/wp-content\/uploads\/2016\/11\/Marin-Topic-Arheologija-arheoloski-17-10-07-1966-300x199.jpg\" class=\"attachment-medium size-medium\" alt=\"\" aria-describedby=\"gallery-1-5221\" srcset=\"http:\/\/muzej-djakovstine.hr\/wp-content\/uploads\/2016\/11\/Marin-Topic-Arheologija-arheoloski-17-10-07-1966-300x199.jpg 300w, http:\/\/muzej-djakovstine.hr\/wp-content\/uploads\/2016\/11\/Marin-Topic-Arheologija-arheoloski-17-10-07-1966-768x510.jpg 768w, http:\/\/muzej-djakovstine.hr\/wp-content\/uploads\/2016\/11\/Marin-Topic-Arheologija-arheoloski-17-10-07-1966.jpg 828w\" sizes=\"auto, (max-width: 300px) 100vw, 300px\" \/><\/a>\n\t\t\t<\/dt>\n\t\t\t\t<dd class='wp-caption-text gallery-caption' id='gallery-1-5221'>\n\t\t\t\tInventar des Grabes 229 vom Fundort \u0110akovo \u2013 Pfarrkirche (12.-13. Jh.)\n\t\t\t\t<\/dd><\/dl><dl class='gallery-item'>\n\t\t\t<dt class='gallery-icon landscape'>\n\t\t\t\t<a href='http:\/\/muzej-djakovstine.hr\/wp-content\/uploads\/2016\/11\/Marin-Topic-Arheologija-arheoloski-17-10-07-1965.jpg'><img loading=\"lazy\" decoding=\"async\" width=\"300\" height=\"199\" src=\"http:\/\/muzej-djakovstine.hr\/wp-content\/uploads\/2016\/11\/Marin-Topic-Arheologija-arheoloski-17-10-07-1965-300x199.jpg\" class=\"attachment-medium size-medium\" alt=\"\" aria-describedby=\"gallery-1-5223\" srcset=\"http:\/\/muzej-djakovstine.hr\/wp-content\/uploads\/2016\/11\/Marin-Topic-Arheologija-arheoloski-17-10-07-1965-300x199.jpg 300w, http:\/\/muzej-djakovstine.hr\/wp-content\/uploads\/2016\/11\/Marin-Topic-Arheologija-arheoloski-17-10-07-1965-768x510.jpg 768w, http:\/\/muzej-djakovstine.hr\/wp-content\/uploads\/2016\/11\/Marin-Topic-Arheologija-arheoloski-17-10-07-1965.jpg 828w\" sizes=\"auto, (max-width: 300px) 100vw, 300px\" \/><\/a>\n\t\t\t<\/dt>\n\t\t\t\t<dd class='wp-caption-text gallery-caption' id='gallery-1-5223'>\n\t\t\t\tSilberring mit einem T\u00e4felchen im Form achteckiges Sterns vom Fundort \u0110akovo- Pfarrkirche (12.-13. Jh.)\n\t\t\t\t<\/dd><\/dl><br style=\"clear: both\" \/>\n\t\t<\/div>\n\n","protected":false},"excerpt":{"rendered":"<p>Diese Sammlung entstand durch Spenden, Rekognoszierung und sch\u00fctzende Ausgrabungen. Sie umfasst Gegenst\u00e4nde aus der Jungsteinzeit bis zum hohen Mittelalter, die von einem kontinuierlichen Leben auf diesem Gebiet durch 5000 Jahren zeugen. Auf der europ\u00e4ischen Ebene ist die antike Sammlung mit ihren einzigartigen fr\u00fchchristlichen Exponaten an interessantesten. F\u00fcr die kroatische Geschichte sind die Funde aus der [&hellip;]<\/p>\n","protected":false},"author":1,"featured_media":0,"parent":8935,"menu_order":0,"comment_status":"closed","ping_status":"closed","template":"","meta":{"_acf_changed":false,"_monsterinsights_skip_tracking":false,"_monsterinsights_sitenote_active":false,"_monsterinsights_sitenote_note":"","_monsterinsights_sitenote_category":0,"footnotes":""},"class_list":["post-8955","page","type-page","status-publish","hentry"],"acf":[],"yoast_head":"<!-- This site is optimized with the Yoast SEO plugin v27.4 - https:\/\/yoast.com\/product\/yoast-seo-wordpress\/ -->\n<title>Arch\u00e4ologische Sammlung - Muzej \u0110akov\u0161tine<\/title>\n<meta name=\"robots\" content=\"index, follow, max-snippet:-1, max-image-preview:large, max-video-preview:-1\" \/>\n<link rel=\"canonical\" href=\"http:\/\/muzej-djakovstine.hr\/de\/sammlungen\/archeologische-sammlung\/\" \/>\n<meta property=\"og:locale\" content=\"de_DE\" \/>\n<meta property=\"og:type\" content=\"article\" \/>\n<meta property=\"og:title\" content=\"Arch\u00e4ologische Sammlung - Muzej \u0110akov\u0161tine\" \/>\n<meta property=\"og:description\" content=\"Diese Sammlung entstand durch Spenden, Rekognoszierung und sch\u00fctzende Ausgrabungen. Sie umfasst Gegenst\u00e4nde aus der Jungsteinzeit bis zum hohen Mittelalter, die von einem kontinuierlichen Leben auf diesem Gebiet durch 5000 Jahren zeugen. Auf der europ\u00e4ischen Ebene ist die antike Sammlung mit ihren einzigartigen fr\u00fchchristlichen Exponaten an interessantesten. F\u00fcr die kroatische Geschichte sind die Funde aus der [&hellip;]\" \/>\n<meta property=\"og:url\" content=\"http:\/\/muzej-djakovstine.hr\/de\/sammlungen\/archeologische-sammlung\/\" \/>\n<meta property=\"og:site_name\" content=\"Muzej \u0110akov\u0161tine\" \/>\n<meta property=\"article:publisher\" content=\"https:\/\/www.facebook.com\/muzej.djakovstine\/\" \/>\n<meta property=\"article:modified_time\" content=\"2024-08-07T12:18:04+00:00\" \/>\n<meta property=\"og:image\" content=\"https:\/\/muzej-djakovstine.hr\/wp-content\/uploads\/2016\/11\/Marin-Topic-Arheologija-31.10.07-3289-300x199.jpg\" \/>\n<meta name=\"twitter:card\" content=\"summary_large_image\" \/>\n<meta name=\"twitter:label1\" content=\"Gesch\u00e4tzte Lesezeit\" \/>\n\t<meta name=\"twitter:data1\" content=\"1\u00a0Minute\" \/>\n<script type=\"application\/ld+json\" class=\"yoast-schema-graph\">{\"@context\":\"https:\\\/\\\/schema.org\",\"@graph\":[{\"@type\":\"WebPage\",\"@id\":\"http:\\\/\\\/muzej-djakovstine.hr\\\/de\\\/sammlungen\\\/archeologische-sammlung\\\/\",\"url\":\"http:\\\/\\\/muzej-djakovstine.hr\\\/de\\\/sammlungen\\\/archeologische-sammlung\\\/\",\"name\":\"Arch\u00e4ologische Sammlung - Muzej \u0110akov\u0161tine\",\"isPartOf\":{\"@id\":\"http:\\\/\\\/muzej-djakovstine.hr\\\/de\\\/#website\"},\"datePublished\":\"2016-10-25T06:34:37+00:00\",\"dateModified\":\"2024-08-07T12:18:04+00:00\",\"breadcrumb\":{\"@id\":\"http:\\\/\\\/muzej-djakovstine.hr\\\/de\\\/sammlungen\\\/archeologische-sammlung\\\/#breadcrumb\"},\"inLanguage\":\"de\",\"potentialAction\":[{\"@type\":\"ReadAction\",\"target\":[\"http:\\\/\\\/muzej-djakovstine.hr\\\/de\\\/sammlungen\\\/archeologische-sammlung\\\/\"]}]},{\"@type\":\"BreadcrumbList\",\"@id\":\"http:\\\/\\\/muzej-djakovstine.hr\\\/de\\\/sammlungen\\\/archeologische-sammlung\\\/#breadcrumb\",\"itemListElement\":[{\"@type\":\"ListItem\",\"position\":1,\"name\":\"Po\u010detna stranica\",\"item\":\"http:\\\/\\\/muzej-djakovstine.hr\\\/de\\\/\"},{\"@type\":\"ListItem\",\"position\":2,\"name\":\"Sammlungen\",\"item\":\"https:\\\/\\\/muzej-djakovstine.hr\\\/de\\\/sammlungen\\\/\"},{\"@type\":\"ListItem\",\"position\":3,\"name\":\"Arch\u00e4ologische Sammlung\"}]},{\"@type\":\"WebSite\",\"@id\":\"http:\\\/\\\/muzej-djakovstine.hr\\\/de\\\/#website\",\"url\":\"http:\\\/\\\/muzej-djakovstine.hr\\\/de\\\/\",\"name\":\"Muzej \u0110akov\u0161tine\",\"description\":\"\",\"potentialAction\":[{\"@type\":\"SearchAction\",\"target\":{\"@type\":\"EntryPoint\",\"urlTemplate\":\"http:\\\/\\\/muzej-djakovstine.hr\\\/de\\\/?s={search_term_string}\"},\"query-input\":{\"@type\":\"PropertyValueSpecification\",\"valueRequired\":true,\"valueName\":\"search_term_string\"}}],\"inLanguage\":\"de\"}]}<\/script>\n<!-- \/ Yoast SEO plugin. -->","yoast_head_json":{"title":"Arch\u00e4ologische Sammlung - Muzej \u0110akov\u0161tine","robots":{"index":"index","follow":"follow","max-snippet":"max-snippet:-1","max-image-preview":"max-image-preview:large","max-video-preview":"max-video-preview:-1"},"canonical":"http:\/\/muzej-djakovstine.hr\/de\/sammlungen\/archeologische-sammlung\/","og_locale":"de_DE","og_type":"article","og_title":"Arch\u00e4ologische Sammlung - Muzej \u0110akov\u0161tine","og_description":"Diese Sammlung entstand durch Spenden, Rekognoszierung und sch\u00fctzende Ausgrabungen. Sie umfasst Gegenst\u00e4nde aus der Jungsteinzeit bis zum hohen Mittelalter, die von einem kontinuierlichen Leben auf diesem Gebiet durch 5000 Jahren zeugen. Auf der europ\u00e4ischen Ebene ist die antike Sammlung mit ihren einzigartigen fr\u00fchchristlichen Exponaten an interessantesten. F\u00fcr die kroatische Geschichte sind die Funde aus der [&hellip;]","og_url":"http:\/\/muzej-djakovstine.hr\/de\/sammlungen\/archeologische-sammlung\/","og_site_name":"Muzej \u0110akov\u0161tine","article_publisher":"https:\/\/www.facebook.com\/muzej.djakovstine\/","article_modified_time":"2024-08-07T12:18:04+00:00","og_image":[{"url":"https:\/\/muzej-djakovstine.hr\/wp-content\/uploads\/2016\/11\/Marin-Topic-Arheologija-31.10.07-3289-300x199.jpg","type":"","width":"","height":""}],"twitter_card":"summary_large_image","twitter_misc":{"Gesch\u00e4tzte Lesezeit":"1\u00a0Minute"},"schema":{"@context":"https:\/\/schema.org","@graph":[{"@type":"WebPage","@id":"http:\/\/muzej-djakovstine.hr\/de\/sammlungen\/archeologische-sammlung\/","url":"http:\/\/muzej-djakovstine.hr\/de\/sammlungen\/archeologische-sammlung\/","name":"Arch\u00e4ologische Sammlung - Muzej \u0110akov\u0161tine","isPartOf":{"@id":"http:\/\/muzej-djakovstine.hr\/de\/#website"},"datePublished":"2016-10-25T06:34:37+00:00","dateModified":"2024-08-07T12:18:04+00:00","breadcrumb":{"@id":"http:\/\/muzej-djakovstine.hr\/de\/sammlungen\/archeologische-sammlung\/#breadcrumb"},"inLanguage":"de","potentialAction":[{"@type":"ReadAction","target":["http:\/\/muzej-djakovstine.hr\/de\/sammlungen\/archeologische-sammlung\/"]}]},{"@type":"BreadcrumbList","@id":"http:\/\/muzej-djakovstine.hr\/de\/sammlungen\/archeologische-sammlung\/#breadcrumb","itemListElement":[{"@type":"ListItem","position":1,"name":"Po\u010detna stranica","item":"http:\/\/muzej-djakovstine.hr\/de\/"},{"@type":"ListItem","position":2,"name":"Sammlungen","item":"https:\/\/muzej-djakovstine.hr\/de\/sammlungen\/"},{"@type":"ListItem","position":3,"name":"Arch\u00e4ologische Sammlung"}]},{"@type":"WebSite","@id":"http:\/\/muzej-djakovstine.hr\/de\/#website","url":"http:\/\/muzej-djakovstine.hr\/de\/","name":"Muzej \u0110akov\u0161tine","description":"","potentialAction":[{"@type":"SearchAction","target":{"@type":"EntryPoint","urlTemplate":"http:\/\/muzej-djakovstine.hr\/de\/?s={search_term_string}"},"query-input":{"@type":"PropertyValueSpecification","valueRequired":true,"valueName":"search_term_string"}}],"inLanguage":"de"}]}},"_links":{"self":[{"href":"http:\/\/muzej-djakovstine.hr\/de\/wp-json\/wp\/v2\/pages\/8955","targetHints":{"allow":["GET"]}}],"collection":[{"href":"http:\/\/muzej-djakovstine.hr\/de\/wp-json\/wp\/v2\/pages"}],"about":[{"href":"http:\/\/muzej-djakovstine.hr\/de\/wp-json\/wp\/v2\/types\/page"}],"author":[{"embeddable":true,"href":"http:\/\/muzej-djakovstine.hr\/de\/wp-json\/wp\/v2\/users\/1"}],"replies":[{"embeddable":true,"href":"http:\/\/muzej-djakovstine.hr\/de\/wp-json\/wp\/v2\/comments?post=8955"}],"version-history":[{"count":7,"href":"http:\/\/muzej-djakovstine.hr\/de\/wp-json\/wp\/v2\/pages\/8955\/revisions"}],"predecessor-version":[{"id":9467,"href":"http:\/\/muzej-djakovstine.hr\/de\/wp-json\/wp\/v2\/pages\/8955\/revisions\/9467"}],"up":[{"embeddable":true,"href":"http:\/\/muzej-djakovstine.hr\/de\/wp-json\/wp\/v2\/pages\/8935"}],"wp:attachment":[{"href":"http:\/\/muzej-djakovstine.hr\/de\/wp-json\/wp\/v2\/media?parent=8955"}],"curies":[{"name":"wp","href":"https:\/\/api.w.org\/{rel}","templated":true}]}}