{"id":8963,"date":"2016-10-25T08:35:08","date_gmt":"2016-10-25T06:35:08","guid":{"rendered":"https:\/\/muzej-djakovstine.hr\/?page_id=8963"},"modified":"2024-08-07T14:22:16","modified_gmt":"2024-08-07T12:22:16","slug":"kultur-historische-sammlung","status":"publish","type":"page","link":"http:\/\/muzej-djakovstine.hr\/de\/sammlungen\/kultur-historische-sammlung\/","title":{"rendered":"Kultur-historische Sammlung"},"content":{"rendered":"<p>Diese Sammlung datiert seit der Gr\u00fcndung des Museums so auch die Mehrheit anderer Sammlungen. Sie entstand durch Spenden,\u00a0abkauf\u00a0und als Transfer aus gleichartigen Institutionen der Stadt\u00a0\u0110akovo, und wird auch weiterhin auf dieselbe Weise erweitert. Heute befinden sich in dieser Sammlung materielle \u00dcberreste, die \u00fcber die Entwicklung der Stadt und deren Umgebung bis zum 20. Jahrhundert zeugen. Leider sind das Mittelalter und die osmanische Zeit durch geringe gelegentliche Exponate vertreten. Die Anzahl der Exponate w\u00e4chst mit dem nachkommenden Jahrhundert. Der bedeutendste Teil der Sammlung stammt aus der zweiten H\u00e4lfte des 19. und des 20. Jahrhunderts, als sich\u00a0\u0110akovo\u00a0zu einem Handelszentrum entwickelte. Diese Sammlung umfasst: Waffen, hinterlassene Ausr\u00fcstung der lokalen Kulturbunde und Sportvereine, Stilschmuck,\u00a0Plakate, Zertifikate, Flaggen, Zunftladen, Stempel, u. \u00e4 (Bilder: eine Flagge, eine Zunftlade und ein Plakat des\u00a0Sokol-Bundes).<\/p>\n\n\t\t<style type=\"text\/css\">\n\t\t\t#gallery-1 {\n\t\t\t\tmargin: auto;\n\t\t\t}\n\t\t\t#gallery-1 .gallery-item {\n\t\t\t\tfloat: left;\n\t\t\t\tmargin-top: 10px;\n\t\t\t\ttext-align: center;\n\t\t\t\twidth: 33%;\n\t\t\t}\n\t\t\t#gallery-1 img {\n\t\t\t\tborder: 2px solid #cfcfcf;\n\t\t\t}\n\t\t\t#gallery-1 .gallery-caption {\n\t\t\t\tmargin-left: 0;\n\t\t\t}\n\t\t\t\/* see gallery_shortcode() in wp-includes\/media.php *\/\n\t\t<\/style>\n\t\t<div id='gallery-1' class='gallery galleryid-8963 gallery-columns-3 gallery-size-medium'><dl class='gallery-item'>\n\t\t\t<dt class='gallery-icon landscape'>\n\t\t\t\t<a href='http:\/\/muzej-djakovstine.hr\/wp-content\/uploads\/2016\/10\/1Tekst-napisan-u-\u0110akovu-8.-svibnja-1252.-godine.jpg'><img loading=\"lazy\" decoding=\"async\" width=\"300\" height=\"168\" src=\"http:\/\/muzej-djakovstine.hr\/wp-content\/uploads\/2016\/10\/1Tekst-napisan-u-\u0110akovu-8.-svibnja-1252.-godine-300x168.jpg\" class=\"attachment-medium size-medium\" alt=\"\" aria-describedby=\"gallery-1-5253\" srcset=\"http:\/\/muzej-djakovstine.hr\/wp-content\/uploads\/2016\/10\/1Tekst-napisan-u-\u0110akovu-8.-svibnja-1252.-godine-300x168.jpg 300w, http:\/\/muzej-djakovstine.hr\/wp-content\/uploads\/2016\/10\/1Tekst-napisan-u-\u0110akovu-8.-svibnja-1252.-godine-768x429.jpg 768w, http:\/\/muzej-djakovstine.hr\/wp-content\/uploads\/2016\/10\/1Tekst-napisan-u-\u0110akovu-8.-svibnja-1252.-godine-1024x573.jpg 1024w\" sizes=\"auto, (max-width: 300px) 100vw, 300px\" \/><\/a>\n\t\t\t<\/dt>\n\t\t\t\t<dd class='wp-caption-text gallery-caption' id='gallery-1-5253'>\n\t\t\t\tText in \u0110akovo am 8. Mai 1252 geschrieben\n\t\t\t\t<\/dd><\/dl><dl class='gallery-item'>\n\t\t\t<dt class='gallery-icon landscape'>\n\t\t\t\t<a href='http:\/\/muzej-djakovstine.hr\/wp-content\/uploads\/2016\/11\/zastava19.st_.jpg'><img loading=\"lazy\" decoding=\"async\" width=\"300\" height=\"197\" src=\"http:\/\/muzej-djakovstine.hr\/wp-content\/uploads\/2016\/11\/zastava19.st_-300x197.jpg\" class=\"attachment-medium size-medium\" alt=\"\" aria-describedby=\"gallery-1-5271\" srcset=\"http:\/\/muzej-djakovstine.hr\/wp-content\/uploads\/2016\/11\/zastava19.st_-300x197.jpg 300w, http:\/\/muzej-djakovstine.hr\/wp-content\/uploads\/2016\/11\/zastava19.st_-768x504.jpg 768w, http:\/\/muzej-djakovstine.hr\/wp-content\/uploads\/2016\/11\/zastava19.st_-1024x673.jpg 1024w\" sizes=\"auto, (max-width: 300px) 100vw, 300px\" \/><\/a>\n\t\t\t<\/dt>\n\t\t\t\t<dd class='wp-caption-text gallery-caption' id='gallery-1-5271'>\n\t\t\t\tDie Fahne aus dem 19. Jahrhundert\n\t\t\t\t<\/dd><\/dl><dl class='gallery-item'>\n\t\t\t<dt class='gallery-icon portrait'>\n\t\t\t\t<a href='http:\/\/muzej-djakovstine.hr\/wp-content\/uploads\/2016\/11\/cehovska-ladica.jpg'><img loading=\"lazy\" decoding=\"async\" width=\"232\" height=\"300\" src=\"http:\/\/muzej-djakovstine.hr\/wp-content\/uploads\/2016\/11\/cehovska-ladica-232x300.jpg\" class=\"attachment-medium size-medium\" alt=\"\" aria-describedby=\"gallery-1-5269\" srcset=\"http:\/\/muzej-djakovstine.hr\/wp-content\/uploads\/2016\/11\/cehovska-ladica-232x300.jpg 232w, http:\/\/muzej-djakovstine.hr\/wp-content\/uploads\/2016\/11\/cehovska-ladica-768x992.jpg 768w, http:\/\/muzej-djakovstine.hr\/wp-content\/uploads\/2016\/11\/cehovska-ladica-793x1024.jpg 793w\" sizes=\"auto, (max-width: 232px) 100vw, 232px\" \/><\/a>\n\t\t\t<\/dt>\n\t\t\t\t<dd class='wp-caption-text gallery-caption' id='gallery-1-5269'>\n\t\t\t\tZunftruhe\n\t\t\t\t<\/dd><\/dl><br style=\"clear: both\" \/><dl class='gallery-item'>\n\t\t\t<dt class='gallery-icon portrait'>\n\t\t\t\t<a href='http:\/\/muzej-djakovstine.hr\/wp-content\/uploads\/2016\/10\/Lampa1.jpg'><img loading=\"lazy\" decoding=\"async\" width=\"200\" height=\"300\" src=\"http:\/\/muzej-djakovstine.hr\/wp-content\/uploads\/2016\/10\/Lampa1-200x300.jpg\" class=\"attachment-medium size-medium\" alt=\"\" aria-describedby=\"gallery-1-5251\" srcset=\"http:\/\/muzej-djakovstine.hr\/wp-content\/uploads\/2016\/10\/Lampa1-200x300.jpg 200w, http:\/\/muzej-djakovstine.hr\/wp-content\/uploads\/2016\/10\/Lampa1-768x1154.jpg 768w, http:\/\/muzej-djakovstine.hr\/wp-content\/uploads\/2016\/10\/Lampa1-681x1024.jpg 681w\" sizes=\"auto, (max-width: 200px) 100vw, 200px\" \/><\/a>\n\t\t\t<\/dt>\n\t\t\t\t<dd class='wp-caption-text gallery-caption' id='gallery-1-5251'>\n\t\t\t\tEine Lampe aus dem b\u00fcrgerlichen Salon\n\t\t\t\t<\/dd><\/dl><dl class='gallery-item'>\n\t\t\t<dt class='gallery-icon portrait'>\n\t\t\t\t<a href='http:\/\/muzej-djakovstine.hr\/wp-content\/uploads\/2016\/10\/Maketa-katedrale-Ljudevita-Horvata1.jpg'><img loading=\"lazy\" decoding=\"async\" width=\"252\" height=\"300\" src=\"http:\/\/muzej-djakovstine.hr\/wp-content\/uploads\/2016\/10\/Maketa-katedrale-Ljudevita-Horvata1-252x300.jpg\" class=\"attachment-medium size-medium\" alt=\"\" aria-describedby=\"gallery-1-5249\" srcset=\"http:\/\/muzej-djakovstine.hr\/wp-content\/uploads\/2016\/10\/Maketa-katedrale-Ljudevita-Horvata1-252x300.jpg 252w, http:\/\/muzej-djakovstine.hr\/wp-content\/uploads\/2016\/10\/Maketa-katedrale-Ljudevita-Horvata1-768x915.jpg 768w, http:\/\/muzej-djakovstine.hr\/wp-content\/uploads\/2016\/10\/Maketa-katedrale-Ljudevita-Horvata1-860x1024.jpg 860w, http:\/\/muzej-djakovstine.hr\/wp-content\/uploads\/2016\/10\/Maketa-katedrale-Ljudevita-Horvata1.jpg 1386w\" sizes=\"auto, (max-width: 252px) 100vw, 252px\" \/><\/a>\n\t\t\t<\/dt>\n\t\t\t\t<dd class='wp-caption-text gallery-caption' id='gallery-1-5249'>\n\t\t\t\tEin Modell des Doms in \u0110akovo, Autor: Ljudevit Horvat\n\t\t\t\t<\/dd><\/dl><dl class='gallery-item'>\n\t\t\t<dt class='gallery-icon portrait'>\n\t\t\t\t<a href='http:\/\/muzej-djakovstine.hr\/wp-content\/uploads\/2016\/11\/akademija-hrv-sokola.jpg'><img loading=\"lazy\" decoding=\"async\" width=\"209\" height=\"300\" src=\"http:\/\/muzej-djakovstine.hr\/wp-content\/uploads\/2016\/11\/akademija-hrv-sokola-209x300.jpg\" class=\"attachment-medium size-medium\" alt=\"\" aria-describedby=\"gallery-1-5267\" srcset=\"http:\/\/muzej-djakovstine.hr\/wp-content\/uploads\/2016\/11\/akademija-hrv-sokola-209x300.jpg 209w, http:\/\/muzej-djakovstine.hr\/wp-content\/uploads\/2016\/11\/akademija-hrv-sokola-768x1104.jpg 768w, http:\/\/muzej-djakovstine.hr\/wp-content\/uploads\/2016\/11\/akademija-hrv-sokola-712x1024.jpg 712w, http:\/\/muzej-djakovstine.hr\/wp-content\/uploads\/2016\/11\/akademija-hrv-sokola.jpg 1852w\" sizes=\"auto, (max-width: 209px) 100vw, 209px\" \/><\/a>\n\t\t\t<\/dt>\n\t\t\t\t<dd class='wp-caption-text gallery-caption' id='gallery-1-5267'>\n\t\t\t\tPlakat f\u00fcr die feierliche Zeremonie vom Verein Kroatischer Sokol \n\t\t\t\t<\/dd><\/dl><br style=\"clear: both\" \/>\n\t\t<\/div>\n\n<p>&nbsp;<\/p>\n","protected":false},"excerpt":{"rendered":"<p>Diese Sammlung datiert seit der Gr\u00fcndung des Museums so auch die Mehrheit anderer Sammlungen. Sie entstand durch Spenden,\u00a0abkauf\u00a0und als Transfer aus gleichartigen Institutionen der Stadt\u00a0\u0110akovo, und wird auch weiterhin auf dieselbe Weise erweitert. Heute befinden sich in dieser Sammlung materielle \u00dcberreste, die \u00fcber die Entwicklung der Stadt und deren Umgebung bis zum 20. Jahrhundert zeugen. [&hellip;]<\/p>\n","protected":false},"author":1,"featured_media":0,"parent":8935,"menu_order":0,"comment_status":"closed","ping_status":"closed","template":"","meta":{"_acf_changed":false,"_monsterinsights_skip_tracking":false,"_monsterinsights_sitenote_active":false,"_monsterinsights_sitenote_note":"","_monsterinsights_sitenote_category":0,"footnotes":""},"class_list":["post-8963","page","type-page","status-publish","hentry"],"acf":[],"yoast_head":"<!-- This site is optimized with the Yoast SEO plugin v27.4 - https:\/\/yoast.com\/product\/yoast-seo-wordpress\/ -->\n<title>Kultur-historische Sammlung - Muzej \u0110akov\u0161tine<\/title>\n<meta name=\"robots\" content=\"index, follow, max-snippet:-1, max-image-preview:large, max-video-preview:-1\" \/>\n<link rel=\"canonical\" href=\"http:\/\/muzej-djakovstine.hr\/de\/sammlungen\/kultur-historische-sammlung\/\" \/>\n<meta property=\"og:locale\" content=\"de_DE\" \/>\n<meta property=\"og:type\" content=\"article\" \/>\n<meta property=\"og:title\" content=\"Kultur-historische Sammlung - Muzej \u0110akov\u0161tine\" \/>\n<meta property=\"og:description\" content=\"Diese Sammlung datiert seit der Gr\u00fcndung des Museums so auch die Mehrheit anderer Sammlungen. Sie entstand durch Spenden,\u00a0abkauf\u00a0und als Transfer aus gleichartigen Institutionen der Stadt\u00a0\u0110akovo, und wird auch weiterhin auf dieselbe Weise erweitert. Heute befinden sich in dieser Sammlung materielle \u00dcberreste, die \u00fcber die Entwicklung der Stadt und deren Umgebung bis zum 20. Jahrhundert zeugen. [&hellip;]\" \/>\n<meta property=\"og:url\" content=\"http:\/\/muzej-djakovstine.hr\/de\/sammlungen\/kultur-historische-sammlung\/\" \/>\n<meta property=\"og:site_name\" content=\"Muzej \u0110akov\u0161tine\" \/>\n<meta property=\"article:publisher\" content=\"https:\/\/www.facebook.com\/muzej.djakovstine\/\" \/>\n<meta property=\"article:modified_time\" content=\"2024-08-07T12:22:16+00:00\" \/>\n<meta property=\"og:image\" content=\"http:\/\/muzej-djakovstine.hr\/wp-content\/uploads\/2016\/10\/1Tekst-napisan-u-\u0110akovu-8.-svibnja-1252.-godine-300x168.jpg\" \/>\n<meta name=\"twitter:card\" content=\"summary_large_image\" \/>\n<meta name=\"twitter:label1\" content=\"Gesch\u00e4tzte Lesezeit\" \/>\n\t<meta name=\"twitter:data1\" content=\"1\u00a0Minute\" \/>\n<script type=\"application\/ld+json\" class=\"yoast-schema-graph\">{\"@context\":\"https:\\\/\\\/schema.org\",\"@graph\":[{\"@type\":\"WebPage\",\"@id\":\"http:\\\/\\\/muzej-djakovstine.hr\\\/de\\\/sammlungen\\\/kultur-historische-sammlung\\\/\",\"url\":\"http:\\\/\\\/muzej-djakovstine.hr\\\/de\\\/sammlungen\\\/kultur-historische-sammlung\\\/\",\"name\":\"Kultur-historische Sammlung - Muzej \u0110akov\u0161tine\",\"isPartOf\":{\"@id\":\"http:\\\/\\\/muzej-djakovstine.hr\\\/de\\\/#website\"},\"datePublished\":\"2016-10-25T06:35:08+00:00\",\"dateModified\":\"2024-08-07T12:22:16+00:00\",\"breadcrumb\":{\"@id\":\"http:\\\/\\\/muzej-djakovstine.hr\\\/de\\\/sammlungen\\\/kultur-historische-sammlung\\\/#breadcrumb\"},\"inLanguage\":\"de\",\"potentialAction\":[{\"@type\":\"ReadAction\",\"target\":[\"http:\\\/\\\/muzej-djakovstine.hr\\\/de\\\/sammlungen\\\/kultur-historische-sammlung\\\/\"]}]},{\"@type\":\"BreadcrumbList\",\"@id\":\"http:\\\/\\\/muzej-djakovstine.hr\\\/de\\\/sammlungen\\\/kultur-historische-sammlung\\\/#breadcrumb\",\"itemListElement\":[{\"@type\":\"ListItem\",\"position\":1,\"name\":\"Po\u010detna stranica\",\"item\":\"http:\\\/\\\/muzej-djakovstine.hr\\\/de\\\/\"},{\"@type\":\"ListItem\",\"position\":2,\"name\":\"Sammlungen\",\"item\":\"https:\\\/\\\/muzej-djakovstine.hr\\\/de\\\/sammlungen\\\/\"},{\"@type\":\"ListItem\",\"position\":3,\"name\":\"Kultur-historische Sammlung\"}]},{\"@type\":\"WebSite\",\"@id\":\"http:\\\/\\\/muzej-djakovstine.hr\\\/de\\\/#website\",\"url\":\"http:\\\/\\\/muzej-djakovstine.hr\\\/de\\\/\",\"name\":\"Muzej \u0110akov\u0161tine\",\"description\":\"\",\"potentialAction\":[{\"@type\":\"SearchAction\",\"target\":{\"@type\":\"EntryPoint\",\"urlTemplate\":\"http:\\\/\\\/muzej-djakovstine.hr\\\/de\\\/?s={search_term_string}\"},\"query-input\":{\"@type\":\"PropertyValueSpecification\",\"valueRequired\":true,\"valueName\":\"search_term_string\"}}],\"inLanguage\":\"de\"}]}<\/script>\n<!-- \/ Yoast SEO plugin. -->","yoast_head_json":{"title":"Kultur-historische Sammlung - Muzej \u0110akov\u0161tine","robots":{"index":"index","follow":"follow","max-snippet":"max-snippet:-1","max-image-preview":"max-image-preview:large","max-video-preview":"max-video-preview:-1"},"canonical":"http:\/\/muzej-djakovstine.hr\/de\/sammlungen\/kultur-historische-sammlung\/","og_locale":"de_DE","og_type":"article","og_title":"Kultur-historische Sammlung - Muzej \u0110akov\u0161tine","og_description":"Diese Sammlung datiert seit der Gr\u00fcndung des Museums so auch die Mehrheit anderer Sammlungen. Sie entstand durch Spenden,\u00a0abkauf\u00a0und als Transfer aus gleichartigen Institutionen der Stadt\u00a0\u0110akovo, und wird auch weiterhin auf dieselbe Weise erweitert. Heute befinden sich in dieser Sammlung materielle \u00dcberreste, die \u00fcber die Entwicklung der Stadt und deren Umgebung bis zum 20. Jahrhundert zeugen. [&hellip;]","og_url":"http:\/\/muzej-djakovstine.hr\/de\/sammlungen\/kultur-historische-sammlung\/","og_site_name":"Muzej \u0110akov\u0161tine","article_publisher":"https:\/\/www.facebook.com\/muzej.djakovstine\/","article_modified_time":"2024-08-07T12:22:16+00:00","og_image":[{"url":"http:\/\/muzej-djakovstine.hr\/wp-content\/uploads\/2016\/10\/1Tekst-napisan-u-\u0110akovu-8.-svibnja-1252.-godine-300x168.jpg","type":"","width":"","height":""}],"twitter_card":"summary_large_image","twitter_misc":{"Gesch\u00e4tzte Lesezeit":"1\u00a0Minute"},"schema":{"@context":"https:\/\/schema.org","@graph":[{"@type":"WebPage","@id":"http:\/\/muzej-djakovstine.hr\/de\/sammlungen\/kultur-historische-sammlung\/","url":"http:\/\/muzej-djakovstine.hr\/de\/sammlungen\/kultur-historische-sammlung\/","name":"Kultur-historische Sammlung - Muzej \u0110akov\u0161tine","isPartOf":{"@id":"http:\/\/muzej-djakovstine.hr\/de\/#website"},"datePublished":"2016-10-25T06:35:08+00:00","dateModified":"2024-08-07T12:22:16+00:00","breadcrumb":{"@id":"http:\/\/muzej-djakovstine.hr\/de\/sammlungen\/kultur-historische-sammlung\/#breadcrumb"},"inLanguage":"de","potentialAction":[{"@type":"ReadAction","target":["http:\/\/muzej-djakovstine.hr\/de\/sammlungen\/kultur-historische-sammlung\/"]}]},{"@type":"BreadcrumbList","@id":"http:\/\/muzej-djakovstine.hr\/de\/sammlungen\/kultur-historische-sammlung\/#breadcrumb","itemListElement":[{"@type":"ListItem","position":1,"name":"Po\u010detna stranica","item":"http:\/\/muzej-djakovstine.hr\/de\/"},{"@type":"ListItem","position":2,"name":"Sammlungen","item":"https:\/\/muzej-djakovstine.hr\/de\/sammlungen\/"},{"@type":"ListItem","position":3,"name":"Kultur-historische Sammlung"}]},{"@type":"WebSite","@id":"http:\/\/muzej-djakovstine.hr\/de\/#website","url":"http:\/\/muzej-djakovstine.hr\/de\/","name":"Muzej \u0110akov\u0161tine","description":"","potentialAction":[{"@type":"SearchAction","target":{"@type":"EntryPoint","urlTemplate":"http:\/\/muzej-djakovstine.hr\/de\/?s={search_term_string}"},"query-input":{"@type":"PropertyValueSpecification","valueRequired":true,"valueName":"search_term_string"}}],"inLanguage":"de"}]}},"_links":{"self":[{"href":"http:\/\/muzej-djakovstine.hr\/de\/wp-json\/wp\/v2\/pages\/8963","targetHints":{"allow":["GET"]}}],"collection":[{"href":"http:\/\/muzej-djakovstine.hr\/de\/wp-json\/wp\/v2\/pages"}],"about":[{"href":"http:\/\/muzej-djakovstine.hr\/de\/wp-json\/wp\/v2\/types\/page"}],"author":[{"embeddable":true,"href":"http:\/\/muzej-djakovstine.hr\/de\/wp-json\/wp\/v2\/users\/1"}],"replies":[{"embeddable":true,"href":"http:\/\/muzej-djakovstine.hr\/de\/wp-json\/wp\/v2\/comments?post=8963"}],"version-history":[{"count":7,"href":"http:\/\/muzej-djakovstine.hr\/de\/wp-json\/wp\/v2\/pages\/8963\/revisions"}],"predecessor-version":[{"id":9469,"href":"http:\/\/muzej-djakovstine.hr\/de\/wp-json\/wp\/v2\/pages\/8963\/revisions\/9469"}],"up":[{"embeddable":true,"href":"http:\/\/muzej-djakovstine.hr\/de\/wp-json\/wp\/v2\/pages\/8935"}],"wp:attachment":[{"href":"http:\/\/muzej-djakovstine.hr\/de\/wp-json\/wp\/v2\/media?parent=8963"}],"curies":[{"name":"wp","href":"https:\/\/api.w.org\/{rel}","templated":true}]}}