{"id":8971,"date":"2016-10-25T08:35:48","date_gmt":"2016-10-25T06:35:48","guid":{"rendered":"https:\/\/muzej-djakovstine.hr\/?page_id=8971"},"modified":"2024-08-09T10:01:21","modified_gmt":"2024-08-09T08:01:21","slug":"die-sammlung-aus-dem-verteidigungskrieg","status":"publish","type":"page","link":"http:\/\/muzej-djakovstine.hr\/de\/sammlungen\/die-sammlung-aus-dem-verteidigungskrieg\/","title":{"rendered":"Sammlung aus dem Verteidigungskrieg"},"content":{"rendered":"<p>Das ist die j\u00fcngste Sammlung des Museums. Schon w\u00e4hrend des Krieges entstand das Bed\u00fcrfnis nach deren Gestaltung, als man m\u00f6glichst mehrere Beweise \u00fcber die milit\u00e4rischen Operationen und \u00fcber dem Charakter und Wesen des Verteidigungskrieges zu sammeln versuchte. Der gr\u00f6\u00dfte Teil der Sammlung erstand, aber, erst nach dem Krieg, dank der Freundlichkeit und Zusammenarbeit mit den Teilnehmern an Verteidigung von \u0110akovo und dessen Umgebung. Diese Sammlung umfasst: Waffen, Videos, Uniformen, Fotos, Rangbezeichnungen, milit\u00e4rische Pl\u00e4ne zur Verteidigung von Objekten, die der ehemaligen jugoslawischen Armee geh\u00f6rten, Entw\u00fcrfe f\u00fcr Eroberung von Kasernen, Flugbl\u00e4tter usw.<\/p>\n\n\t\t<style type=\"text\/css\">\n\t\t\t#gallery-1 {\n\t\t\t\tmargin: auto;\n\t\t\t}\n\t\t\t#gallery-1 .gallery-item {\n\t\t\t\tfloat: left;\n\t\t\t\tmargin-top: 10px;\n\t\t\t\ttext-align: center;\n\t\t\t\twidth: 33%;\n\t\t\t}\n\t\t\t#gallery-1 img {\n\t\t\t\tborder: 2px solid #cfcfcf;\n\t\t\t}\n\t\t\t#gallery-1 .gallery-caption {\n\t\t\t\tmargin-left: 0;\n\t\t\t}\n\t\t\t\/* see gallery_shortcode() in wp-includes\/media.php *\/\n\t\t<\/style>\n\t\t<div id='gallery-1' class='gallery galleryid-8971 gallery-columns-3 gallery-size-medium'><dl class='gallery-item'>\n\t\t\t<dt class='gallery-icon portrait'>\n\t\t\t\t<a href='http:\/\/muzej-djakovstine.hr\/wp-content\/uploads\/2016\/11\/1kajmicka.jpg'><img loading=\"lazy\" decoding=\"async\" width=\"200\" height=\"300\" src=\"http:\/\/muzej-djakovstine.hr\/wp-content\/uploads\/2016\/11\/1kajmicka-200x300.jpg\" class=\"attachment-medium size-medium\" alt=\"\" aria-describedby=\"gallery-1-5265\" srcset=\"http:\/\/muzej-djakovstine.hr\/wp-content\/uploads\/2016\/11\/1kajmicka-200x300.jpg 200w, http:\/\/muzej-djakovstine.hr\/wp-content\/uploads\/2016\/11\/1kajmicka-768x1154.jpg 768w, http:\/\/muzej-djakovstine.hr\/wp-content\/uploads\/2016\/11\/1kajmicka-681x1024.jpg 681w\" sizes=\"auto, (max-width: 200px) 100vw, 200px\" \/><\/a>\n\t\t\t<\/dt>\n\t\t\t\t<dd class='wp-caption-text gallery-caption' id='gallery-1-5265'>\n\t\t\t\t\u201cKajmi\u010dka\u201d- selbstgebastelte Bombe\n\t\t\t\t<\/dd><\/dl><dl class='gallery-item'>\n\t\t\t<dt class='gallery-icon portrait'>\n\t\t\t\t<a href='http:\/\/muzej-djakovstine.hr\/wp-content\/uploads\/2016\/11\/122.-brigada.jpg'><img loading=\"lazy\" decoding=\"async\" width=\"199\" height=\"300\" src=\"http:\/\/muzej-djakovstine.hr\/wp-content\/uploads\/2016\/11\/122.-brigada-199x300.jpg\" class=\"attachment-medium size-medium\" alt=\"\" aria-describedby=\"gallery-1-5263\" srcset=\"http:\/\/muzej-djakovstine.hr\/wp-content\/uploads\/2016\/11\/122.-brigada-199x300.jpg 199w, http:\/\/muzej-djakovstine.hr\/wp-content\/uploads\/2016\/11\/122.-brigada-768x1157.jpg 768w, http:\/\/muzej-djakovstine.hr\/wp-content\/uploads\/2016\/11\/122.-brigada-680x1024.jpg 680w, http:\/\/muzej-djakovstine.hr\/wp-content\/uploads\/2016\/11\/122.-brigada.jpg 1848w\" sizes=\"auto, (max-width: 199px) 100vw, 199px\" \/><\/a>\n\t\t\t<\/dt>\n\t\t\t\t<dd class='wp-caption-text gallery-caption' id='gallery-1-5263'>\n\t\t\t\tSymbol der Einheit 122. Brigade\n\t\t\t\t<\/dd><\/dl><dl class='gallery-item'>\n\t\t\t<dt class='gallery-icon portrait'>\n\t\t\t\t<a href='http:\/\/muzej-djakovstine.hr\/wp-content\/uploads\/2016\/10\/\u0110akovo-za-vrijeme-rata-1.jpg'><img loading=\"lazy\" decoding=\"async\" width=\"202\" height=\"300\" src=\"http:\/\/muzej-djakovstine.hr\/wp-content\/uploads\/2016\/10\/\u0110akovo-za-vrijeme-rata-1-202x300.jpg\" class=\"attachment-medium size-medium\" alt=\"\" aria-describedby=\"gallery-1-5317\" srcset=\"http:\/\/muzej-djakovstine.hr\/wp-content\/uploads\/2016\/10\/\u0110akovo-za-vrijeme-rata-1-202x300.jpg 202w, http:\/\/muzej-djakovstine.hr\/wp-content\/uploads\/2016\/10\/\u0110akovo-za-vrijeme-rata-1.jpg 397w\" sizes=\"auto, (max-width: 202px) 100vw, 202px\" \/><\/a>\n\t\t\t<\/dt>\n\t\t\t\t<dd class='wp-caption-text gallery-caption' id='gallery-1-5317'>\n\t\t\t\t\u0110akovo w\u00e4hrend des Heimatskrieges\n\t\t\t\t<\/dd><\/dl><br style=\"clear: both\" \/><dl class='gallery-item'>\n\t\t\t<dt class='gallery-icon landscape'>\n\t\t\t\t<a href='http:\/\/muzej-djakovstine.hr\/wp-content\/uploads\/2016\/10\/\u0110akovo-za-vrijeme-rata-2.jpg'><img loading=\"lazy\" decoding=\"async\" width=\"300\" height=\"202\" src=\"http:\/\/muzej-djakovstine.hr\/wp-content\/uploads\/2016\/10\/\u0110akovo-za-vrijeme-rata-2-300x202.jpg\" class=\"attachment-medium size-medium\" alt=\"\" aria-describedby=\"gallery-1-5319\" srcset=\"http:\/\/muzej-djakovstine.hr\/wp-content\/uploads\/2016\/10\/\u0110akovo-za-vrijeme-rata-2-300x202.jpg 300w, http:\/\/muzej-djakovstine.hr\/wp-content\/uploads\/2016\/10\/\u0110akovo-za-vrijeme-rata-2-280x190.jpg 280w, http:\/\/muzej-djakovstine.hr\/wp-content\/uploads\/2016\/10\/\u0110akovo-za-vrijeme-rata-2.jpg 587w\" sizes=\"auto, (max-width: 300px) 100vw, 300px\" \/><\/a>\n\t\t\t<\/dt>\n\t\t\t\t<dd class='wp-caption-text gallery-caption' id='gallery-1-5319'>\n\t\t\t\t\u0110akovo w\u00e4hren des Heimatskrieges\n\t\t\t\t<\/dd><\/dl><dl class='gallery-item'>\n\t\t\t<dt class='gallery-icon portrait'>\n\t\t\t\t<a href='http:\/\/muzej-djakovstine.hr\/wp-content\/uploads\/2016\/10\/Naslovnica-lista-Balistik-1992.-godina.jpg'><img loading=\"lazy\" decoding=\"async\" width=\"211\" height=\"300\" src=\"http:\/\/muzej-djakovstine.hr\/wp-content\/uploads\/2016\/10\/Naslovnica-lista-Balistik-1992.-godina-211x300.jpg\" class=\"attachment-medium size-medium\" alt=\"\" aria-describedby=\"gallery-1-5321\" srcset=\"http:\/\/muzej-djakovstine.hr\/wp-content\/uploads\/2016\/10\/Naslovnica-lista-Balistik-1992.-godina-211x300.jpg 211w, http:\/\/muzej-djakovstine.hr\/wp-content\/uploads\/2016\/10\/Naslovnica-lista-Balistik-1992.-godina-768x1091.jpg 768w, http:\/\/muzej-djakovstine.hr\/wp-content\/uploads\/2016\/10\/Naslovnica-lista-Balistik-1992.-godina-721x1024.jpg 721w, http:\/\/muzej-djakovstine.hr\/wp-content\/uploads\/2016\/10\/Naslovnica-lista-Balistik-1992.-godina.jpg 823w\" sizes=\"auto, (max-width: 211px) 100vw, 211px\" \/><\/a>\n\t\t\t<\/dt>\n\t\t\t\t<dd class='wp-caption-text gallery-caption' id='gallery-1-5321'>\n\t\t\t\tTitelbild des Blattes Balistik, Jahr 1992.\n\t\t\t\t<\/dd><\/dl>\n\t\t\t<br style='clear: both' \/>\n\t\t<\/div>\n\n<p>&nbsp;<\/p>\n","protected":false},"excerpt":{"rendered":"<p>Das ist die j\u00fcngste Sammlung des Museums. Schon w\u00e4hrend des Krieges entstand das Bed\u00fcrfnis nach deren Gestaltung, als man m\u00f6glichst mehrere Beweise \u00fcber die milit\u00e4rischen Operationen und \u00fcber dem Charakter und Wesen des Verteidigungskrieges zu sammeln versuchte. Der gr\u00f6\u00dfte Teil der Sammlung erstand, aber, erst nach dem Krieg, dank der Freundlichkeit und Zusammenarbeit mit den [&hellip;]<\/p>\n","protected":false},"author":1,"featured_media":0,"parent":8935,"menu_order":0,"comment_status":"closed","ping_status":"closed","template":"","meta":{"_acf_changed":false,"_monsterinsights_skip_tracking":false,"_monsterinsights_sitenote_active":false,"_monsterinsights_sitenote_note":"","_monsterinsights_sitenote_category":0,"footnotes":""},"class_list":["post-8971","page","type-page","status-publish","hentry"],"acf":[],"yoast_head":"<!-- This site is optimized with the Yoast SEO plugin v27.5 - https:\/\/yoast.com\/product\/yoast-seo-wordpress\/ -->\n<title>Sammlung aus dem Verteidigungskrieg - Muzej \u0110akov\u0161tine<\/title>\n<meta name=\"robots\" content=\"index, follow, max-snippet:-1, max-image-preview:large, max-video-preview:-1\" \/>\n<link rel=\"canonical\" href=\"http:\/\/muzej-djakovstine.hr\/de\/sammlungen\/die-sammlung-aus-dem-verteidigungskrieg\/\" \/>\n<meta property=\"og:locale\" content=\"de_DE\" \/>\n<meta property=\"og:type\" content=\"article\" \/>\n<meta property=\"og:title\" content=\"Sammlung aus dem Verteidigungskrieg - Muzej \u0110akov\u0161tine\" \/>\n<meta property=\"og:description\" content=\"Das ist die j\u00fcngste Sammlung des Museums. Schon w\u00e4hrend des Krieges entstand das Bed\u00fcrfnis nach deren Gestaltung, als man m\u00f6glichst mehrere Beweise \u00fcber die milit\u00e4rischen Operationen und \u00fcber dem Charakter und Wesen des Verteidigungskrieges zu sammeln versuchte. Der gr\u00f6\u00dfte Teil der Sammlung erstand, aber, erst nach dem Krieg, dank der Freundlichkeit und Zusammenarbeit mit den [&hellip;]\" \/>\n<meta property=\"og:url\" content=\"http:\/\/muzej-djakovstine.hr\/de\/sammlungen\/die-sammlung-aus-dem-verteidigungskrieg\/\" \/>\n<meta property=\"og:site_name\" content=\"Muzej \u0110akov\u0161tine\" \/>\n<meta property=\"article:publisher\" content=\"https:\/\/www.facebook.com\/muzej.djakovstine\/\" \/>\n<meta property=\"article:modified_time\" content=\"2024-08-09T08:01:21+00:00\" \/>\n<meta property=\"og:image\" content=\"http:\/\/muzej-djakovstine.hr\/wp-content\/uploads\/2016\/11\/1kajmicka-200x300.jpg\" \/>\n<meta name=\"twitter:card\" content=\"summary_large_image\" \/>\n<meta name=\"twitter:label1\" content=\"Gesch\u00e4tzte Lesezeit\" \/>\n\t<meta name=\"twitter:data1\" content=\"1\u00a0Minute\" \/>\n<script type=\"application\/ld+json\" class=\"yoast-schema-graph\">{\"@context\":\"https:\\\/\\\/schema.org\",\"@graph\":[{\"@type\":\"WebPage\",\"@id\":\"http:\\\/\\\/muzej-djakovstine.hr\\\/de\\\/sammlungen\\\/die-sammlung-aus-dem-verteidigungskrieg\\\/\",\"url\":\"http:\\\/\\\/muzej-djakovstine.hr\\\/de\\\/sammlungen\\\/die-sammlung-aus-dem-verteidigungskrieg\\\/\",\"name\":\"Sammlung aus dem Verteidigungskrieg - Muzej \u0110akov\u0161tine\",\"isPartOf\":{\"@id\":\"http:\\\/\\\/muzej-djakovstine.hr\\\/de\\\/#website\"},\"datePublished\":\"2016-10-25T06:35:48+00:00\",\"dateModified\":\"2024-08-09T08:01:21+00:00\",\"breadcrumb\":{\"@id\":\"http:\\\/\\\/muzej-djakovstine.hr\\\/de\\\/sammlungen\\\/die-sammlung-aus-dem-verteidigungskrieg\\\/#breadcrumb\"},\"inLanguage\":\"de\",\"potentialAction\":[{\"@type\":\"ReadAction\",\"target\":[\"http:\\\/\\\/muzej-djakovstine.hr\\\/de\\\/sammlungen\\\/die-sammlung-aus-dem-verteidigungskrieg\\\/\"]}]},{\"@type\":\"BreadcrumbList\",\"@id\":\"http:\\\/\\\/muzej-djakovstine.hr\\\/de\\\/sammlungen\\\/die-sammlung-aus-dem-verteidigungskrieg\\\/#breadcrumb\",\"itemListElement\":[{\"@type\":\"ListItem\",\"position\":1,\"name\":\"Po\u010detna stranica\",\"item\":\"http:\\\/\\\/muzej-djakovstine.hr\\\/de\\\/\"},{\"@type\":\"ListItem\",\"position\":2,\"name\":\"Sammlungen\",\"item\":\"http:\\\/\\\/muzej-djakovstine.hr\\\/de\\\/zbirke\\\/\"},{\"@type\":\"ListItem\",\"position\":3,\"name\":\"Sammlung aus dem Verteidigungskrieg\"}]},{\"@type\":\"WebSite\",\"@id\":\"http:\\\/\\\/muzej-djakovstine.hr\\\/de\\\/#website\",\"url\":\"http:\\\/\\\/muzej-djakovstine.hr\\\/de\\\/\",\"name\":\"Muzej \u0110akov\u0161tine\",\"description\":\"\",\"potentialAction\":[{\"@type\":\"SearchAction\",\"target\":{\"@type\":\"EntryPoint\",\"urlTemplate\":\"http:\\\/\\\/muzej-djakovstine.hr\\\/de\\\/?s={search_term_string}\"},\"query-input\":{\"@type\":\"PropertyValueSpecification\",\"valueRequired\":true,\"valueName\":\"search_term_string\"}}],\"inLanguage\":\"de\"}]}<\/script>\n<!-- \/ Yoast SEO plugin. -->","yoast_head_json":{"title":"Sammlung aus dem Verteidigungskrieg - Muzej \u0110akov\u0161tine","robots":{"index":"index","follow":"follow","max-snippet":"max-snippet:-1","max-image-preview":"max-image-preview:large","max-video-preview":"max-video-preview:-1"},"canonical":"http:\/\/muzej-djakovstine.hr\/de\/sammlungen\/die-sammlung-aus-dem-verteidigungskrieg\/","og_locale":"de_DE","og_type":"article","og_title":"Sammlung aus dem Verteidigungskrieg - Muzej \u0110akov\u0161tine","og_description":"Das ist die j\u00fcngste Sammlung des Museums. Schon w\u00e4hrend des Krieges entstand das Bed\u00fcrfnis nach deren Gestaltung, als man m\u00f6glichst mehrere Beweise \u00fcber die milit\u00e4rischen Operationen und \u00fcber dem Charakter und Wesen des Verteidigungskrieges zu sammeln versuchte. Der gr\u00f6\u00dfte Teil der Sammlung erstand, aber, erst nach dem Krieg, dank der Freundlichkeit und Zusammenarbeit mit den [&hellip;]","og_url":"http:\/\/muzej-djakovstine.hr\/de\/sammlungen\/die-sammlung-aus-dem-verteidigungskrieg\/","og_site_name":"Muzej \u0110akov\u0161tine","article_publisher":"https:\/\/www.facebook.com\/muzej.djakovstine\/","article_modified_time":"2024-08-09T08:01:21+00:00","og_image":[{"url":"http:\/\/muzej-djakovstine.hr\/wp-content\/uploads\/2016\/11\/1kajmicka-200x300.jpg","type":"","width":"","height":""}],"twitter_card":"summary_large_image","twitter_misc":{"Gesch\u00e4tzte Lesezeit":"1\u00a0Minute"},"schema":{"@context":"https:\/\/schema.org","@graph":[{"@type":"WebPage","@id":"http:\/\/muzej-djakovstine.hr\/de\/sammlungen\/die-sammlung-aus-dem-verteidigungskrieg\/","url":"http:\/\/muzej-djakovstine.hr\/de\/sammlungen\/die-sammlung-aus-dem-verteidigungskrieg\/","name":"Sammlung aus dem Verteidigungskrieg - Muzej \u0110akov\u0161tine","isPartOf":{"@id":"http:\/\/muzej-djakovstine.hr\/de\/#website"},"datePublished":"2016-10-25T06:35:48+00:00","dateModified":"2024-08-09T08:01:21+00:00","breadcrumb":{"@id":"http:\/\/muzej-djakovstine.hr\/de\/sammlungen\/die-sammlung-aus-dem-verteidigungskrieg\/#breadcrumb"},"inLanguage":"de","potentialAction":[{"@type":"ReadAction","target":["http:\/\/muzej-djakovstine.hr\/de\/sammlungen\/die-sammlung-aus-dem-verteidigungskrieg\/"]}]},{"@type":"BreadcrumbList","@id":"http:\/\/muzej-djakovstine.hr\/de\/sammlungen\/die-sammlung-aus-dem-verteidigungskrieg\/#breadcrumb","itemListElement":[{"@type":"ListItem","position":1,"name":"Po\u010detna stranica","item":"http:\/\/muzej-djakovstine.hr\/de\/"},{"@type":"ListItem","position":2,"name":"Sammlungen","item":"http:\/\/muzej-djakovstine.hr\/de\/zbirke\/"},{"@type":"ListItem","position":3,"name":"Sammlung aus dem Verteidigungskrieg"}]},{"@type":"WebSite","@id":"http:\/\/muzej-djakovstine.hr\/de\/#website","url":"http:\/\/muzej-djakovstine.hr\/de\/","name":"Muzej \u0110akov\u0161tine","description":"","potentialAction":[{"@type":"SearchAction","target":{"@type":"EntryPoint","urlTemplate":"http:\/\/muzej-djakovstine.hr\/de\/?s={search_term_string}"},"query-input":{"@type":"PropertyValueSpecification","valueRequired":true,"valueName":"search_term_string"}}],"inLanguage":"de"}]}},"_links":{"self":[{"href":"http:\/\/muzej-djakovstine.hr\/de\/wp-json\/wp\/v2\/pages\/8971","targetHints":{"allow":["GET"]}}],"collection":[{"href":"http:\/\/muzej-djakovstine.hr\/de\/wp-json\/wp\/v2\/pages"}],"about":[{"href":"http:\/\/muzej-djakovstine.hr\/de\/wp-json\/wp\/v2\/types\/page"}],"author":[{"embeddable":true,"href":"http:\/\/muzej-djakovstine.hr\/de\/wp-json\/wp\/v2\/users\/1"}],"replies":[{"embeddable":true,"href":"http:\/\/muzej-djakovstine.hr\/de\/wp-json\/wp\/v2\/comments?post=8971"}],"version-history":[{"count":8,"href":"http:\/\/muzej-djakovstine.hr\/de\/wp-json\/wp\/v2\/pages\/8971\/revisions"}],"predecessor-version":[{"id":9477,"href":"http:\/\/muzej-djakovstine.hr\/de\/wp-json\/wp\/v2\/pages\/8971\/revisions\/9477"}],"up":[{"embeddable":true,"href":"http:\/\/muzej-djakovstine.hr\/de\/wp-json\/wp\/v2\/pages\/8935"}],"wp:attachment":[{"href":"http:\/\/muzej-djakovstine.hr\/de\/wp-json\/wp\/v2\/media?parent=8971"}],"curies":[{"name":"wp","href":"https:\/\/api.w.org\/{rel}","templated":true}]}}