{"id":7756,"date":"2016-10-12T16:12:32","date_gmt":"2016-10-12T14:12:32","guid":{"rendered":"https:\/\/muzej-djakovstine.hr\/muzej-dakovstine\/"},"modified":"2025-07-03T07:19:25","modified_gmt":"2025-07-03T05:19:25","slug":"muzej-dakovstine","status":"publish","type":"page","link":"http:\/\/muzej-djakovstine.hr\/en\/","title":{"rendered":"Museum"},"content":{"rendered":"<p style=\"text-align: justify;\">The Museum is located in the building of the former Administration, which was built at the end of the 19th century, in today\u2019s Ante Star\u010devi\u0107a Street in \u0110akovo. The permanent exhibition is based on the ethnological, cultural-historical and archaeological collection. The ethnological permanent exhibition was opened in 2005, the cultural-historical in 2006 and the archaeological in 2017.<\/p>\n<p>Besides the exhibitions, the Museum is actively involved in educating and publishing by issuing the yearbook Anthology of the \u0110akovo Region. Our Museum is an important part of the cultural image of \u0110akovo and the \u0110akovo Region, and is committed to preserving and promoting the culture of this region.<\/p>\n","protected":false},"excerpt":{"rendered":"<p>The Museum is located in the building of the former Administration, which was built at the end of the 19th century, in today\u2019s Ante Star\u010devi\u0107a Street in \u0110akovo. The permanent exhibition is based on the ethnological, cultural-historical and archaeological collection. The ethnological permanent exhibition was opened in 2005, the cultural-historical in 2006 and the archaeological [&hellip;]<\/p>\n","protected":false},"author":1,"featured_media":0,"parent":0,"menu_order":0,"comment_status":"closed","ping_status":"open","template":"home.php","meta":{"_acf_changed":false,"_monsterinsights_skip_tracking":false,"_monsterinsights_sitenote_active":false,"_monsterinsights_sitenote_note":"","_monsterinsights_sitenote_category":0,"footnotes":""},"class_list":["post-7756","page","type-page","status-publish","hentry"],"acf":[],"yoast_head":"<!-- This site is optimized with the Yoast SEO plugin v27.5 - https:\/\/yoast.com\/product\/yoast-seo-wordpress\/ -->\n<title>Museum - Muzej \u0110akov\u0161tine<\/title>\n<meta name=\"description\" content=\"The Museum is located in the building of the former Administration, which was built at the end of the 19th century, in the today\u2019s Ante Star\u010devi\u0107a Street in \u0110akovo.\" \/>\n<meta name=\"robots\" content=\"index, follow, max-snippet:-1, max-image-preview:large, max-video-preview:-1\" \/>\n<link rel=\"canonical\" href=\"http:\/\/muzej-djakovstine.hr\/en\/\" \/>\n<meta property=\"og:locale\" content=\"en_US\" \/>\n<meta property=\"og:type\" content=\"article\" \/>\n<meta property=\"og:title\" content=\"Museum - Muzej \u0110akov\u0161tine\" \/>\n<meta property=\"og:description\" content=\"The Museum is located in the building of the former Administration, which was built at the end of the 19th century, in the today\u2019s Ante Star\u010devi\u0107a Street in \u0110akovo.\" \/>\n<meta property=\"og:url\" content=\"http:\/\/muzej-djakovstine.hr\/en\/\" \/>\n<meta property=\"og:site_name\" content=\"Muzej \u0110akov\u0161tine\" \/>\n<meta property=\"article:publisher\" content=\"https:\/\/www.facebook.com\/muzej.djakovstine\/\" \/>\n<meta property=\"article:modified_time\" content=\"2025-07-03T05:19:25+00:00\" \/>\n<meta property=\"og:image\" content=\"http:\/\/muzej-djakovstine.hr\/wp-content\/uploads\/2016\/10\/home-bg.jpg\" \/>\n<meta name=\"twitter:card\" content=\"summary_large_image\" \/>\n<meta name=\"twitter:label1\" content=\"Est. reading time\" \/>\n\t<meta name=\"twitter:data1\" content=\"1 minute\" \/>\n<script type=\"application\/ld+json\" class=\"yoast-schema-graph\">{\"@context\":\"https:\\\/\\\/schema.org\",\"@graph\":[{\"@type\":\"WebPage\",\"@id\":\"http:\\\/\\\/muzej-djakovstine.hr\\\/en\\\/\",\"url\":\"http:\\\/\\\/muzej-djakovstine.hr\\\/en\\\/\",\"name\":\"Museum - Muzej \u0110akov\u0161tine\",\"isPartOf\":{\"@id\":\"http:\\\/\\\/muzej-djakovstine.hr\\\/en\\\/#website\"},\"datePublished\":\"2016-10-12T14:12:32+00:00\",\"dateModified\":\"2025-07-03T05:19:25+00:00\",\"description\":\"The Museum is located in the building of the former Administration, which was built at the end of the 19th century, in the today\u2019s Ante Star\u010devi\u0107a Street in \u0110akovo.\",\"breadcrumb\":{\"@id\":\"http:\\\/\\\/muzej-djakovstine.hr\\\/en\\\/#breadcrumb\"},\"inLanguage\":\"en-US\",\"potentialAction\":[{\"@type\":\"ReadAction\",\"target\":[\"http:\\\/\\\/muzej-djakovstine.hr\\\/en\\\/\"]}]},{\"@type\":\"BreadcrumbList\",\"@id\":\"http:\\\/\\\/muzej-djakovstine.hr\\\/en\\\/#breadcrumb\",\"itemListElement\":[{\"@type\":\"ListItem\",\"position\":1,\"name\":\"Po\u010detna stranica\",\"item\":\"http:\\\/\\\/muzej-djakovstine.hr\\\/en\\\/\"},{\"@type\":\"ListItem\",\"position\":2,\"name\":\"Museum\"}]},{\"@type\":\"WebSite\",\"@id\":\"http:\\\/\\\/muzej-djakovstine.hr\\\/en\\\/#website\",\"url\":\"http:\\\/\\\/muzej-djakovstine.hr\\\/en\\\/\",\"name\":\"Muzej \u0110akov\u0161tine\",\"description\":\"\",\"potentialAction\":[{\"@type\":\"SearchAction\",\"target\":{\"@type\":\"EntryPoint\",\"urlTemplate\":\"http:\\\/\\\/muzej-djakovstine.hr\\\/en\\\/?s={search_term_string}\"},\"query-input\":{\"@type\":\"PropertyValueSpecification\",\"valueRequired\":true,\"valueName\":\"search_term_string\"}}],\"inLanguage\":\"en-US\"}]}<\/script>\n<!-- \/ Yoast SEO plugin. -->","yoast_head_json":{"title":"Museum - Muzej \u0110akov\u0161tine","description":"The Museum is located in the building of the former Administration, which was built at the end of the 19th century, in the today\u2019s Ante Star\u010devi\u0107a Street in \u0110akovo.","robots":{"index":"index","follow":"follow","max-snippet":"max-snippet:-1","max-image-preview":"max-image-preview:large","max-video-preview":"max-video-preview:-1"},"canonical":"http:\/\/muzej-djakovstine.hr\/en\/","og_locale":"en_US","og_type":"article","og_title":"Museum - Muzej \u0110akov\u0161tine","og_description":"The Museum is located in the building of the former Administration, which was built at the end of the 19th century, in the today\u2019s Ante Star\u010devi\u0107a Street in \u0110akovo.","og_url":"http:\/\/muzej-djakovstine.hr\/en\/","og_site_name":"Muzej \u0110akov\u0161tine","article_publisher":"https:\/\/www.facebook.com\/muzej.djakovstine\/","article_modified_time":"2025-07-03T05:19:25+00:00","og_image":[{"url":"http:\/\/muzej-djakovstine.hr\/wp-content\/uploads\/2016\/10\/home-bg.jpg","type":"","width":"","height":""}],"twitter_card":"summary_large_image","twitter_misc":{"Est. reading time":"1 minute"},"schema":{"@context":"https:\/\/schema.org","@graph":[{"@type":"WebPage","@id":"http:\/\/muzej-djakovstine.hr\/en\/","url":"http:\/\/muzej-djakovstine.hr\/en\/","name":"Museum - Muzej \u0110akov\u0161tine","isPartOf":{"@id":"http:\/\/muzej-djakovstine.hr\/en\/#website"},"datePublished":"2016-10-12T14:12:32+00:00","dateModified":"2025-07-03T05:19:25+00:00","description":"The Museum is located in the building of the former Administration, which was built at the end of the 19th century, in the today\u2019s Ante Star\u010devi\u0107a Street in \u0110akovo.","breadcrumb":{"@id":"http:\/\/muzej-djakovstine.hr\/en\/#breadcrumb"},"inLanguage":"en-US","potentialAction":[{"@type":"ReadAction","target":["http:\/\/muzej-djakovstine.hr\/en\/"]}]},{"@type":"BreadcrumbList","@id":"http:\/\/muzej-djakovstine.hr\/en\/#breadcrumb","itemListElement":[{"@type":"ListItem","position":1,"name":"Po\u010detna stranica","item":"http:\/\/muzej-djakovstine.hr\/en\/"},{"@type":"ListItem","position":2,"name":"Museum"}]},{"@type":"WebSite","@id":"http:\/\/muzej-djakovstine.hr\/en\/#website","url":"http:\/\/muzej-djakovstine.hr\/en\/","name":"Muzej \u0110akov\u0161tine","description":"","potentialAction":[{"@type":"SearchAction","target":{"@type":"EntryPoint","urlTemplate":"http:\/\/muzej-djakovstine.hr\/en\/?s={search_term_string}"},"query-input":{"@type":"PropertyValueSpecification","valueRequired":true,"valueName":"search_term_string"}}],"inLanguage":"en-US"}]}},"_links":{"self":[{"href":"http:\/\/muzej-djakovstine.hr\/en\/wp-json\/wp\/v2\/pages\/7756","targetHints":{"allow":["GET"]}}],"collection":[{"href":"http:\/\/muzej-djakovstine.hr\/en\/wp-json\/wp\/v2\/pages"}],"about":[{"href":"http:\/\/muzej-djakovstine.hr\/en\/wp-json\/wp\/v2\/types\/page"}],"author":[{"embeddable":true,"href":"http:\/\/muzej-djakovstine.hr\/en\/wp-json\/wp\/v2\/users\/1"}],"replies":[{"embeddable":true,"href":"http:\/\/muzej-djakovstine.hr\/en\/wp-json\/wp\/v2\/comments?post=7756"}],"version-history":[{"count":12,"href":"http:\/\/muzej-djakovstine.hr\/en\/wp-json\/wp\/v2\/pages\/7756\/revisions"}],"predecessor-version":[{"id":9764,"href":"http:\/\/muzej-djakovstine.hr\/en\/wp-json\/wp\/v2\/pages\/7756\/revisions\/9764"}],"wp:attachment":[{"href":"http:\/\/muzej-djakovstine.hr\/en\/wp-json\/wp\/v2\/media?parent=7756"}],"curies":[{"name":"wp","href":"https:\/\/api.w.org\/{rel}","templated":true}]}}