{"id":8892,"date":"2022-01-18T10:33:44","date_gmt":"2022-01-18T09:33:44","guid":{"rendered":"https:\/\/muzej-djakovstine.hr\/library\/"},"modified":"2024-08-02T12:46:00","modified_gmt":"2024-08-02T10:46:00","slug":"library","status":"publish","type":"page","link":"http:\/\/muzej-djakovstine.hr\/en\/library\/","title":{"rendered":"Library"},"content":{"rendered":"<p>The library of the Museum of the \u0110akovo region has thousands of book titles, reference material, small print, journals and other serial and periodical publications.<\/p>\n<p>It is a valuable source of material for \u0110akovo and its surroundings and is available to citizens and scolars for informing or researching.<\/p>\n<p>The library is in the process of being formed and organized and once done, will consist of: local literature collection, professional book collections, museum documentation collection, valuable rare book collection and collections of periodicals and local periodicals. The library will be constantly updated and the valuable material will eventually be digitized and thus brought closer to the users and visitors of the Museum.<\/p>\n<ul>\n<li>For many years, the library functioned as one of the Museums collections, but over time the capacity of the collection overgrew and the need to separate became apparent. This valuable content was separated into its own department. The library contains valuable books, journals, newspapers and other library materials related to the activities of the Museum and the cultural and historical significance of \u0110akovo and its surroundings.<\/li>\n<li>In 2020, a librarian was employed and she began forming the library, with an emphasis on creating a local literature collection and a collection of local periodicals.<\/li>\n<li>The library is at the service of the Museums employees, as well as the general public for the needs of research work.<\/li>\n<li>The right to informing is realized by coming in person or submitting a request to the Museum. If the request is submitted in writing, it is necessary to fill in the Form for the use of library materials <a href=\"http:\/\/muzej-djakovstine.hr\/wp-content\/uploads\/2024\/01\/obrazac-za-koristenje-knjiznicne-grade.pdf\">Obrazac za kori\u0161tenje knji\u017eni\u010dne gra\u0111e,<\/a>\u00a0which can be brought in person or send to the address: Muzej \u0110akov\u0161tine, Ante Star\u010devi\u0107a 34, 31400 \u0110akovo or by e-mail: <a href=\"mailto:ahedji@muzej-djakovstine.hr\">ahedji@muzej-djakovstine.hr<\/a><\/li>\n<li>Working hours of the library and reading room for users:<br \/>\nMonday 13:00 &#8211; 19:00<br \/>\nTuesday &#8211; Friday 9:00 &#8211; 13:00<\/li>\n<\/ul>\n","protected":false},"excerpt":{"rendered":"<p>The library of the Museum of the \u0110akovo region has thousands of book titles, reference material, small print, journals and other serial and periodical publications. It is a valuable source of material for \u0110akovo and its surroundings and is available to citizens and scolars for informing or researching. The library is in the process of [&hellip;]<\/p>\n","protected":false},"author":1,"featured_media":0,"parent":0,"menu_order":0,"comment_status":"closed","ping_status":"closed","template":"","meta":{"_acf_changed":false,"_monsterinsights_skip_tracking":false,"_monsterinsights_sitenote_active":false,"_monsterinsights_sitenote_note":"","_monsterinsights_sitenote_category":0,"footnotes":""},"class_list":["post-8892","page","type-page","status-publish","hentry"],"acf":[],"yoast_head":"<!-- This site is optimized with the Yoast SEO plugin v27.4 - https:\/\/yoast.com\/product\/yoast-seo-wordpress\/ -->\n<title>Library - Muzej \u0110akov\u0161tine<\/title>\n<meta name=\"robots\" content=\"index, follow, max-snippet:-1, max-image-preview:large, max-video-preview:-1\" \/>\n<link rel=\"canonical\" href=\"http:\/\/muzej-djakovstine.hr\/en\/library\/\" \/>\n<meta property=\"og:locale\" content=\"en_US\" \/>\n<meta property=\"og:type\" content=\"article\" \/>\n<meta property=\"og:title\" content=\"Library - Muzej \u0110akov\u0161tine\" \/>\n<meta property=\"og:description\" content=\"The library of the Museum of the \u0110akovo region has thousands of book titles, reference material, small print, journals and other serial and periodical publications. It is a valuable source of material for \u0110akovo and its surroundings and is available to citizens and scolars for informing or researching. The library is in the process of [&hellip;]\" \/>\n<meta property=\"og:url\" content=\"http:\/\/muzej-djakovstine.hr\/en\/library\/\" \/>\n<meta property=\"og:site_name\" content=\"Muzej \u0110akov\u0161tine\" \/>\n<meta property=\"article:publisher\" content=\"https:\/\/www.facebook.com\/muzej.djakovstine\/\" \/>\n<meta property=\"article:modified_time\" content=\"2024-08-02T10:46:00+00:00\" \/>\n<meta property=\"og:image\" content=\"http:\/\/muzej-djakovstine.hr\/wp-content\/uploads\/2016\/10\/home-bg.jpg\" \/>\n<meta name=\"twitter:card\" content=\"summary_large_image\" \/>\n<meta name=\"twitter:label1\" content=\"Est. reading time\" \/>\n\t<meta name=\"twitter:data1\" content=\"2 minutes\" \/>\n<script type=\"application\/ld+json\" class=\"yoast-schema-graph\">{\"@context\":\"https:\\\/\\\/schema.org\",\"@graph\":[{\"@type\":\"WebPage\",\"@id\":\"http:\\\/\\\/muzej-djakovstine.hr\\\/en\\\/library\\\/\",\"url\":\"http:\\\/\\\/muzej-djakovstine.hr\\\/en\\\/library\\\/\",\"name\":\"Library - Muzej \u0110akov\u0161tine\",\"isPartOf\":{\"@id\":\"http:\\\/\\\/muzej-djakovstine.hr\\\/en\\\/#website\"},\"datePublished\":\"2022-01-18T09:33:44+00:00\",\"dateModified\":\"2024-08-02T10:46:00+00:00\",\"breadcrumb\":{\"@id\":\"http:\\\/\\\/muzej-djakovstine.hr\\\/en\\\/library\\\/#breadcrumb\"},\"inLanguage\":\"en-US\",\"potentialAction\":[{\"@type\":\"ReadAction\",\"target\":[\"http:\\\/\\\/muzej-djakovstine.hr\\\/en\\\/library\\\/\"]}]},{\"@type\":\"BreadcrumbList\",\"@id\":\"http:\\\/\\\/muzej-djakovstine.hr\\\/en\\\/library\\\/#breadcrumb\",\"itemListElement\":[{\"@type\":\"ListItem\",\"position\":1,\"name\":\"Po\u010detna stranica\",\"item\":\"https:\\\/\\\/muzej-djakovstine.hr\\\/en\\\/\"},{\"@type\":\"ListItem\",\"position\":2,\"name\":\"Library\"}]},{\"@type\":\"WebSite\",\"@id\":\"http:\\\/\\\/muzej-djakovstine.hr\\\/en\\\/#website\",\"url\":\"http:\\\/\\\/muzej-djakovstine.hr\\\/en\\\/\",\"name\":\"Muzej \u0110akov\u0161tine\",\"description\":\"\",\"potentialAction\":[{\"@type\":\"SearchAction\",\"target\":{\"@type\":\"EntryPoint\",\"urlTemplate\":\"http:\\\/\\\/muzej-djakovstine.hr\\\/en\\\/?s={search_term_string}\"},\"query-input\":{\"@type\":\"PropertyValueSpecification\",\"valueRequired\":true,\"valueName\":\"search_term_string\"}}],\"inLanguage\":\"en-US\"}]}<\/script>\n<!-- \/ Yoast SEO plugin. -->","yoast_head_json":{"title":"Library - Muzej \u0110akov\u0161tine","robots":{"index":"index","follow":"follow","max-snippet":"max-snippet:-1","max-image-preview":"max-image-preview:large","max-video-preview":"max-video-preview:-1"},"canonical":"http:\/\/muzej-djakovstine.hr\/en\/library\/","og_locale":"en_US","og_type":"article","og_title":"Library - Muzej \u0110akov\u0161tine","og_description":"The library of the Museum of the \u0110akovo region has thousands of book titles, reference material, small print, journals and other serial and periodical publications. It is a valuable source of material for \u0110akovo and its surroundings and is available to citizens and scolars for informing or researching. The library is in the process of [&hellip;]","og_url":"http:\/\/muzej-djakovstine.hr\/en\/library\/","og_site_name":"Muzej \u0110akov\u0161tine","article_publisher":"https:\/\/www.facebook.com\/muzej.djakovstine\/","article_modified_time":"2024-08-02T10:46:00+00:00","og_image":[{"url":"http:\/\/muzej-djakovstine.hr\/wp-content\/uploads\/2016\/10\/home-bg.jpg","type":"","width":"","height":""}],"twitter_card":"summary_large_image","twitter_misc":{"Est. reading time":"2 minutes"},"schema":{"@context":"https:\/\/schema.org","@graph":[{"@type":"WebPage","@id":"http:\/\/muzej-djakovstine.hr\/en\/library\/","url":"http:\/\/muzej-djakovstine.hr\/en\/library\/","name":"Library - Muzej \u0110akov\u0161tine","isPartOf":{"@id":"http:\/\/muzej-djakovstine.hr\/en\/#website"},"datePublished":"2022-01-18T09:33:44+00:00","dateModified":"2024-08-02T10:46:00+00:00","breadcrumb":{"@id":"http:\/\/muzej-djakovstine.hr\/en\/library\/#breadcrumb"},"inLanguage":"en-US","potentialAction":[{"@type":"ReadAction","target":["http:\/\/muzej-djakovstine.hr\/en\/library\/"]}]},{"@type":"BreadcrumbList","@id":"http:\/\/muzej-djakovstine.hr\/en\/library\/#breadcrumb","itemListElement":[{"@type":"ListItem","position":1,"name":"Po\u010detna stranica","item":"https:\/\/muzej-djakovstine.hr\/en\/"},{"@type":"ListItem","position":2,"name":"Library"}]},{"@type":"WebSite","@id":"http:\/\/muzej-djakovstine.hr\/en\/#website","url":"http:\/\/muzej-djakovstine.hr\/en\/","name":"Muzej \u0110akov\u0161tine","description":"","potentialAction":[{"@type":"SearchAction","target":{"@type":"EntryPoint","urlTemplate":"http:\/\/muzej-djakovstine.hr\/en\/?s={search_term_string}"},"query-input":{"@type":"PropertyValueSpecification","valueRequired":true,"valueName":"search_term_string"}}],"inLanguage":"en-US"}]}},"_links":{"self":[{"href":"http:\/\/muzej-djakovstine.hr\/en\/wp-json\/wp\/v2\/pages\/8892","targetHints":{"allow":["GET"]}}],"collection":[{"href":"http:\/\/muzej-djakovstine.hr\/en\/wp-json\/wp\/v2\/pages"}],"about":[{"href":"http:\/\/muzej-djakovstine.hr\/en\/wp-json\/wp\/v2\/types\/page"}],"author":[{"embeddable":true,"href":"http:\/\/muzej-djakovstine.hr\/en\/wp-json\/wp\/v2\/users\/1"}],"replies":[{"embeddable":true,"href":"http:\/\/muzej-djakovstine.hr\/en\/wp-json\/wp\/v2\/comments?post=8892"}],"version-history":[{"count":4,"href":"http:\/\/muzej-djakovstine.hr\/en\/wp-json\/wp\/v2\/pages\/8892\/revisions"}],"predecessor-version":[{"id":9411,"href":"http:\/\/muzej-djakovstine.hr\/en\/wp-json\/wp\/v2\/pages\/8892\/revisions\/9411"}],"wp:attachment":[{"href":"http:\/\/muzej-djakovstine.hr\/en\/wp-json\/wp\/v2\/media?parent=8892"}],"curies":[{"name":"wp","href":"https:\/\/api.w.org\/{rel}","templated":true}]}}