{"id":8898,"date":"2023-02-21T08:51:42","date_gmt":"2023-02-21T07:51:42","guid":{"rendered":"https:\/\/muzej-djakovstine.hr\/financial-plan\/financial-statements\/"},"modified":"2024-07-08T10:47:56","modified_gmt":"2024-07-08T08:47:56","slug":"financial-statements","status":"publish","type":"page","link":"http:\/\/muzej-djakovstine.hr\/en\/financial-plan\/financial-statements\/","title":{"rendered":"Financial statements"},"content":{"rendered":"<p>&#8211;<\/p>\n<ul>\n<li>\n<h3>FINANCIJSKI IZVJE\u0160TAJ ZA 2024. GODINU<\/h3>\n<\/li>\n<li><a href=\"http:\/\/muzej-djakovstine.hr\/wp-content\/uploads\/2024\/04\/Obrasci_financijskih_izvjestaja_v_8.1.3.pdf\"><a href=\"http:\/\/muzej-djakovstine.hr\/wp-content\/uploads\/2024\/04\/Obrasci_financijskih_izvjestaja_v_8.1.3.pdf\">Obrasci financijskih izvje\u0161taja za prvo tromjese\u010dje 2024.<\/a><\/a><\/li>\n<li>\n<h3>FINANCIJSKI IZVJE\u0160TAJ ZA 2023. GODINU<\/h3>\n<\/li>\n<li><a href=\"http:\/\/muzej-djakovstine.hr\/wp-content\/uploads\/2023\/10\/Referentna-stranica-3.2023.pdf\"><a href=\"http:\/\/muzej-djakovstine.hr\/wp-content\/uploads\/2023\/10\/Referentna-stranica-3.2023.pdf\">Referentna stranica 3.2023<\/a><\/a><\/li>\n<li><a href=\"http:\/\/muzej-djakovstine.hr\/wp-content\/uploads\/2023\/10\/Referentna-stranica-6.2023.pdf\"><a href=\"http:\/\/muzej-djakovstine.hr\/wp-content\/uploads\/2023\/10\/Referentna-stranica-6.2023.pdf\">Referentna stranica 6.2023.<\/a><\/a><\/li>\n<li><a href=\"http:\/\/muzej-djakovstine.hr\/wp-content\/uploads\/2023\/10\/Referentna-stranica-9.2023.pdf\"><a href=\"http:\/\/muzej-djakovstine.hr\/wp-content\/uploads\/2023\/10\/Referentna-stranica-9.2023.pdf\">Referentna stranica 9.2023<\/a><\/a><\/li>\n<li><a href=\"http:\/\/muzej-djakovstine.hr\/wp-content\/uploads\/2024\/02\/Referentna-stranica-2023-zavrsni.pdf\"><a href=\"http:\/\/muzej-djakovstine.hr\/wp-content\/uploads\/2024\/02\/Referentna-stranica-2023-zavrsni.pdf\">Referentna stranica zavr\u0161ni izvje\u0161taj 2023.<\/a><\/a><\/li>\n<li><a href=\"http:\/\/muzej-djakovstine.hr\/wp-content\/uploads\/2024\/02\/Ispravni-Obrasci_financijskih_izvjestaja_v_8.1.3.pdf\"><a href=\"http:\/\/muzej-djakovstine.hr\/wp-content\/uploads\/2024\/02\/Ispravni-Obrasci_financijskih_izvjestaja_v_8.1.3.pdf\">Ispravni Obrasci_financijskih_izvjestaja_v_8.1.3<\/a><\/a><\/li>\n<li>\n<h3>FINANCIJSKI IZVJE\u0160TAJ ZA 2022. GODINU<\/h3>\n<\/li>\n<li><a href=\"http:\/\/muzej-djakovstine.hr\/wp-content\/uploads\/2023\/03\/Potvrda-RKPFI.pdf\"><a href=\"http:\/\/muzej-djakovstine.hr\/wp-content\/uploads\/2023\/03\/Potvrda-RKPFI.pdf\">Potvrda-RKPFI<\/a><\/a><\/li>\n<li><a href=\"http:\/\/muzej-djakovstine.hr\/wp-content\/uploads\/2023\/03\/REFERENTNA-06-2022.pdf\"><a href=\"http:\/\/muzej-djakovstine.hr\/wp-content\/uploads\/2023\/03\/REFERENTNA-06-2022.pdf\">Referentna stranica 6.2022<\/a><\/a><\/li>\n<li><a href=\"http:\/\/muzej-djakovstine.hr\/wp-content\/uploads\/2023\/03\/REFERENTNA-12-2022.pdf\"><a href=\"http:\/\/muzej-djakovstine.hr\/wp-content\/uploads\/2023\/03\/REFERENTNA-12-2022.pdf\">Referentna stranica 12.2022<\/a><\/a><\/li>\n<li><a href=\"http:\/\/muzej-djakovstine.hr\/wp-content\/uploads\/2023\/03\/Referentna-22-09.pdf\"><a href=\"http:\/\/muzej-djakovstine.hr\/wp-content\/uploads\/2023\/03\/Referentna-22-09.pdf\">Referentna stranica 9.2022<\/a><\/a><\/li>\n<li><a href=\"http:\/\/muzej-djakovstine.hr\/wp-content\/uploads\/2023\/03\/Referentna-stranica-01.01.2022.-31.03.2022..pdf\"><a href=\"http:\/\/muzej-djakovstine.hr\/wp-content\/uploads\/2023\/03\/Referentna-stranica-01.01.2022.-31.03.2022..pdf\">Referentna-stranica-01.01.2022.-31.03.2022<\/a><\/a><\/li>\n<li><a href=\"http:\/\/muzej-djakovstine.hr\/wp-content\/uploads\/2023\/03\/Bilanca.pdf\"><a href=\"http:\/\/muzej-djakovstine.hr\/wp-content\/uploads\/2023\/03\/Bilanca.pdf\">Bilanca<\/a><\/a><\/li>\n<li><a href=\"http:\/\/muzej-djakovstine.hr\/wp-content\/uploads\/2023\/03\/Obrasci_financijskih_izvjestaja_22-03.pdf\"><a href=\"http:\/\/muzej-djakovstine.hr\/wp-content\/uploads\/2023\/03\/Obrasci_financijskih_izvjestaja_22-03.pdf\">Obrasci_financijskih_izvjestaja_22-03<\/a><\/a><\/li>\n<li><a href=\"http:\/\/muzej-djakovstine.hr\/wp-content\/uploads\/2023\/03\/Obrasci_financijskih_izvjestaja22-06.pdf\"><a href=\"http:\/\/muzej-djakovstine.hr\/wp-content\/uploads\/2023\/03\/Obrasci_financijskih_izvjestaja22-06.pdf\">Obrasci_financijskih_izvjestaja22-06<\/a><\/a><\/li>\n<li>\n<h3>FINANCIJSKI IZVJE\u0160TAJ ZA 2021. GODINU<\/h3>\n<\/li>\n<li><a href=\"http:\/\/muzej-djakovstine.hr\/wp-content\/uploads\/2023\/03\/FINA-potvrda.pdf\"><a href=\"http:\/\/muzej-djakovstine.hr\/wp-content\/uploads\/2023\/03\/FINA-potvrda.pdf\">FINA-potvrda<\/a><\/a><\/li>\n<li><a href=\"http:\/\/muzej-djakovstine.hr\/wp-content\/uploads\/2023\/03\/Izvjestaj-korisnika.pdf\"><a href=\"http:\/\/muzej-djakovstine.hr\/wp-content\/uploads\/2023\/03\/Izvjestaj-korisnika.pdf\">Izvjestaj-korisnika<\/a><\/a><\/li>\n<li><a href=\"http:\/\/muzej-djakovstine.hr\/wp-content\/uploads\/2023\/03\/Izvjestaj-o-obvezama.pdf\"><a href=\"http:\/\/muzej-djakovstine.hr\/wp-content\/uploads\/2023\/03\/Izvjestaj-o-obvezama.pdf\">Izvjestaj-o-obvezama<\/a><\/a><\/li>\n<li><a href=\"http:\/\/muzej-djakovstine.hr\/wp-content\/uploads\/2023\/03\/Izvjestaj-o-PR-RAS.pdf\"><a href=\"http:\/\/muzej-djakovstine.hr\/wp-content\/uploads\/2023\/03\/Izvjestaj-o-PR-RAS.pdf\">Izvjestaj-o-PR-RAS<\/a><\/a><\/li>\n<li><a href=\"http:\/\/muzej-djakovstine.hr\/wp-content\/uploads\/2023\/03\/Izvjestaj-proracna-1.pdf\"><a href=\"http:\/\/muzej-djakovstine.hr\/wp-content\/uploads\/2023\/03\/Izvjestaj-proracna-1.pdf\">Izvjestaj-prora\u010duna<\/a><\/a><\/li>\n<li>\n<h3>FINANCIJSKI IZVJE\u0160TAJ ZA 2020. GODINU<\/h3>\n<\/li>\n<li><a href=\"http:\/\/muzej-djakovstine.hr\/wp-content\/uploads\/2023\/03\/FINA-potvrda-1.pdf\"><a href=\"http:\/\/muzej-djakovstine.hr\/wp-content\/uploads\/2023\/03\/FINA-potvrda-1.pdf\">FINA-potvrda<\/a><\/a><\/li>\n<li><a href=\"http:\/\/muzej-djakovstine.hr\/wp-content\/uploads\/2023\/03\/Izvjestaj-korisnika-1.pdf\"><a href=\"http:\/\/muzej-djakovstine.hr\/wp-content\/uploads\/2023\/03\/Izvjestaj-korisnika-1.pdf\">Izvjestaj-korisnika<\/a><\/a><\/li>\n<li><a href=\"http:\/\/muzej-djakovstine.hr\/wp-content\/uploads\/2023\/03\/Izvjestaj-korisnika1.pdf\"><a href=\"http:\/\/muzej-djakovstine.hr\/wp-content\/uploads\/2023\/03\/Izvjestaj-korisnika1.pdf\">Izvjestaj-korisnika<\/a><\/a><\/li>\n<li><a href=\"http:\/\/muzej-djakovstine.hr\/wp-content\/uploads\/2023\/03\/Izvjestaj-korisnika2.pdf\"><a href=\"http:\/\/muzej-djakovstine.hr\/wp-content\/uploads\/2023\/03\/Izvjestaj-korisnika2.pdf\">Izvjestaj-korisnika<\/a><\/a><\/li>\n<li><a href=\"http:\/\/muzej-djakovstine.hr\/wp-content\/uploads\/2023\/03\/Izvjestaj-o-obvezama-1.pdf\"><a href=\"http:\/\/muzej-djakovstine.hr\/wp-content\/uploads\/2023\/03\/Izvjestaj-o-obvezama-1.pdf\">Izvjestaj-o-obvezama<\/a><\/a><\/li>\n<li><a href=\"http:\/\/muzej-djakovstine.hr\/wp-content\/uploads\/2023\/03\/Izvjestaji-o-PR-RAS-2020.pdf\"><a href=\"http:\/\/muzej-djakovstine.hr\/wp-content\/uploads\/2023\/03\/Izvjestaji-o-PR-RAS-2020.pdf\">Izvjestaji-o-PR-RAS-2020<\/a><\/a><\/li>\n<li>\n<h3>FINANCIJSKI IZVJE\u0160TAJ ZA 2019. GODINU<\/h3>\n<\/li>\n<li><a href=\"http:\/\/muzej-djakovstine.hr\/wp-content\/uploads\/2023\/03\/Bilanca-1.pdf\"><a href=\"http:\/\/muzej-djakovstine.hr\/wp-content\/uploads\/2023\/03\/Bilanca-1.pdf\">Bilanca-1<\/a><\/a><\/li>\n<li><a href=\"http:\/\/muzej-djakovstine.hr\/wp-content\/uploads\/2023\/03\/FINA-potvrda-2.pdf\"><a href=\"http:\/\/muzej-djakovstine.hr\/wp-content\/uploads\/2023\/03\/FINA-potvrda-2.pdf\">FINA-potvrda<\/a><\/a><\/li>\n<li><a href=\"http:\/\/muzej-djakovstine.hr\/wp-content\/uploads\/2023\/03\/Izvjestaj-korisnika-2.pdf\"><a href=\"http:\/\/muzej-djakovstine.hr\/wp-content\/uploads\/2023\/03\/Izvjestaj-korisnika-2.pdf\">Izvjestaj-korisnika<\/a><\/a><\/li>\n<li><a href=\"http:\/\/muzej-djakovstine.hr\/wp-content\/uploads\/2023\/03\/Izvjestaj-o-obvezama-2.pdf\"><a href=\"http:\/\/muzej-djakovstine.hr\/wp-content\/uploads\/2023\/03\/Izvjestaj-o-obvezama-2.pdf\">Izvjestaj-o-obvezama<\/a><\/a><\/li>\n<li><a href=\"http:\/\/muzej-djakovstine.hr\/wp-content\/uploads\/2023\/03\/Izvjestaj-o-PR-RAS-1.pdf\"><a href=\"http:\/\/muzej-djakovstine.hr\/wp-content\/uploads\/2023\/03\/Izvjestaj-o-PR-RAS-1.pdf\">Izvjestaj-o-PR-RAS<\/a><\/a><\/li>\n<li>\n<h3>FINANCIJSKI IZVJE\u0160TAJ ZA 2018. GODINU<\/h3>\n<\/li>\n<li><a href=\"http:\/\/muzej-djakovstine.hr\/wp-content\/uploads\/2023\/03\/Bilanca-2.pdf\"><a href=\"http:\/\/muzej-djakovstine.hr\/wp-content\/uploads\/2023\/03\/Bilanca-2.pdf\">Bilanca<\/a><\/a><\/li>\n<li><a href=\"http:\/\/muzej-djakovstine.hr\/wp-content\/uploads\/2023\/03\/FINA-potvrda-3.pdf\"><a href=\"http:\/\/muzej-djakovstine.hr\/wp-content\/uploads\/2023\/03\/FINA-potvrda-3.pdf\">FINA-potvrda<\/a><\/a><\/li>\n<li><a href=\"http:\/\/muzej-djakovstine.hr\/wp-content\/uploads\/2023\/03\/Izvjestaj-o-obvezama-.pdf\"><a href=\"http:\/\/muzej-djakovstine.hr\/wp-content\/uploads\/2023\/03\/Izvjestaj-o-obvezama-.pdf\">Izvjestaj-o-obvezama<\/a><\/a><\/li>\n<li><a href=\"http:\/\/muzej-djakovstine.hr\/wp-content\/uploads\/2023\/03\/Izvjestaj-o-promjenama-imovine-i-obveza-.pdf\"><a href=\"http:\/\/muzej-djakovstine.hr\/wp-content\/uploads\/2023\/03\/Izvjestaj-o-promjenama-imovine-i-obveza-.pdf\">Izvjestaj-o-promjenama-imovine-i-obveza<\/a><\/a><\/li>\n<li><a href=\"http:\/\/muzej-djakovstine.hr\/wp-content\/uploads\/2023\/03\/Izvjestaj-o-PR-RAS-2.pdf\"><a href=\"http:\/\/muzej-djakovstine.hr\/wp-content\/uploads\/2023\/03\/Izvjestaj-o-PR-RAS-2.pdf\">Izvjestaj-o-PR-RAS<\/a><\/a><\/li>\n<li><a href=\"http:\/\/muzej-djakovstine.hr\/wp-content\/uploads\/2023\/03\/Referentna-stranica.pdf\"><a href=\"http:\/\/muzej-djakovstine.hr\/wp-content\/uploads\/2023\/03\/Referentna-stranica.pdf\">Referentna-stranica<\/a><\/a><\/li>\n<\/ul>\n<p>.<\/p>\n","protected":false},"excerpt":{"rendered":"<p>&#8211; FINANCIJSKI IZVJE\u0160TAJ ZA 2024. GODINU Obrasci financijskih izvje\u0161taja za prvo tromjese\u010dje 2024. FINANCIJSKI IZVJE\u0160TAJ ZA 2023. GODINU Referentna stranica 3.2023 Referentna stranica 6.2023. Referentna stranica 9.2023 Referentna stranica zavr\u0161ni izvje\u0161taj 2023. Ispravni Obrasci_financijskih_izvjestaja_v_8.1.3 FINANCIJSKI IZVJE\u0160TAJ ZA 2022. GODINU Potvrda-RKPFI Referentna stranica 6.2022 Referentna stranica 12.2022 Referentna stranica 9.2022 Referentna-stranica-01.01.2022.-31.03.2022 Bilanca Obrasci_financijskih_izvjestaja_22-03 Obrasci_financijskih_izvjestaja22-06 FINANCIJSKI IZVJE\u0160TAJ [&hellip;]<\/p>\n","protected":false},"author":1,"featured_media":0,"parent":8889,"menu_order":0,"comment_status":"closed","ping_status":"closed","template":"","meta":{"_acf_changed":false,"_monsterinsights_skip_tracking":false,"_monsterinsights_sitenote_active":false,"_monsterinsights_sitenote_note":"","_monsterinsights_sitenote_category":0,"footnotes":""},"class_list":["post-8898","page","type-page","status-publish","hentry"],"acf":[],"yoast_head":"<!-- This site is optimized with the Yoast SEO plugin v27.4 - https:\/\/yoast.com\/product\/yoast-seo-wordpress\/ -->\n<title>Financial statements - Muzej \u0110akov\u0161tine<\/title>\n<meta name=\"robots\" content=\"index, follow, max-snippet:-1, max-image-preview:large, max-video-preview:-1\" \/>\n<link rel=\"canonical\" href=\"http:\/\/muzej-djakovstine.hr\/en\/financial-plan\/financial-statements\/\" \/>\n<meta property=\"og:locale\" content=\"en_US\" \/>\n<meta property=\"og:type\" content=\"article\" \/>\n<meta property=\"og:title\" content=\"Financial statements - Muzej \u0110akov\u0161tine\" \/>\n<meta property=\"og:description\" content=\"&#8211; FINANCIJSKI IZVJE\u0160TAJ ZA 2024. GODINU Obrasci financijskih izvje\u0161taja za prvo tromjese\u010dje 2024. FINANCIJSKI IZVJE\u0160TAJ ZA 2023. GODINU Referentna stranica 3.2023 Referentna stranica 6.2023. Referentna stranica 9.2023 Referentna stranica zavr\u0161ni izvje\u0161taj 2023. Ispravni Obrasci_financijskih_izvjestaja_v_8.1.3 FINANCIJSKI IZVJE\u0160TAJ ZA 2022. GODINU Potvrda-RKPFI Referentna stranica 6.2022 Referentna stranica 12.2022 Referentna stranica 9.2022 Referentna-stranica-01.01.2022.-31.03.2022 Bilanca Obrasci_financijskih_izvjestaja_22-03 Obrasci_financijskih_izvjestaja22-06 FINANCIJSKI IZVJE\u0160TAJ [&hellip;]\" \/>\n<meta property=\"og:url\" content=\"http:\/\/muzej-djakovstine.hr\/en\/financial-plan\/financial-statements\/\" \/>\n<meta property=\"og:site_name\" content=\"Muzej \u0110akov\u0161tine\" \/>\n<meta property=\"article:publisher\" content=\"https:\/\/www.facebook.com\/muzej.djakovstine\/\" \/>\n<meta property=\"article:modified_time\" content=\"2024-07-08T08:47:56+00:00\" \/>\n<meta property=\"og:image\" content=\"http:\/\/muzej-djakovstine.hr\/wp-content\/uploads\/2016\/10\/home-bg.jpg\" \/>\n<meta name=\"twitter:card\" content=\"summary_large_image\" \/>\n<meta name=\"twitter:label1\" content=\"Est. reading time\" \/>\n\t<meta name=\"twitter:data1\" content=\"1 minute\" \/>\n<script type=\"application\/ld+json\" class=\"yoast-schema-graph\">{\"@context\":\"https:\\\/\\\/schema.org\",\"@graph\":[{\"@type\":\"WebPage\",\"@id\":\"http:\\\/\\\/muzej-djakovstine.hr\\\/en\\\/financial-plan\\\/financial-statements\\\/\",\"url\":\"http:\\\/\\\/muzej-djakovstine.hr\\\/en\\\/financial-plan\\\/financial-statements\\\/\",\"name\":\"Financial statements - Muzej \u0110akov\u0161tine\",\"isPartOf\":{\"@id\":\"http:\\\/\\\/muzej-djakovstine.hr\\\/en\\\/#website\"},\"datePublished\":\"2023-02-21T07:51:42+00:00\",\"dateModified\":\"2024-07-08T08:47:56+00:00\",\"breadcrumb\":{\"@id\":\"http:\\\/\\\/muzej-djakovstine.hr\\\/en\\\/financial-plan\\\/financial-statements\\\/#breadcrumb\"},\"inLanguage\":\"en-US\",\"potentialAction\":[{\"@type\":\"ReadAction\",\"target\":[\"http:\\\/\\\/muzej-djakovstine.hr\\\/en\\\/financial-plan\\\/financial-statements\\\/\"]}]},{\"@type\":\"BreadcrumbList\",\"@id\":\"http:\\\/\\\/muzej-djakovstine.hr\\\/en\\\/financial-plan\\\/financial-statements\\\/#breadcrumb\",\"itemListElement\":[{\"@type\":\"ListItem\",\"position\":1,\"name\":\"Po\u010detna stranica\",\"item\":\"http:\\\/\\\/muzej-djakovstine.hr\\\/en\\\/\"},{\"@type\":\"ListItem\",\"position\":2,\"name\":\"Financial plan\",\"item\":\"http:\\\/\\\/muzej-djakovstine.hr\\\/en\\\/financial-plan\\\/\"},{\"@type\":\"ListItem\",\"position\":3,\"name\":\"Financial statements\"}]},{\"@type\":\"WebSite\",\"@id\":\"http:\\\/\\\/muzej-djakovstine.hr\\\/en\\\/#website\",\"url\":\"http:\\\/\\\/muzej-djakovstine.hr\\\/en\\\/\",\"name\":\"Muzej \u0110akov\u0161tine\",\"description\":\"\",\"potentialAction\":[{\"@type\":\"SearchAction\",\"target\":{\"@type\":\"EntryPoint\",\"urlTemplate\":\"http:\\\/\\\/muzej-djakovstine.hr\\\/en\\\/?s={search_term_string}\"},\"query-input\":{\"@type\":\"PropertyValueSpecification\",\"valueRequired\":true,\"valueName\":\"search_term_string\"}}],\"inLanguage\":\"en-US\"}]}<\/script>\n<!-- \/ Yoast SEO plugin. -->","yoast_head_json":{"title":"Financial statements - Muzej \u0110akov\u0161tine","robots":{"index":"index","follow":"follow","max-snippet":"max-snippet:-1","max-image-preview":"max-image-preview:large","max-video-preview":"max-video-preview:-1"},"canonical":"http:\/\/muzej-djakovstine.hr\/en\/financial-plan\/financial-statements\/","og_locale":"en_US","og_type":"article","og_title":"Financial statements - Muzej \u0110akov\u0161tine","og_description":"&#8211; FINANCIJSKI IZVJE\u0160TAJ ZA 2024. GODINU Obrasci financijskih izvje\u0161taja za prvo tromjese\u010dje 2024. FINANCIJSKI IZVJE\u0160TAJ ZA 2023. GODINU Referentna stranica 3.2023 Referentna stranica 6.2023. Referentna stranica 9.2023 Referentna stranica zavr\u0161ni izvje\u0161taj 2023. Ispravni Obrasci_financijskih_izvjestaja_v_8.1.3 FINANCIJSKI IZVJE\u0160TAJ ZA 2022. GODINU Potvrda-RKPFI Referentna stranica 6.2022 Referentna stranica 12.2022 Referentna stranica 9.2022 Referentna-stranica-01.01.2022.-31.03.2022 Bilanca Obrasci_financijskih_izvjestaja_22-03 Obrasci_financijskih_izvjestaja22-06 FINANCIJSKI IZVJE\u0160TAJ [&hellip;]","og_url":"http:\/\/muzej-djakovstine.hr\/en\/financial-plan\/financial-statements\/","og_site_name":"Muzej \u0110akov\u0161tine","article_publisher":"https:\/\/www.facebook.com\/muzej.djakovstine\/","article_modified_time":"2024-07-08T08:47:56+00:00","og_image":[{"url":"http:\/\/muzej-djakovstine.hr\/wp-content\/uploads\/2016\/10\/home-bg.jpg","type":"","width":"","height":""}],"twitter_card":"summary_large_image","twitter_misc":{"Est. reading time":"1 minute"},"schema":{"@context":"https:\/\/schema.org","@graph":[{"@type":"WebPage","@id":"http:\/\/muzej-djakovstine.hr\/en\/financial-plan\/financial-statements\/","url":"http:\/\/muzej-djakovstine.hr\/en\/financial-plan\/financial-statements\/","name":"Financial statements - Muzej \u0110akov\u0161tine","isPartOf":{"@id":"http:\/\/muzej-djakovstine.hr\/en\/#website"},"datePublished":"2023-02-21T07:51:42+00:00","dateModified":"2024-07-08T08:47:56+00:00","breadcrumb":{"@id":"http:\/\/muzej-djakovstine.hr\/en\/financial-plan\/financial-statements\/#breadcrumb"},"inLanguage":"en-US","potentialAction":[{"@type":"ReadAction","target":["http:\/\/muzej-djakovstine.hr\/en\/financial-plan\/financial-statements\/"]}]},{"@type":"BreadcrumbList","@id":"http:\/\/muzej-djakovstine.hr\/en\/financial-plan\/financial-statements\/#breadcrumb","itemListElement":[{"@type":"ListItem","position":1,"name":"Po\u010detna stranica","item":"http:\/\/muzej-djakovstine.hr\/en\/"},{"@type":"ListItem","position":2,"name":"Financial plan","item":"http:\/\/muzej-djakovstine.hr\/en\/financial-plan\/"},{"@type":"ListItem","position":3,"name":"Financial statements"}]},{"@type":"WebSite","@id":"http:\/\/muzej-djakovstine.hr\/en\/#website","url":"http:\/\/muzej-djakovstine.hr\/en\/","name":"Muzej \u0110akov\u0161tine","description":"","potentialAction":[{"@type":"SearchAction","target":{"@type":"EntryPoint","urlTemplate":"http:\/\/muzej-djakovstine.hr\/en\/?s={search_term_string}"},"query-input":{"@type":"PropertyValueSpecification","valueRequired":true,"valueName":"search_term_string"}}],"inLanguage":"en-US"}]}},"_links":{"self":[{"href":"http:\/\/muzej-djakovstine.hr\/en\/wp-json\/wp\/v2\/pages\/8898","targetHints":{"allow":["GET"]}}],"collection":[{"href":"http:\/\/muzej-djakovstine.hr\/en\/wp-json\/wp\/v2\/pages"}],"about":[{"href":"http:\/\/muzej-djakovstine.hr\/en\/wp-json\/wp\/v2\/types\/page"}],"author":[{"embeddable":true,"href":"http:\/\/muzej-djakovstine.hr\/en\/wp-json\/wp\/v2\/users\/1"}],"replies":[{"embeddable":true,"href":"http:\/\/muzej-djakovstine.hr\/en\/wp-json\/wp\/v2\/comments?post=8898"}],"version-history":[{"count":1,"href":"http:\/\/muzej-djakovstine.hr\/en\/wp-json\/wp\/v2\/pages\/8898\/revisions"}],"predecessor-version":[{"id":8899,"href":"http:\/\/muzej-djakovstine.hr\/en\/wp-json\/wp\/v2\/pages\/8898\/revisions\/8899"}],"up":[{"embeddable":true,"href":"http:\/\/muzej-djakovstine.hr\/en\/wp-json\/wp\/v2\/pages\/8889"}],"wp:attachment":[{"href":"http:\/\/muzej-djakovstine.hr\/en\/wp-json\/wp\/v2\/media?parent=8898"}],"curies":[{"name":"wp","href":"https:\/\/api.w.org\/{rel}","templated":true}]}}