{"id":8931,"date":"2016-10-26T09:37:44","date_gmt":"2016-10-26T07:37:44","guid":{"rendered":"https:\/\/muzej-djakovstine.hr\/?page_id=8931"},"modified":"2024-07-31T10:04:27","modified_gmt":"2024-07-31T08:04:27","slug":"historical-display","status":"publish","type":"page","link":"http:\/\/muzej-djakovstine.hr\/en\/permanent-display\/historical-display\/","title":{"rendered":"Cultural-historical permanent display"},"content":{"rendered":"<p><strong>Opened: <\/strong>2006.<br \/>\n<strong>Author: <\/strong>mr.sc. Borislav Bijeli\u0107, prof.<br \/>\n<strong>Artistic and urban design: <\/strong>mr. sc. Mario Beusan, prof.<br \/>\n<strong>Curator: <\/strong>Mateo Dragi\u010devi\u0107, mag. hist.<\/p>\n<p>The permanent display of the Museum of \u0110akovo-region is conceptually conceived as a unique coherent unit based on its three collections: ethnological, cultural-historical and archeological \u2013 which are by the numbers and by quality of their exhibits the most relevant museum&#8217;s collections.<\/p>\n<p>To the left of the front door, covering the area of 96.8 square meters is the permanent display of the historical and cultural development of \u0110akovo. It is organized in several showrooms, the first of which is a ticket office followed by 4 rooms and a corridor that in the chronological order represent 3 major units divided into thematic entities.<\/p>\n<p>The first and the largest unit, which covers two rooms and the corridor is called \u201c\u0110akovo from the 13th century to the 1940s\u201d. The first room divided into several thematic entities represents the earliest history of \u0110akovo, its Osmanii period and the historical development of town in the 17th and 18th century. The rest of this unit shows the development of the middle-class during the 19th century and the first decades of the 20th . The central part of this thematic entity is the development of crafts and education, but also the exhibits representing activities of various associations and institutions.<\/p>\n<p>The third showroom represents the interior of a middle-class salon furnished dominantly in the Biedermeier style. The fourth room belongs to the Patriotic war as a separate entity.<\/p>\n<p>The permanent display of the historical and cultural development of \u0110akovo holds numerous objects and their interpretations through posters specially designed for the museum&#8217;s purpose by means of computer animation. Applied pictorial archivalia and textual summaries of all represented units enable the museum&#8217;s visitors to follow and understand the exhibited entities quite easily. The interpretations are set up at the entrance of each thematic unit. Apart from the posters there are magnified color prints of the pictures represented in this entity.<\/p>\n<p>&nbsp;<\/p>\n\n\t\t<style type=\"text\/css\">\n\t\t\t#gallery-1 {\n\t\t\t\tmargin: auto;\n\t\t\t}\n\t\t\t#gallery-1 .gallery-item {\n\t\t\t\tfloat: left;\n\t\t\t\tmargin-top: 10px;\n\t\t\t\ttext-align: center;\n\t\t\t\twidth: 33%;\n\t\t\t}\n\t\t\t#gallery-1 img {\n\t\t\t\tborder: 2px solid #cfcfcf;\n\t\t\t}\n\t\t\t#gallery-1 .gallery-caption {\n\t\t\t\tmargin-left: 0;\n\t\t\t}\n\t\t\t\/* see gallery_shortcode() in wp-includes\/media.php *\/\n\t\t<\/style>\n\t\t<div id='gallery-1' class='gallery galleryid-8931 gallery-columns-3 gallery-size-medium'><dl class='gallery-item'>\n\t\t\t<dt class='gallery-icon landscape'>\n\t\t\t\t<a href='http:\/\/muzej-djakovstine.hr\/wp-content\/uploads\/2016\/11\/pogled-na-povijesni-postav.jpg'><img loading=\"lazy\" decoding=\"async\" width=\"300\" height=\"193\" src=\"http:\/\/muzej-djakovstine.hr\/wp-content\/uploads\/2016\/11\/pogled-na-povijesni-postav-300x193.jpg\" class=\"attachment-medium size-medium\" alt=\"\" aria-describedby=\"gallery-1-5278\" srcset=\"http:\/\/muzej-djakovstine.hr\/wp-content\/uploads\/2016\/11\/pogled-na-povijesni-postav-300x193.jpg 300w, http:\/\/muzej-djakovstine.hr\/wp-content\/uploads\/2016\/11\/pogled-na-povijesni-postav-768x494.jpg 768w, http:\/\/muzej-djakovstine.hr\/wp-content\/uploads\/2016\/11\/pogled-na-povijesni-postav-1024x658.jpg 1024w\" sizes=\"auto, (max-width: 300px) 100vw, 300px\" \/><\/a>\n\t\t\t<\/dt>\n\t\t\t\t<dd class='wp-caption-text gallery-caption' id='gallery-1-5278'>\n\t\t\t\tView of the permanent exhibition of the cultural and historical development of \u0110akovo \n\t\t\t\t<\/dd><\/dl><dl class='gallery-item'>\n\t\t\t<dt class='gallery-icon portrait'>\n\t\t\t\t<a href='http:\/\/muzej-djakovstine.hr\/wp-content\/uploads\/2016\/11\/1vatrogasna-kaciga.jpg'><img loading=\"lazy\" decoding=\"async\" width=\"200\" height=\"300\" src=\"http:\/\/muzej-djakovstine.hr\/wp-content\/uploads\/2016\/11\/1vatrogasna-kaciga-200x300.jpg\" class=\"attachment-medium size-medium\" alt=\"\" aria-describedby=\"gallery-1-5280\" srcset=\"http:\/\/muzej-djakovstine.hr\/wp-content\/uploads\/2016\/11\/1vatrogasna-kaciga-200x300.jpg 200w, http:\/\/muzej-djakovstine.hr\/wp-content\/uploads\/2016\/11\/1vatrogasna-kaciga-768x1154.jpg 768w, http:\/\/muzej-djakovstine.hr\/wp-content\/uploads\/2016\/11\/1vatrogasna-kaciga-681x1024.jpg 681w\" sizes=\"auto, (max-width: 200px) 100vw, 200px\" \/><\/a>\n\t\t\t<\/dt>\n\t\t\t\t<dd class='wp-caption-text gallery-caption' id='gallery-1-5280'>\n\t\t\t\tFirefighter\u2018s helmet \n\t\t\t\t<\/dd><\/dl><dl class='gallery-item'>\n\t\t\t<dt class='gallery-icon landscape'>\n\t\t\t\t<a href='http:\/\/muzej-djakovstine.hr\/wp-content\/uploads\/2016\/10\/1IMG_0027.jpg'><img loading=\"lazy\" decoding=\"async\" width=\"300\" height=\"225\" src=\"http:\/\/muzej-djakovstine.hr\/wp-content\/uploads\/2016\/10\/1IMG_0027-300x225.jpg\" class=\"attachment-medium size-medium\" alt=\"\" aria-describedby=\"gallery-1-5246\" srcset=\"http:\/\/muzej-djakovstine.hr\/wp-content\/uploads\/2016\/10\/1IMG_0027-300x225.jpg 300w, http:\/\/muzej-djakovstine.hr\/wp-content\/uploads\/2016\/10\/1IMG_0027-768x576.jpg 768w, http:\/\/muzej-djakovstine.hr\/wp-content\/uploads\/2016\/10\/1IMG_0027-1024x768.jpg 1024w\" sizes=\"auto, (max-width: 300px) 100vw, 300px\" \/><\/a>\n\t\t\t<\/dt>\n\t\t\t\t<dd class='wp-caption-text gallery-caption' id='gallery-1-5246'>\n\t\t\t\tView of the permanent exhibition of the cultural and historical development of \u0110akovo\n\t\t\t\t<\/dd><\/dl><br style=\"clear: both\" \/><dl class='gallery-item'>\n\t\t\t<dt class='gallery-icon landscape'>\n\t\t\t\t<a href='http:\/\/muzej-djakovstine.hr\/wp-content\/uploads\/2016\/10\/povijesni-postav-5.jpg'><img loading=\"lazy\" decoding=\"async\" width=\"300\" height=\"200\" src=\"http:\/\/muzej-djakovstine.hr\/wp-content\/uploads\/2016\/10\/povijesni-postav-5-300x200.jpg\" class=\"attachment-medium size-medium\" alt=\"\" aria-describedby=\"gallery-1-4820\" srcset=\"http:\/\/muzej-djakovstine.hr\/wp-content\/uploads\/2016\/10\/povijesni-postav-5-300x200.jpg 300w, http:\/\/muzej-djakovstine.hr\/wp-content\/uploads\/2016\/10\/povijesni-postav-5.jpg 443w\" sizes=\"auto, (max-width: 300px) 100vw, 300px\" \/><\/a>\n\t\t\t<\/dt>\n\t\t\t\t<dd class='wp-caption-text gallery-caption' id='gallery-1-4820'>\n\t\t\t\tA mirror on the wall of the installation displaying the interior of a middle-class parlour in Biedermeier style.\n\t\t\t\t<\/dd><\/dl><dl class='gallery-item'>\n\t\t\t<dt class='gallery-icon portrait'>\n\t\t\t\t<a href='http:\/\/muzej-djakovstine.hr\/wp-content\/uploads\/2016\/11\/pjeva\u010dko-dru\u0161tvo-preradovi\u0107.jpg'><img loading=\"lazy\" decoding=\"async\" width=\"199\" height=\"300\" src=\"http:\/\/muzej-djakovstine.hr\/wp-content\/uploads\/2016\/11\/pjeva\u010dko-dru\u0161tvo-preradovi\u0107-199x300.jpg\" class=\"attachment-medium size-medium\" alt=\"\" aria-describedby=\"gallery-1-5282\" srcset=\"http:\/\/muzej-djakovstine.hr\/wp-content\/uploads\/2016\/11\/pjeva\u010dko-dru\u0161tvo-preradovi\u0107-199x300.jpg 199w, http:\/\/muzej-djakovstine.hr\/wp-content\/uploads\/2016\/11\/pjeva\u010dko-dru\u0161tvo-preradovi\u0107-768x1157.jpg 768w, http:\/\/muzej-djakovstine.hr\/wp-content\/uploads\/2016\/11\/pjeva\u010dko-dru\u0161tvo-preradovi\u0107-680x1024.jpg 680w, http:\/\/muzej-djakovstine.hr\/wp-content\/uploads\/2016\/11\/pjeva\u010dko-dru\u0161tvo-preradovi\u0107.jpg 1710w\" sizes=\"auto, (max-width: 199px) 100vw, 199px\" \/><\/a>\n\t\t\t<\/dt>\n\t\t\t\t<dd class='wp-caption-text gallery-caption' id='gallery-1-5282'>\n\t\t\t\tA badge of the Music Ensemble \u201cPreradovi\u0107\u201d, \u0110akovo\n\t\t\t\t<\/dd><\/dl><dl class='gallery-item'>\n\t\t\t<dt class='gallery-icon landscape'>\n\t\t\t\t<a href='http:\/\/muzej-djakovstine.hr\/wp-content\/uploads\/2016\/10\/povijesni-postav-6.jpg'><img loading=\"lazy\" decoding=\"async\" width=\"300\" height=\"200\" src=\"http:\/\/muzej-djakovstine.hr\/wp-content\/uploads\/2016\/10\/povijesni-postav-6-300x200.jpg\" class=\"attachment-medium size-medium\" alt=\"\" aria-describedby=\"gallery-1-4822\" srcset=\"http:\/\/muzej-djakovstine.hr\/wp-content\/uploads\/2016\/10\/povijesni-postav-6-300x200.jpg 300w, http:\/\/muzej-djakovstine.hr\/wp-content\/uploads\/2016\/10\/povijesni-postav-6.jpg 438w\" sizes=\"auto, (max-width: 300px) 100vw, 300px\" \/><\/a>\n\t\t\t<\/dt>\n\t\t\t\t<dd class='wp-caption-text gallery-caption' id='gallery-1-4822'>\n\t\t\t\tCroatian War of Independence in the permanent exhibition of the Museum of \u0110akovo Region\n\t\t\t\t<\/dd><\/dl><br style=\"clear: both\" \/>\n\t\t<\/div>\n\n","protected":false},"excerpt":{"rendered":"<p>Opened: 2006. Author: mr.sc. Borislav Bijeli\u0107, prof. Artistic and urban design: mr. sc. Mario Beusan, prof. Curator: Mateo Dragi\u010devi\u0107, mag. hist. The permanent display of the Museum of \u0110akovo-region is conceptually conceived as a unique coherent unit based on its three collections: ethnological, cultural-historical and archeological \u2013 which are by the numbers and by quality [&hellip;]<\/p>\n","protected":false},"author":1,"featured_media":0,"parent":8918,"menu_order":0,"comment_status":"closed","ping_status":"closed","template":"","meta":{"_acf_changed":false,"_monsterinsights_skip_tracking":false,"_monsterinsights_sitenote_active":false,"_monsterinsights_sitenote_note":"","_monsterinsights_sitenote_category":0,"footnotes":""},"class_list":["post-8931","page","type-page","status-publish","hentry"],"acf":[],"yoast_head":"<!-- This site is optimized with the Yoast SEO plugin v27.4 - https:\/\/yoast.com\/product\/yoast-seo-wordpress\/ -->\n<title>Cultural-historical permanent display - Muzej \u0110akov\u0161tine<\/title>\n<meta name=\"robots\" content=\"index, follow, max-snippet:-1, max-image-preview:large, max-video-preview:-1\" \/>\n<link rel=\"canonical\" href=\"http:\/\/muzej-djakovstine.hr\/en\/permanent-display\/historical-display\/\" \/>\n<meta property=\"og:locale\" content=\"en_US\" \/>\n<meta property=\"og:type\" content=\"article\" \/>\n<meta property=\"og:title\" content=\"Cultural-historical permanent display - Muzej \u0110akov\u0161tine\" \/>\n<meta property=\"og:description\" content=\"Opened: 2006. Author: mr.sc. Borislav Bijeli\u0107, prof. Artistic and urban design: mr. sc. Mario Beusan, prof. Curator: Mateo Dragi\u010devi\u0107, mag. hist. The permanent display of the Museum of \u0110akovo-region is conceptually conceived as a unique coherent unit based on its three collections: ethnological, cultural-historical and archeological \u2013 which are by the numbers and by quality [&hellip;]\" \/>\n<meta property=\"og:url\" content=\"http:\/\/muzej-djakovstine.hr\/en\/permanent-display\/historical-display\/\" \/>\n<meta property=\"og:site_name\" content=\"Muzej \u0110akov\u0161tine\" \/>\n<meta property=\"article:publisher\" content=\"https:\/\/www.facebook.com\/muzej.djakovstine\/\" \/>\n<meta property=\"article:modified_time\" content=\"2024-07-31T08:04:27+00:00\" \/>\n<meta property=\"og:image\" content=\"http:\/\/muzej-djakovstine.hr\/wp-content\/uploads\/2016\/11\/pogled-na-povijesni-postav-300x193.jpg\" \/>\n<meta name=\"twitter:card\" content=\"summary_large_image\" \/>\n<meta name=\"twitter:label1\" content=\"Est. reading time\" \/>\n\t<meta name=\"twitter:data1\" content=\"2 minutes\" \/>\n<script type=\"application\/ld+json\" class=\"yoast-schema-graph\">{\"@context\":\"https:\\\/\\\/schema.org\",\"@graph\":[{\"@type\":\"WebPage\",\"@id\":\"http:\\\/\\\/muzej-djakovstine.hr\\\/en\\\/permanent-display\\\/historical-display\\\/\",\"url\":\"http:\\\/\\\/muzej-djakovstine.hr\\\/en\\\/permanent-display\\\/historical-display\\\/\",\"name\":\"Cultural-historical permanent display - Muzej \u0110akov\u0161tine\",\"isPartOf\":{\"@id\":\"http:\\\/\\\/muzej-djakovstine.hr\\\/en\\\/#website\"},\"datePublished\":\"2016-10-26T07:37:44+00:00\",\"dateModified\":\"2024-07-31T08:04:27+00:00\",\"breadcrumb\":{\"@id\":\"http:\\\/\\\/muzej-djakovstine.hr\\\/en\\\/permanent-display\\\/historical-display\\\/#breadcrumb\"},\"inLanguage\":\"en-US\",\"potentialAction\":[{\"@type\":\"ReadAction\",\"target\":[\"http:\\\/\\\/muzej-djakovstine.hr\\\/en\\\/permanent-display\\\/historical-display\\\/\"]}]},{\"@type\":\"BreadcrumbList\",\"@id\":\"http:\\\/\\\/muzej-djakovstine.hr\\\/en\\\/permanent-display\\\/historical-display\\\/#breadcrumb\",\"itemListElement\":[{\"@type\":\"ListItem\",\"position\":1,\"name\":\"Po\u010detna stranica\",\"item\":\"https:\\\/\\\/muzej-djakovstine.hr\\\/en\\\/\"},{\"@type\":\"ListItem\",\"position\":2,\"name\":\"Permanent display\",\"item\":\"https:\\\/\\\/muzej-djakovstine.hr\\\/en\\\/permanent-display\\\/\"},{\"@type\":\"ListItem\",\"position\":3,\"name\":\"Cultural-historical permanent display\"}]},{\"@type\":\"WebSite\",\"@id\":\"http:\\\/\\\/muzej-djakovstine.hr\\\/en\\\/#website\",\"url\":\"http:\\\/\\\/muzej-djakovstine.hr\\\/en\\\/\",\"name\":\"Muzej \u0110akov\u0161tine\",\"description\":\"\",\"potentialAction\":[{\"@type\":\"SearchAction\",\"target\":{\"@type\":\"EntryPoint\",\"urlTemplate\":\"http:\\\/\\\/muzej-djakovstine.hr\\\/en\\\/?s={search_term_string}\"},\"query-input\":{\"@type\":\"PropertyValueSpecification\",\"valueRequired\":true,\"valueName\":\"search_term_string\"}}],\"inLanguage\":\"en-US\"}]}<\/script>\n<!-- \/ Yoast SEO plugin. -->","yoast_head_json":{"title":"Cultural-historical permanent display - Muzej \u0110akov\u0161tine","robots":{"index":"index","follow":"follow","max-snippet":"max-snippet:-1","max-image-preview":"max-image-preview:large","max-video-preview":"max-video-preview:-1"},"canonical":"http:\/\/muzej-djakovstine.hr\/en\/permanent-display\/historical-display\/","og_locale":"en_US","og_type":"article","og_title":"Cultural-historical permanent display - Muzej \u0110akov\u0161tine","og_description":"Opened: 2006. Author: mr.sc. Borislav Bijeli\u0107, prof. Artistic and urban design: mr. sc. Mario Beusan, prof. Curator: Mateo Dragi\u010devi\u0107, mag. hist. The permanent display of the Museum of \u0110akovo-region is conceptually conceived as a unique coherent unit based on its three collections: ethnological, cultural-historical and archeological \u2013 which are by the numbers and by quality [&hellip;]","og_url":"http:\/\/muzej-djakovstine.hr\/en\/permanent-display\/historical-display\/","og_site_name":"Muzej \u0110akov\u0161tine","article_publisher":"https:\/\/www.facebook.com\/muzej.djakovstine\/","article_modified_time":"2024-07-31T08:04:27+00:00","og_image":[{"url":"http:\/\/muzej-djakovstine.hr\/wp-content\/uploads\/2016\/11\/pogled-na-povijesni-postav-300x193.jpg","type":"","width":"","height":""}],"twitter_card":"summary_large_image","twitter_misc":{"Est. reading time":"2 minutes"},"schema":{"@context":"https:\/\/schema.org","@graph":[{"@type":"WebPage","@id":"http:\/\/muzej-djakovstine.hr\/en\/permanent-display\/historical-display\/","url":"http:\/\/muzej-djakovstine.hr\/en\/permanent-display\/historical-display\/","name":"Cultural-historical permanent display - Muzej \u0110akov\u0161tine","isPartOf":{"@id":"http:\/\/muzej-djakovstine.hr\/en\/#website"},"datePublished":"2016-10-26T07:37:44+00:00","dateModified":"2024-07-31T08:04:27+00:00","breadcrumb":{"@id":"http:\/\/muzej-djakovstine.hr\/en\/permanent-display\/historical-display\/#breadcrumb"},"inLanguage":"en-US","potentialAction":[{"@type":"ReadAction","target":["http:\/\/muzej-djakovstine.hr\/en\/permanent-display\/historical-display\/"]}]},{"@type":"BreadcrumbList","@id":"http:\/\/muzej-djakovstine.hr\/en\/permanent-display\/historical-display\/#breadcrumb","itemListElement":[{"@type":"ListItem","position":1,"name":"Po\u010detna stranica","item":"https:\/\/muzej-djakovstine.hr\/en\/"},{"@type":"ListItem","position":2,"name":"Permanent display","item":"https:\/\/muzej-djakovstine.hr\/en\/permanent-display\/"},{"@type":"ListItem","position":3,"name":"Cultural-historical permanent display"}]},{"@type":"WebSite","@id":"http:\/\/muzej-djakovstine.hr\/en\/#website","url":"http:\/\/muzej-djakovstine.hr\/en\/","name":"Muzej \u0110akov\u0161tine","description":"","potentialAction":[{"@type":"SearchAction","target":{"@type":"EntryPoint","urlTemplate":"http:\/\/muzej-djakovstine.hr\/en\/?s={search_term_string}"},"query-input":{"@type":"PropertyValueSpecification","valueRequired":true,"valueName":"search_term_string"}}],"inLanguage":"en-US"}]}},"_links":{"self":[{"href":"http:\/\/muzej-djakovstine.hr\/en\/wp-json\/wp\/v2\/pages\/8931","targetHints":{"allow":["GET"]}}],"collection":[{"href":"http:\/\/muzej-djakovstine.hr\/en\/wp-json\/wp\/v2\/pages"}],"about":[{"href":"http:\/\/muzej-djakovstine.hr\/en\/wp-json\/wp\/v2\/types\/page"}],"author":[{"embeddable":true,"href":"http:\/\/muzej-djakovstine.hr\/en\/wp-json\/wp\/v2\/users\/1"}],"replies":[{"embeddable":true,"href":"http:\/\/muzej-djakovstine.hr\/en\/wp-json\/wp\/v2\/comments?post=8931"}],"version-history":[{"count":9,"href":"http:\/\/muzej-djakovstine.hr\/en\/wp-json\/wp\/v2\/pages\/8931\/revisions"}],"predecessor-version":[{"id":9266,"href":"http:\/\/muzej-djakovstine.hr\/en\/wp-json\/wp\/v2\/pages\/8931\/revisions\/9266"}],"up":[{"embeddable":true,"href":"http:\/\/muzej-djakovstine.hr\/en\/wp-json\/wp\/v2\/pages\/8918"}],"wp:attachment":[{"href":"http:\/\/muzej-djakovstine.hr\/en\/wp-json\/wp\/v2\/media?parent=8931"}],"curies":[{"name":"wp","href":"https:\/\/api.w.org\/{rel}","templated":true}]}}