{"id":8966,"date":"2016-10-25T08:35:21","date_gmt":"2016-10-25T06:35:21","guid":{"rendered":"https:\/\/muzej-djakovstine.hr\/?page_id=8966"},"modified":"2024-07-31T08:52:34","modified_gmt":"2024-07-31T06:52:34","slug":"art-collection","status":"publish","type":"page","link":"http:\/\/muzej-djakovstine.hr\/en\/collections\/art-collection\/","title":{"rendered":"Art Collection"},"content":{"rendered":"<p>The artworks&#8217; collection dates from the 1950s. It has been complemented mostly by the donations of citizens and gifts given by artists who have exhibited in the Museum. A smaller number of artworks have been repurchased. Those are mostly oil paintings, watercolours and graphic artworks by various authors, to name just a few &#8211; Franjo Arpad Mesaro\u0161, Ivan Ti\u0161ov, Milan Toli\u0107, Ivan Roch, Predrag Goll, Zdravko \u0106osi\u0107, Ljerka Njer\u0161, Jasna Mareti\u0107, Antun Babi\u0107, Marko \u017divkovi\u0107, Tihomir Lon\u010dar i Hrvoje Duvnjak.<\/p>\n\n\t\t<style type=\"text\/css\">\n\t\t\t#gallery-1 {\n\t\t\t\tmargin: auto;\n\t\t\t}\n\t\t\t#gallery-1 .gallery-item {\n\t\t\t\tfloat: left;\n\t\t\t\tmargin-top: 10px;\n\t\t\t\ttext-align: center;\n\t\t\t\twidth: 33%;\n\t\t\t}\n\t\t\t#gallery-1 img {\n\t\t\t\tborder: 2px solid #cfcfcf;\n\t\t\t}\n\t\t\t#gallery-1 .gallery-caption {\n\t\t\t\tmargin-left: 0;\n\t\t\t}\n\t\t\t\/* see gallery_shortcode() in wp-includes\/media.php *\/\n\t\t<\/style>\n\t\t<div id='gallery-1' class='gallery galleryid-8966 gallery-columns-3 gallery-size-medium'><dl class='gallery-item'>\n\t\t\t<dt class='gallery-icon portrait'>\n\t\t\t\t<a href='http:\/\/muzej-djakovstine.hr\/wp-content\/uploads\/2016\/11\/Marko-\u017divkovi\u0107-Emaus1.jpg'><img loading=\"lazy\" decoding=\"async\" width=\"224\" height=\"300\" src=\"http:\/\/muzej-djakovstine.hr\/wp-content\/uploads\/2016\/11\/Marko-\u017divkovi\u0107-Emaus1-224x300.jpg\" class=\"attachment-medium size-medium\" alt=\"\" aria-describedby=\"gallery-1-5236\" srcset=\"http:\/\/muzej-djakovstine.hr\/wp-content\/uploads\/2016\/11\/Marko-\u017divkovi\u0107-Emaus1-224x300.jpg 224w, http:\/\/muzej-djakovstine.hr\/wp-content\/uploads\/2016\/11\/Marko-\u017divkovi\u0107-Emaus1-768x1029.jpg 768w, http:\/\/muzej-djakovstine.hr\/wp-content\/uploads\/2016\/11\/Marko-\u017divkovi\u0107-Emaus1-764x1024.jpg 764w, http:\/\/muzej-djakovstine.hr\/wp-content\/uploads\/2016\/11\/Marko-\u017divkovi\u0107-Emaus1.jpg 1181w\" sizes=\"auto, (max-width: 224px) 100vw, 224px\" \/><\/a>\n\t\t\t<\/dt>\n\t\t\t\t<dd class='wp-caption-text gallery-caption' id='gallery-1-5236'>\n\t\t\t\tMarko \u017divkovi\u0107 &#8220;Emaus&#8221;\n\t\t\t\t<\/dd><\/dl><dl class='gallery-item'>\n\t\t\t<dt class='gallery-icon portrait'>\n\t\t\t\t<a href='http:\/\/muzej-djakovstine.hr\/wp-content\/uploads\/2016\/11\/Josip-Zanki-Bez-naziva1.jpg'><img loading=\"lazy\" decoding=\"async\" width=\"192\" height=\"300\" src=\"http:\/\/muzej-djakovstine.hr\/wp-content\/uploads\/2016\/11\/Josip-Zanki-Bez-naziva1-192x300.jpg\" class=\"attachment-medium size-medium\" alt=\"\" aria-describedby=\"gallery-1-5238\" srcset=\"http:\/\/muzej-djakovstine.hr\/wp-content\/uploads\/2016\/11\/Josip-Zanki-Bez-naziva1-192x300.jpg 192w, http:\/\/muzej-djakovstine.hr\/wp-content\/uploads\/2016\/11\/Josip-Zanki-Bez-naziva1-768x1198.jpg 768w, http:\/\/muzej-djakovstine.hr\/wp-content\/uploads\/2016\/11\/Josip-Zanki-Bez-naziva1-656x1024.jpg 656w, http:\/\/muzej-djakovstine.hr\/wp-content\/uploads\/2016\/11\/Josip-Zanki-Bez-naziva1.jpg 1417w\" sizes=\"auto, (max-width: 192px) 100vw, 192px\" \/><\/a>\n\t\t\t<\/dt>\n\t\t\t\t<dd class='wp-caption-text gallery-caption' id='gallery-1-5238'>\n\t\t\t\tJosip Zanki &#8220;No Name&#8221;\n\t\t\t\t<\/dd><\/dl><dl class='gallery-item'>\n\t\t\t<dt class='gallery-icon portrait'>\n\t\t\t\t<a href='http:\/\/muzej-djakovstine.hr\/wp-content\/uploads\/2016\/11\/Tihomir-Lon\u010dar-Krajolik1.jpg'><img loading=\"lazy\" decoding=\"async\" width=\"210\" height=\"300\" src=\"http:\/\/muzej-djakovstine.hr\/wp-content\/uploads\/2016\/11\/Tihomir-Lon\u010dar-Krajolik1-210x300.jpg\" class=\"attachment-medium size-medium\" alt=\"\" aria-describedby=\"gallery-1-5234\" srcset=\"http:\/\/muzej-djakovstine.hr\/wp-content\/uploads\/2016\/11\/Tihomir-Lon\u010dar-Krajolik1-210x300.jpg 210w, http:\/\/muzej-djakovstine.hr\/wp-content\/uploads\/2016\/11\/Tihomir-Lon\u010dar-Krajolik1-768x1098.jpg 768w, http:\/\/muzej-djakovstine.hr\/wp-content\/uploads\/2016\/11\/Tihomir-Lon\u010dar-Krajolik1-716x1024.jpg 716w, http:\/\/muzej-djakovstine.hr\/wp-content\/uploads\/2016\/11\/Tihomir-Lon\u010dar-Krajolik1.jpg 1417w\" sizes=\"auto, (max-width: 210px) 100vw, 210px\" \/><\/a>\n\t\t\t<\/dt>\n\t\t\t\t<dd class='wp-caption-text gallery-caption' id='gallery-1-5234'>\n\t\t\t\tTihomir Lon\u010dar \u201cLandscape\u201d\n\t\t\t\t<\/dd><\/dl><br style=\"clear: both\" \/><dl class='gallery-item'>\n\t\t\t<dt class='gallery-icon portrait'>\n\t\t\t\t<a href='http:\/\/muzej-djakovstine.hr\/wp-content\/uploads\/2016\/11\/Marija-Adri\u0107-\u010casna-sestra-Ivana-u-klasi\u010dnim-salonkama1.jpg'><img loading=\"lazy\" decoding=\"async\" width=\"202\" height=\"300\" src=\"http:\/\/muzej-djakovstine.hr\/wp-content\/uploads\/2016\/11\/Marija-Adri\u0107-\u010casna-sestra-Ivana-u-klasi\u010dnim-salonkama1-202x300.jpg\" class=\"attachment-medium size-medium\" alt=\"\" aria-describedby=\"gallery-1-5232\" srcset=\"http:\/\/muzej-djakovstine.hr\/wp-content\/uploads\/2016\/11\/Marija-Adri\u0107-\u010casna-sestra-Ivana-u-klasi\u010dnim-salonkama1-202x300.jpg 202w, http:\/\/muzej-djakovstine.hr\/wp-content\/uploads\/2016\/11\/Marija-Adri\u0107-\u010casna-sestra-Ivana-u-klasi\u010dnim-salonkama1-768x1138.jpg 768w, http:\/\/muzej-djakovstine.hr\/wp-content\/uploads\/2016\/11\/Marija-Adri\u0107-\u010casna-sestra-Ivana-u-klasi\u010dnim-salonkama1-691x1024.jpg 691w, http:\/\/muzej-djakovstine.hr\/wp-content\/uploads\/2016\/11\/Marija-Adri\u0107-\u010casna-sestra-Ivana-u-klasi\u010dnim-salonkama1.jpg 1417w\" sizes=\"auto, (max-width: 202px) 100vw, 202px\" \/><\/a>\n\t\t\t<\/dt>\n\t\t\t\t<dd class='wp-caption-text gallery-caption' id='gallery-1-5232'>\n\t\t\t\tMarija Adri\u0107 \u201cSister Ivana wearing classic stilettos\u201d\n\t\t\t\t<\/dd><\/dl><dl class='gallery-item'>\n\t\t\t<dt class='gallery-icon landscape'>\n\t\t\t\t<a href='http:\/\/muzej-djakovstine.hr\/wp-content\/uploads\/2016\/11\/Vladimir-Megli\u0107-Ihtyos1.jpg'><img loading=\"lazy\" decoding=\"async\" width=\"300\" height=\"235\" src=\"http:\/\/muzej-djakovstine.hr\/wp-content\/uploads\/2016\/11\/Vladimir-Megli\u0107-Ihtyos1-300x235.jpg\" class=\"attachment-medium size-medium\" alt=\"\" aria-describedby=\"gallery-1-5230\" srcset=\"http:\/\/muzej-djakovstine.hr\/wp-content\/uploads\/2016\/11\/Vladimir-Megli\u0107-Ihtyos1-300x235.jpg 300w, http:\/\/muzej-djakovstine.hr\/wp-content\/uploads\/2016\/11\/Vladimir-Megli\u0107-Ihtyos1-768x601.jpg 768w, http:\/\/muzej-djakovstine.hr\/wp-content\/uploads\/2016\/11\/Vladimir-Megli\u0107-Ihtyos1-1024x801.jpg 1024w, http:\/\/muzej-djakovstine.hr\/wp-content\/uploads\/2016\/11\/Vladimir-Megli\u0107-Ihtyos1.jpg 1417w\" sizes=\"auto, (max-width: 300px) 100vw, 300px\" \/><\/a>\n\t\t\t<\/dt>\n\t\t\t\t<dd class='wp-caption-text gallery-caption' id='gallery-1-5230'>\n\t\t\t\tVladimir Megli\u0107 &#8220;Ihtyos&#8221;\n\t\t\t\t<\/dd><\/dl><dl class='gallery-item'>\n\t\t\t<dt class='gallery-icon portrait'>\n\t\t\t\t<a href='http:\/\/muzej-djakovstine.hr\/wp-content\/uploads\/2016\/11\/Vesna-Kolobari\u0107-\u010cetiri-lepeta1.jpg'><img loading=\"lazy\" decoding=\"async\" width=\"226\" height=\"300\" src=\"http:\/\/muzej-djakovstine.hr\/wp-content\/uploads\/2016\/11\/Vesna-Kolobari\u0107-\u010cetiri-lepeta1-226x300.jpg\" class=\"attachment-medium size-medium\" alt=\"\" aria-describedby=\"gallery-1-5228\" srcset=\"http:\/\/muzej-djakovstine.hr\/wp-content\/uploads\/2016\/11\/Vesna-Kolobari\u0107-\u010cetiri-lepeta1-226x300.jpg 226w, http:\/\/muzej-djakovstine.hr\/wp-content\/uploads\/2016\/11\/Vesna-Kolobari\u0107-\u010cetiri-lepeta1-768x1020.jpg 768w, http:\/\/muzej-djakovstine.hr\/wp-content\/uploads\/2016\/11\/Vesna-Kolobari\u0107-\u010cetiri-lepeta1-771x1024.jpg 771w, http:\/\/muzej-djakovstine.hr\/wp-content\/uploads\/2016\/11\/Vesna-Kolobari\u0107-\u010cetiri-lepeta1.jpg 1940w\" sizes=\"auto, (max-width: 226px) 100vw, 226px\" \/><\/a>\n\t\t\t<\/dt>\n\t\t\t\t<dd class='wp-caption-text gallery-caption' id='gallery-1-5228'>\n\t\t\t\tVesna Kolobari\u0107 \u201cFour flaps\u201d\n\t\t\t\t<\/dd><\/dl><br style=\"clear: both\" \/>\n\t\t<\/div>\n\n<p>&nbsp;<\/p>\n","protected":false},"excerpt":{"rendered":"<p>The artworks&#8217; collection dates from the 1950s. It has been complemented mostly by the donations of citizens and gifts given by artists who have exhibited in the Museum. A smaller number of artworks have been repurchased. Those are mostly oil paintings, watercolours and graphic artworks by various authors, to name just a few &#8211; Franjo [&hellip;]<\/p>\n","protected":false},"author":1,"featured_media":0,"parent":8934,"menu_order":0,"comment_status":"closed","ping_status":"closed","template":"","meta":{"_acf_changed":false,"_monsterinsights_skip_tracking":false,"_monsterinsights_sitenote_active":false,"_monsterinsights_sitenote_note":"","_monsterinsights_sitenote_category":0,"footnotes":""},"class_list":["post-8966","page","type-page","status-publish","hentry"],"acf":[],"yoast_head":"<!-- This site is optimized with the Yoast SEO plugin v27.4 - https:\/\/yoast.com\/product\/yoast-seo-wordpress\/ -->\n<title>Art Collection - Muzej \u0110akov\u0161tine<\/title>\n<meta name=\"robots\" content=\"index, follow, max-snippet:-1, max-image-preview:large, max-video-preview:-1\" \/>\n<link rel=\"canonical\" href=\"http:\/\/muzej-djakovstine.hr\/en\/collections\/art-collection\/\" \/>\n<meta property=\"og:locale\" content=\"en_US\" \/>\n<meta property=\"og:type\" content=\"article\" \/>\n<meta property=\"og:title\" content=\"Art Collection - Muzej \u0110akov\u0161tine\" \/>\n<meta property=\"og:description\" content=\"The artworks&#8217; collection dates from the 1950s. It has been complemented mostly by the donations of citizens and gifts given by artists who have exhibited in the Museum. A smaller number of artworks have been repurchased. Those are mostly oil paintings, watercolours and graphic artworks by various authors, to name just a few &#8211; Franjo [&hellip;]\" \/>\n<meta property=\"og:url\" content=\"http:\/\/muzej-djakovstine.hr\/en\/collections\/art-collection\/\" \/>\n<meta property=\"og:site_name\" content=\"Muzej \u0110akov\u0161tine\" \/>\n<meta property=\"article:publisher\" content=\"https:\/\/www.facebook.com\/muzej.djakovstine\/\" \/>\n<meta property=\"article:modified_time\" content=\"2024-07-31T06:52:34+00:00\" \/>\n<meta property=\"og:image\" content=\"http:\/\/muzej-djakovstine.hr\/wp-content\/uploads\/2016\/11\/Marko-\u017divkovi\u0107-Emaus1-224x300.jpg\" \/>\n<meta name=\"twitter:card\" content=\"summary_large_image\" \/>\n<meta name=\"twitter:label1\" content=\"Est. reading time\" \/>\n\t<meta name=\"twitter:data1\" content=\"1 minute\" \/>\n<script type=\"application\/ld+json\" class=\"yoast-schema-graph\">{\"@context\":\"https:\\\/\\\/schema.org\",\"@graph\":[{\"@type\":\"WebPage\",\"@id\":\"http:\\\/\\\/muzej-djakovstine.hr\\\/en\\\/collections\\\/art-collection\\\/\",\"url\":\"http:\\\/\\\/muzej-djakovstine.hr\\\/en\\\/collections\\\/art-collection\\\/\",\"name\":\"Art Collection - Muzej \u0110akov\u0161tine\",\"isPartOf\":{\"@id\":\"http:\\\/\\\/muzej-djakovstine.hr\\\/en\\\/#website\"},\"datePublished\":\"2016-10-25T06:35:21+00:00\",\"dateModified\":\"2024-07-31T06:52:34+00:00\",\"breadcrumb\":{\"@id\":\"http:\\\/\\\/muzej-djakovstine.hr\\\/en\\\/collections\\\/art-collection\\\/#breadcrumb\"},\"inLanguage\":\"en-US\",\"potentialAction\":[{\"@type\":\"ReadAction\",\"target\":[\"http:\\\/\\\/muzej-djakovstine.hr\\\/en\\\/collections\\\/art-collection\\\/\"]}]},{\"@type\":\"BreadcrumbList\",\"@id\":\"http:\\\/\\\/muzej-djakovstine.hr\\\/en\\\/collections\\\/art-collection\\\/#breadcrumb\",\"itemListElement\":[{\"@type\":\"ListItem\",\"position\":1,\"name\":\"Po\u010detna stranica\",\"item\":\"https:\\\/\\\/muzej-djakovstine.hr\\\/en\\\/\"},{\"@type\":\"ListItem\",\"position\":2,\"name\":\"Collections\",\"item\":\"http:\\\/\\\/muzej-djakovstine.hr\\\/en\\\/collections\\\/\"},{\"@type\":\"ListItem\",\"position\":3,\"name\":\"Art Collection\"}]},{\"@type\":\"WebSite\",\"@id\":\"http:\\\/\\\/muzej-djakovstine.hr\\\/en\\\/#website\",\"url\":\"http:\\\/\\\/muzej-djakovstine.hr\\\/en\\\/\",\"name\":\"Muzej \u0110akov\u0161tine\",\"description\":\"\",\"potentialAction\":[{\"@type\":\"SearchAction\",\"target\":{\"@type\":\"EntryPoint\",\"urlTemplate\":\"http:\\\/\\\/muzej-djakovstine.hr\\\/en\\\/?s={search_term_string}\"},\"query-input\":{\"@type\":\"PropertyValueSpecification\",\"valueRequired\":true,\"valueName\":\"search_term_string\"}}],\"inLanguage\":\"en-US\"}]}<\/script>\n<!-- \/ Yoast SEO plugin. -->","yoast_head_json":{"title":"Art Collection - Muzej \u0110akov\u0161tine","robots":{"index":"index","follow":"follow","max-snippet":"max-snippet:-1","max-image-preview":"max-image-preview:large","max-video-preview":"max-video-preview:-1"},"canonical":"http:\/\/muzej-djakovstine.hr\/en\/collections\/art-collection\/","og_locale":"en_US","og_type":"article","og_title":"Art Collection - Muzej \u0110akov\u0161tine","og_description":"The artworks&#8217; collection dates from the 1950s. It has been complemented mostly by the donations of citizens and gifts given by artists who have exhibited in the Museum. A smaller number of artworks have been repurchased. Those are mostly oil paintings, watercolours and graphic artworks by various authors, to name just a few &#8211; Franjo [&hellip;]","og_url":"http:\/\/muzej-djakovstine.hr\/en\/collections\/art-collection\/","og_site_name":"Muzej \u0110akov\u0161tine","article_publisher":"https:\/\/www.facebook.com\/muzej.djakovstine\/","article_modified_time":"2024-07-31T06:52:34+00:00","og_image":[{"url":"http:\/\/muzej-djakovstine.hr\/wp-content\/uploads\/2016\/11\/Marko-\u017divkovi\u0107-Emaus1-224x300.jpg","type":"","width":"","height":""}],"twitter_card":"summary_large_image","twitter_misc":{"Est. reading time":"1 minute"},"schema":{"@context":"https:\/\/schema.org","@graph":[{"@type":"WebPage","@id":"http:\/\/muzej-djakovstine.hr\/en\/collections\/art-collection\/","url":"http:\/\/muzej-djakovstine.hr\/en\/collections\/art-collection\/","name":"Art Collection - Muzej \u0110akov\u0161tine","isPartOf":{"@id":"http:\/\/muzej-djakovstine.hr\/en\/#website"},"datePublished":"2016-10-25T06:35:21+00:00","dateModified":"2024-07-31T06:52:34+00:00","breadcrumb":{"@id":"http:\/\/muzej-djakovstine.hr\/en\/collections\/art-collection\/#breadcrumb"},"inLanguage":"en-US","potentialAction":[{"@type":"ReadAction","target":["http:\/\/muzej-djakovstine.hr\/en\/collections\/art-collection\/"]}]},{"@type":"BreadcrumbList","@id":"http:\/\/muzej-djakovstine.hr\/en\/collections\/art-collection\/#breadcrumb","itemListElement":[{"@type":"ListItem","position":1,"name":"Po\u010detna stranica","item":"https:\/\/muzej-djakovstine.hr\/en\/"},{"@type":"ListItem","position":2,"name":"Collections","item":"http:\/\/muzej-djakovstine.hr\/en\/collections\/"},{"@type":"ListItem","position":3,"name":"Art Collection"}]},{"@type":"WebSite","@id":"http:\/\/muzej-djakovstine.hr\/en\/#website","url":"http:\/\/muzej-djakovstine.hr\/en\/","name":"Muzej \u0110akov\u0161tine","description":"","potentialAction":[{"@type":"SearchAction","target":{"@type":"EntryPoint","urlTemplate":"http:\/\/muzej-djakovstine.hr\/en\/?s={search_term_string}"},"query-input":{"@type":"PropertyValueSpecification","valueRequired":true,"valueName":"search_term_string"}}],"inLanguage":"en-US"}]}},"_links":{"self":[{"href":"http:\/\/muzej-djakovstine.hr\/en\/wp-json\/wp\/v2\/pages\/8966","targetHints":{"allow":["GET"]}}],"collection":[{"href":"http:\/\/muzej-djakovstine.hr\/en\/wp-json\/wp\/v2\/pages"}],"about":[{"href":"http:\/\/muzej-djakovstine.hr\/en\/wp-json\/wp\/v2\/types\/page"}],"author":[{"embeddable":true,"href":"http:\/\/muzej-djakovstine.hr\/en\/wp-json\/wp\/v2\/users\/1"}],"replies":[{"embeddable":true,"href":"http:\/\/muzej-djakovstine.hr\/en\/wp-json\/wp\/v2\/comments?post=8966"}],"version-history":[{"count":7,"href":"http:\/\/muzej-djakovstine.hr\/en\/wp-json\/wp\/v2\/pages\/8966\/revisions"}],"predecessor-version":[{"id":9256,"href":"http:\/\/muzej-djakovstine.hr\/en\/wp-json\/wp\/v2\/pages\/8966\/revisions\/9256"}],"up":[{"embeddable":true,"href":"http:\/\/muzej-djakovstine.hr\/en\/wp-json\/wp\/v2\/pages\/8934"}],"wp:attachment":[{"href":"http:\/\/muzej-djakovstine.hr\/en\/wp-json\/wp\/v2\/media?parent=8966"}],"curies":[{"name":"wp","href":"https:\/\/api.w.org\/{rel}","templated":true}]}}