{"id":8923,"date":"2016-10-26T09:43:19","date_gmt":"2016-10-26T07:43:19","guid":{"rendered":"https:\/\/muzej-djakovstine.hr\/?page_id=8923"},"modified":"2024-08-13T14:39:04","modified_gmt":"2024-08-13T12:39:04","slug":"stalni-postav-arheologije","status":"publish","type":"page","link":"https:\/\/muzej-djakovstine.hr\/de\/standige-ausstellung\/stalni-postav-arheologije\/","title":{"rendered":"Arch\u00e4ologische Dauerausstellung"},"content":{"rendered":"<p><strong><span class=\"font-medium break-words\" data-fragment-close-on-click=\"true\" data-fragment-target=\"#phraseDetails_container-0\">Ge\u00f6ffnet<\/span><\/strong>: 2017.<br \/>\n<strong>Autor<\/strong>: Ivo Pavlovi\u0107, Ana Grbe\u0161a, Jelena Boras<br \/>\n<strong>Visuelle und Raumgestaltung<\/strong>: mr. sc. Mario Beusan, prof.<br \/>\n<strong>Kurator<\/strong>: Jelena Boras, mag. archaeol.<\/p>\n<p>Die arch\u00e4ologische Dauerausstellung befindet sich im ersten Stock des Museumsgeb\u00e4udes. Sie besteht aus sieben Ausstellungsr\u00e4umen, aufgeteilt in drei Zeitbl\u00f6cke. Das in der Ausstellung ausgestellte Material ist chronologisch geordnet, von der pr\u00e4historischen Zeit und den \u00e4ltesten im Museum aufbewahrten Funden \u00fcber die Antike bis hin zum mittelalterlichen und fr\u00fchneuzeitlichen arch\u00e4ologischen Material, das in der ganzen Region \u0110akovo gefunden wurde.<\/p>\n<p>Im ersten und Teilweise im zweiten Raum sind Funde ausgestellt, die wir in die pr\u00e4historische Zeit einordnen, wobei die \u00e4ltesten aus der Zeit um 5000 v. Chr. stammen, w\u00e4hrend der Jungsteinzeit. Man\u00a0kann auch eine pal\u00e4ontologische Sammlung fossiler \u00dcberreste von Meeresorganismen sehen, deren Alter auf etwa 17 Millionen Jahre gesch\u00e4tzt wird. Neben den Jungsteinzeitfunden sind auch kupferzeitliche, bronzezeitliche und eisenzeitliche Funde\u00a0&#8211;\u00a0Keramikgef\u00e4\u00dfen und verschiedene Gebrauchsgegenst\u00e4nde ausgestellt. Besucher haben die M\u00f6glichkeit, den bronzezeitlichen Schatz von\u00a0Punitovci, ein Brandgrab aus\u00a0\u0160trosmajerovac\u00a0und als Besonderheit eine Rekonstruktion eines pr\u00e4historischen Hauses aus der Fundstelle\u00a0Toma\u0161anci-Pala\u010da\u00a0mit Abbildungen der verschiedenen Bauphasen zu besichtigen.<\/p>\n<p><iframe loading=\"lazy\" title=\"Stalni postav arheologije Muzeja \u0110akov\u0161tine\" width=\"500\" height=\"281\" src=\"https:\/\/www.youtube.com\/embed\/MeCLr3va2Rk?feature=oembed\" frameborder=\"0\" allow=\"accelerometer; autoplay; clipboard-write; encrypted-media; gyroscope; picture-in-picture; web-share\" referrerpolicy=\"strict-origin-when-cross-origin\" allowfullscreen><\/iframe><\/p>\n<p>Nach den pr\u00e4historischen Funden enthalten der zweite und dritte Raum Funde aus der Antike aus der Gegend von\u00a0\u0110akovo, n\u00e4mlich Grabfunde aus der Ortschaft\u00a0\u0160trbinci\u00a0und Siedlungen aus der Ortschaft\u00a0Ivandvor. Neben dem einzigen Steinmonument, auf dem der antike Name von\u00a0\u0110akovo,\u00a0Certissia, eingemei\u00dfelt ist, sind auch Glasboden mit eingelassenem goldenem\u00a0Blatt ausgestellt, die f\u00fcr die gesamte Region\u00a0\u0110akovo\u00a0von unsch\u00e4tzbarem historischen Wert sind.<\/p>\n<p>Der letzte\u00a0Zeitblock betrifft das Mittelalter. Der Beginn dieser turbulenten Periode der menschlichen Vergangenheit wird im vierten Raum \u2013 dem Korridor \u2013 gezeigt, in dem Funde aus dem 8. Jahrhundert ausgestellt sind, als die Siedlung am Standort der\u00a0\u0110akovo-Pfarrkirche\u00a0datiert wird. Zus\u00e4tzlich zu der Siedlung, die mehrere Jahrhunderte bestand, wurde an derselben Stelle ein gro\u00dfer mittelalterlicher Friedhof erkundet, auf dem sich die Bev\u00f6lkerung bis zum 16. Jahrhundert niederlie\u00df. Die Funde aus dieser Nekropole sind phasenweise im f\u00fcnften und sechsten Raum verteilt. Der mittelalterliche Teil sowie die Gesamtausstellung enden mit Exponaten aus verschiedenen mittelalterlichen Orten aus der gesamten Region\u00a0\u0110akovo, unter denen der Sammelfund von Silberdenaren aus\u00a0Drenje\u00a0der K\u00f6nigin Maria und des K\u00f6nigs Sigismund hervorsticht.<\/p>\n<p>Die Dauerausstellung wurde mit Mitteln des Kulturministeriums der Republik Kroatien und der Stadt \u0110akovo realisiert. Professionelle Mitarbeiter sind dr. sc. Kre\u0161imir Filipec (Philosophische Fakult\u00e4t in Zagreb, Abteilung f\u00fcr Arch\u00e4ologie), dr. sc. Branka Migotti, dr. sc. Tino Lelekovi\u0107 (Kroatische Akademie der Wissenschaften und K\u00fcnste, Abteilung f\u00fcr Arch\u00e4ologie), dr. sc. Jacqueline Balen (Arch\u00e4ologisches Museum in Zagreb), Tomislav Hr\u0161ak und Dragana Rajkovi\u0107 (Museum Slawonien Osijek). Dank des Verst\u00e4ndnisses und der Freundlichkeit der Kollegen wurde ein Teil des ausgestellten Materials aus dem Museum Slawonien Osijek ausgeliehen.<\/p>\n\n\t\t<style type=\"text\/css\">\n\t\t\t#gallery-1 {\n\t\t\t\tmargin: auto;\n\t\t\t}\n\t\t\t#gallery-1 .gallery-item {\n\t\t\t\tfloat: left;\n\t\t\t\tmargin-top: 10px;\n\t\t\t\ttext-align: center;\n\t\t\t\twidth: 33%;\n\t\t\t}\n\t\t\t#gallery-1 img {\n\t\t\t\tborder: 2px solid #cfcfcf;\n\t\t\t}\n\t\t\t#gallery-1 .gallery-caption {\n\t\t\t\tmargin-left: 0;\n\t\t\t}\n\t\t\t\/* see gallery_shortcode() in wp-includes\/media.php *\/\n\t\t<\/style>\n\t\t<div id='gallery-1' class='gallery galleryid-8923 gallery-columns-3 gallery-size-thumbnail'><dl class='gallery-item'>\n\t\t\t<dt class='gallery-icon landscape'>\n\t\t\t\t<a href='https:\/\/muzej-djakovstine.hr\/de\/standige-ausstellung\/stalni-postav-arheologije\/img_4856-smanjena-2\/'><img loading=\"lazy\" decoding=\"async\" width=\"280\" height=\"190\" src=\"https:\/\/muzej-djakovstine.hr\/wp-content\/uploads\/2016\/10\/IMG_4856-smanjena-280x190.jpg\" class=\"attachment-thumbnail size-thumbnail\" alt=\"\" \/><\/a>\n\t\t\t<\/dt><\/dl><dl class='gallery-item'>\n\t\t\t<dt class='gallery-icon landscape'>\n\t\t\t\t<a href='https:\/\/muzej-djakovstine.hr\/de\/standige-ausstellung\/stalni-postav-arheologije\/img_4860-smanjena-2\/'><img loading=\"lazy\" decoding=\"async\" width=\"280\" height=\"190\" src=\"https:\/\/muzej-djakovstine.hr\/wp-content\/uploads\/2016\/10\/IMG_4860-smanjena-280x190.jpg\" class=\"attachment-thumbnail size-thumbnail\" alt=\"\" \/><\/a>\n\t\t\t<\/dt><\/dl><dl class='gallery-item'>\n\t\t\t<dt class='gallery-icon landscape'>\n\t\t\t\t<a href='https:\/\/muzej-djakovstine.hr\/de\/standige-ausstellung\/stalni-postav-arheologije\/img_4838-smanjena-2\/'><img loading=\"lazy\" decoding=\"async\" width=\"280\" height=\"190\" src=\"https:\/\/muzej-djakovstine.hr\/wp-content\/uploads\/2016\/10\/IMG_4838-smanjena-280x190.jpg\" class=\"attachment-thumbnail size-thumbnail\" alt=\"\" \/><\/a>\n\t\t\t<\/dt><\/dl><br style=\"clear: both\" \/><dl class='gallery-item'>\n\t\t\t<dt class='gallery-icon landscape'>\n\t\t\t\t<a href='https:\/\/muzej-djakovstine.hr\/de\/standige-ausstellung\/stalni-postav-arheologije\/img_4831-smanjena-2\/'><img loading=\"lazy\" decoding=\"async\" width=\"280\" height=\"190\" src=\"https:\/\/muzej-djakovstine.hr\/wp-content\/uploads\/2016\/10\/IMG_4831-smanjena-280x190.jpg\" class=\"attachment-thumbnail size-thumbnail\" alt=\"\" \/><\/a>\n\t\t\t<\/dt><\/dl><dl class='gallery-item'>\n\t\t\t<dt class='gallery-icon landscape'>\n\t\t\t\t<a href='https:\/\/muzej-djakovstine.hr\/de\/standige-ausstellung\/stalni-postav-arheologije\/img_4874-smanjena-2\/'><img loading=\"lazy\" decoding=\"async\" width=\"280\" height=\"190\" src=\"https:\/\/muzej-djakovstine.hr\/wp-content\/uploads\/2016\/10\/IMG_4874-smanjena-280x190.jpg\" class=\"attachment-thumbnail size-thumbnail\" alt=\"\" \/><\/a>\n\t\t\t<\/dt><\/dl><dl class='gallery-item'>\n\t\t\t<dt class='gallery-icon landscape'>\n\t\t\t\t<a href='https:\/\/muzej-djakovstine.hr\/de\/standige-ausstellung\/stalni-postav-arheologije\/img_4882-smanjena-2\/'><img loading=\"lazy\" decoding=\"async\" width=\"280\" height=\"190\" src=\"https:\/\/muzej-djakovstine.hr\/wp-content\/uploads\/2016\/10\/IMG_4882-smanjena-280x190.jpg\" class=\"attachment-thumbnail size-thumbnail\" alt=\"\" \/><\/a>\n\t\t\t<\/dt><\/dl><br style=\"clear: both\" \/>\n\t\t<\/div>\n\n","protected":false},"excerpt":{"rendered":"<p>Ge\u00f6ffnet: 2017. Autor: Ivo Pavlovi\u0107, Ana Grbe\u0161a, Jelena Boras Visuelle und Raumgestaltung: mr. sc. Mario Beusan, prof. Kurator: Jelena Boras, mag. archaeol. Die arch\u00e4ologische Dauerausstellung befindet sich im ersten Stock des Museumsgeb\u00e4udes. Sie besteht aus sieben Ausstellungsr\u00e4umen, aufgeteilt in drei Zeitbl\u00f6cke. Das in der Ausstellung ausgestellte Material ist chronologisch geordnet, von der pr\u00e4historischen Zeit und [&hellip;]<\/p>\n","protected":false},"author":1,"featured_media":0,"parent":8919,"menu_order":0,"comment_status":"closed","ping_status":"closed","template":"","meta":{"_acf_changed":false,"_monsterinsights_skip_tracking":false,"_monsterinsights_sitenote_active":false,"_monsterinsights_sitenote_note":"","_monsterinsights_sitenote_category":0,"footnotes":""},"class_list":["post-8923","page","type-page","status-publish","hentry"],"acf":[],"yoast_head":"<!-- This site is optimized with the Yoast SEO plugin v27.5 - https:\/\/yoast.com\/product\/yoast-seo-wordpress\/ -->\n<title>Arch\u00e4ologische Dauerausstellung - Muzej \u0110akov\u0161tine<\/title>\n<meta name=\"robots\" content=\"index, follow, max-snippet:-1, max-image-preview:large, max-video-preview:-1\" \/>\n<link rel=\"canonical\" href=\"https:\/\/muzej-djakovstine.hr\/de\/standige-ausstellung\/stalni-postav-arheologije\/\" \/>\n<meta property=\"og:locale\" content=\"de_DE\" \/>\n<meta property=\"og:type\" content=\"article\" \/>\n<meta property=\"og:title\" content=\"Arch\u00e4ologische Dauerausstellung - Muzej \u0110akov\u0161tine\" \/>\n<meta property=\"og:description\" content=\"Ge\u00f6ffnet: 2017. Autor: Ivo Pavlovi\u0107, Ana Grbe\u0161a, Jelena Boras Visuelle und Raumgestaltung: mr. sc. Mario Beusan, prof. Kurator: Jelena Boras, mag. archaeol. Die arch\u00e4ologische Dauerausstellung befindet sich im ersten Stock des Museumsgeb\u00e4udes. Sie besteht aus sieben Ausstellungsr\u00e4umen, aufgeteilt in drei Zeitbl\u00f6cke. Das in der Ausstellung ausgestellte Material ist chronologisch geordnet, von der pr\u00e4historischen Zeit und [&hellip;]\" \/>\n<meta property=\"og:url\" content=\"https:\/\/muzej-djakovstine.hr\/de\/standige-ausstellung\/stalni-postav-arheologije\/\" \/>\n<meta property=\"og:site_name\" content=\"Muzej \u0110akov\u0161tine\" \/>\n<meta property=\"article:publisher\" content=\"https:\/\/www.facebook.com\/muzej.djakovstine\/\" \/>\n<meta property=\"article:modified_time\" content=\"2024-08-13T12:39:04+00:00\" \/>\n<meta property=\"og:image\" content=\"http:\/\/muzej-djakovstine.hr\/wp-content\/uploads\/2016\/10\/IMG_4856-smanjena-280x190.jpg\" \/>\n<meta name=\"twitter:card\" content=\"summary_large_image\" \/>\n<meta name=\"twitter:label1\" content=\"Gesch\u00e4tzte Lesezeit\" \/>\n\t<meta name=\"twitter:data1\" content=\"3\u00a0Minuten\" \/>\n<script type=\"application\/ld+json\" class=\"yoast-schema-graph\">{\"@context\":\"https:\\\/\\\/schema.org\",\"@graph\":[{\"@type\":\"WebPage\",\"@id\":\"https:\\\/\\\/muzej-djakovstine.hr\\\/de\\\/standige-ausstellung\\\/stalni-postav-arheologije\\\/\",\"url\":\"https:\\\/\\\/muzej-djakovstine.hr\\\/de\\\/standige-ausstellung\\\/stalni-postav-arheologije\\\/\",\"name\":\"Arch\u00e4ologische Dauerausstellung - Muzej \u0110akov\u0161tine\",\"isPartOf\":{\"@id\":\"http:\\\/\\\/muzej-djakovstine.hr\\\/de\\\/#website\"},\"datePublished\":\"2016-10-26T07:43:19+00:00\",\"dateModified\":\"2024-08-13T12:39:04+00:00\",\"breadcrumb\":{\"@id\":\"https:\\\/\\\/muzej-djakovstine.hr\\\/de\\\/standige-ausstellung\\\/stalni-postav-arheologije\\\/#breadcrumb\"},\"inLanguage\":\"de\",\"potentialAction\":[{\"@type\":\"ReadAction\",\"target\":[\"https:\\\/\\\/muzej-djakovstine.hr\\\/de\\\/standige-ausstellung\\\/stalni-postav-arheologije\\\/\"]}]},{\"@type\":\"BreadcrumbList\",\"@id\":\"https:\\\/\\\/muzej-djakovstine.hr\\\/de\\\/standige-ausstellung\\\/stalni-postav-arheologije\\\/#breadcrumb\",\"itemListElement\":[{\"@type\":\"ListItem\",\"position\":1,\"name\":\"Po\u010detna stranica\",\"item\":\"http:\\\/\\\/muzej-djakovstine.hr\\\/de\\\/\"},{\"@type\":\"ListItem\",\"position\":2,\"name\":\"Dauerausstellung\",\"item\":\"http:\\\/\\\/muzej-djakovstine.hr\\\/de\\\/stalni-postav\\\/\"},{\"@type\":\"ListItem\",\"position\":3,\"name\":\"Arch\u00e4ologische Dauerausstellung\"}]},{\"@type\":\"WebSite\",\"@id\":\"http:\\\/\\\/muzej-djakovstine.hr\\\/de\\\/#website\",\"url\":\"http:\\\/\\\/muzej-djakovstine.hr\\\/de\\\/\",\"name\":\"Muzej \u0110akov\u0161tine\",\"description\":\"\",\"potentialAction\":[{\"@type\":\"SearchAction\",\"target\":{\"@type\":\"EntryPoint\",\"urlTemplate\":\"http:\\\/\\\/muzej-djakovstine.hr\\\/de\\\/?s={search_term_string}\"},\"query-input\":{\"@type\":\"PropertyValueSpecification\",\"valueRequired\":true,\"valueName\":\"search_term_string\"}}],\"inLanguage\":\"de\"}]}<\/script>\n<!-- \/ Yoast SEO plugin. -->","yoast_head_json":{"title":"Arch\u00e4ologische Dauerausstellung - Muzej \u0110akov\u0161tine","robots":{"index":"index","follow":"follow","max-snippet":"max-snippet:-1","max-image-preview":"max-image-preview:large","max-video-preview":"max-video-preview:-1"},"canonical":"https:\/\/muzej-djakovstine.hr\/de\/standige-ausstellung\/stalni-postav-arheologije\/","og_locale":"de_DE","og_type":"article","og_title":"Arch\u00e4ologische Dauerausstellung - Muzej \u0110akov\u0161tine","og_description":"Ge\u00f6ffnet: 2017. Autor: Ivo Pavlovi\u0107, Ana Grbe\u0161a, Jelena Boras Visuelle und Raumgestaltung: mr. sc. Mario Beusan, prof. Kurator: Jelena Boras, mag. archaeol. Die arch\u00e4ologische Dauerausstellung befindet sich im ersten Stock des Museumsgeb\u00e4udes. Sie besteht aus sieben Ausstellungsr\u00e4umen, aufgeteilt in drei Zeitbl\u00f6cke. Das in der Ausstellung ausgestellte Material ist chronologisch geordnet, von der pr\u00e4historischen Zeit und [&hellip;]","og_url":"https:\/\/muzej-djakovstine.hr\/de\/standige-ausstellung\/stalni-postav-arheologije\/","og_site_name":"Muzej \u0110akov\u0161tine","article_publisher":"https:\/\/www.facebook.com\/muzej.djakovstine\/","article_modified_time":"2024-08-13T12:39:04+00:00","og_image":[{"url":"http:\/\/muzej-djakovstine.hr\/wp-content\/uploads\/2016\/10\/IMG_4856-smanjena-280x190.jpg","type":"","width":"","height":""}],"twitter_card":"summary_large_image","twitter_misc":{"Gesch\u00e4tzte Lesezeit":"3\u00a0Minuten"},"schema":{"@context":"https:\/\/schema.org","@graph":[{"@type":"WebPage","@id":"https:\/\/muzej-djakovstine.hr\/de\/standige-ausstellung\/stalni-postav-arheologije\/","url":"https:\/\/muzej-djakovstine.hr\/de\/standige-ausstellung\/stalni-postav-arheologije\/","name":"Arch\u00e4ologische Dauerausstellung - Muzej \u0110akov\u0161tine","isPartOf":{"@id":"http:\/\/muzej-djakovstine.hr\/de\/#website"},"datePublished":"2016-10-26T07:43:19+00:00","dateModified":"2024-08-13T12:39:04+00:00","breadcrumb":{"@id":"https:\/\/muzej-djakovstine.hr\/de\/standige-ausstellung\/stalni-postav-arheologije\/#breadcrumb"},"inLanguage":"de","potentialAction":[{"@type":"ReadAction","target":["https:\/\/muzej-djakovstine.hr\/de\/standige-ausstellung\/stalni-postav-arheologije\/"]}]},{"@type":"BreadcrumbList","@id":"https:\/\/muzej-djakovstine.hr\/de\/standige-ausstellung\/stalni-postav-arheologije\/#breadcrumb","itemListElement":[{"@type":"ListItem","position":1,"name":"Po\u010detna stranica","item":"http:\/\/muzej-djakovstine.hr\/de\/"},{"@type":"ListItem","position":2,"name":"Dauerausstellung","item":"http:\/\/muzej-djakovstine.hr\/de\/stalni-postav\/"},{"@type":"ListItem","position":3,"name":"Arch\u00e4ologische Dauerausstellung"}]},{"@type":"WebSite","@id":"http:\/\/muzej-djakovstine.hr\/de\/#website","url":"http:\/\/muzej-djakovstine.hr\/de\/","name":"Muzej \u0110akov\u0161tine","description":"","potentialAction":[{"@type":"SearchAction","target":{"@type":"EntryPoint","urlTemplate":"http:\/\/muzej-djakovstine.hr\/de\/?s={search_term_string}"},"query-input":{"@type":"PropertyValueSpecification","valueRequired":true,"valueName":"search_term_string"}}],"inLanguage":"de"}]}},"_links":{"self":[{"href":"https:\/\/muzej-djakovstine.hr\/de\/wp-json\/wp\/v2\/pages\/8923","targetHints":{"allow":["GET"]}}],"collection":[{"href":"https:\/\/muzej-djakovstine.hr\/de\/wp-json\/wp\/v2\/pages"}],"about":[{"href":"https:\/\/muzej-djakovstine.hr\/de\/wp-json\/wp\/v2\/types\/page"}],"author":[{"embeddable":true,"href":"https:\/\/muzej-djakovstine.hr\/de\/wp-json\/wp\/v2\/users\/1"}],"replies":[{"embeddable":true,"href":"https:\/\/muzej-djakovstine.hr\/de\/wp-json\/wp\/v2\/comments?post=8923"}],"version-history":[{"count":9,"href":"https:\/\/muzej-djakovstine.hr\/de\/wp-json\/wp\/v2\/pages\/8923\/revisions"}],"predecessor-version":[{"id":9483,"href":"https:\/\/muzej-djakovstine.hr\/de\/wp-json\/wp\/v2\/pages\/8923\/revisions\/9483"}],"up":[{"embeddable":true,"href":"https:\/\/muzej-djakovstine.hr\/de\/wp-json\/wp\/v2\/pages\/8919"}],"wp:attachment":[{"href":"https:\/\/muzej-djakovstine.hr\/de\/wp-json\/wp\/v2\/media?parent=8923"}],"curies":[{"name":"wp","href":"https:\/\/api.w.org\/{rel}","templated":true}]}}