{"id":8903,"date":"2016-10-25T08:27:37","date_gmt":"2016-10-25T06:27:37","guid":{"rendered":"https:\/\/muzej-djakovstine.hr\/contact\/employees\/"},"modified":"2024-08-06T08:57:17","modified_gmt":"2024-08-06T06:57:17","slug":"employees","status":"publish","type":"page","link":"https:\/\/muzej-djakovstine.hr\/en\/contact\/employees\/","title":{"rendered":"Employees"},"content":{"rendered":"<p><strong>Marina Bo\u017ei\u0107<\/strong>, prof. philol. croat. et phil., director<br \/>\n<a href=\"mailto:mbozic@muzej-djakovstine.hr\">mbozic@muzej-djakovstine.hr<\/a><\/p>\n<p><strong>Jelena Boras<\/strong>, mag. archeol., curator of the archaeological collection<br \/>\n<a href=\"mailto:jboras@muzej-djakovstine.hr\">jboras@muzej-djakovstine.hr<\/a><\/p>\n<p><strong>Ivana Devi\u0107,<\/strong> mag. ethnol. et anthrop et paed., curator of the ethnological collection<br \/>\n<a tabindex=\"-1\" href=\"http:\/\/muzej-djakovstine.hr\/wp-admin\/idevic@muzej-djakovstine.hr\" target=\"_blank\" rel=\"noopener\">idevic@muzej-djakovstine.hr<\/a><\/p>\n<p><strong>Mateo Dragi\u010devi\u0107<\/strong>, mag. hist., curator of the cultural-historical collection<br \/>\n<a href=\"mailto:mdragicevic@muzej-djakovstine.hr\">mdragicevic@muzej-djakovstine.hr<\/a><\/p>\n<p><strong>Andrea He\u0111i<\/strong>, mag. informatol., library manager<strong><br \/>\n<\/strong><a href=\"mailto:ahedji@muzej-djakovstine.hr\">ahedji@muzej-djakovstine.hr<\/a><\/p>\n<p><strong>Vesna \u0110elagi\u0107<\/strong>, oec., accountant<br \/>\n<a href=\"mailto:vesna.djelagic@muzej-djakovstine.hr\">vesna.djelagic@muzej-djakovstine.hr<\/a><\/p>\n<p><strong>Milan Duvnjak<\/strong>, oec<strong>., <\/strong> museum technician<\/p>\n<p><strong>Zdenka \u017deljeznik<\/strong>, museum worker<\/p>\n","protected":false},"excerpt":{"rendered":"<p>Marina Bo\u017ei\u0107, prof. philol. croat. et phil., director mbozic@muzej-djakovstine.hr Jelena Boras, mag. archeol., curator of the archaeological collection jboras@muzej-djakovstine.hr Ivana Devi\u0107, mag. ethnol. et anthrop et paed., curator of the ethnological collection idevic@muzej-djakovstine.hr Mateo Dragi\u010devi\u0107, mag. hist., curator of the cultural-historical collection mdragicevic@muzej-djakovstine.hr Andrea He\u0111i, mag. informatol., library manager ahedji@muzej-djakovstine.hr Vesna \u0110elagi\u0107, oec., accountant vesna.djelagic@muzej-djakovstine.hr [&hellip;]<\/p>\n","protected":false},"author":1,"featured_media":0,"parent":8896,"menu_order":0,"comment_status":"closed","ping_status":"closed","template":"","meta":{"_acf_changed":false,"_monsterinsights_skip_tracking":false,"_monsterinsights_sitenote_active":false,"_monsterinsights_sitenote_note":"","_monsterinsights_sitenote_category":0,"footnotes":""},"class_list":["post-8903","page","type-page","status-publish","hentry"],"acf":[],"yoast_head":"<!-- This site is optimized with the Yoast SEO plugin v27.5 - https:\/\/yoast.com\/product\/yoast-seo-wordpress\/ -->\n<title>Employees - Muzej \u0110akov\u0161tine<\/title>\n<meta name=\"robots\" content=\"index, follow, max-snippet:-1, max-image-preview:large, max-video-preview:-1\" \/>\n<link rel=\"canonical\" href=\"https:\/\/muzej-djakovstine.hr\/en\/contact\/employees\/\" \/>\n<meta property=\"og:locale\" content=\"en_US\" \/>\n<meta property=\"og:type\" content=\"article\" \/>\n<meta property=\"og:title\" content=\"Employees - Muzej \u0110akov\u0161tine\" \/>\n<meta property=\"og:description\" content=\"Marina Bo\u017ei\u0107, prof. philol. croat. et phil., director mbozic@muzej-djakovstine.hr Jelena Boras, mag. archeol., curator of the archaeological collection jboras@muzej-djakovstine.hr Ivana Devi\u0107, mag. ethnol. et anthrop et paed., curator of the ethnological collection idevic@muzej-djakovstine.hr Mateo Dragi\u010devi\u0107, mag. hist., curator of the cultural-historical collection mdragicevic@muzej-djakovstine.hr Andrea He\u0111i, mag. informatol., library manager ahedji@muzej-djakovstine.hr Vesna \u0110elagi\u0107, oec., accountant vesna.djelagic@muzej-djakovstine.hr [&hellip;]\" \/>\n<meta property=\"og:url\" content=\"https:\/\/muzej-djakovstine.hr\/en\/contact\/employees\/\" \/>\n<meta property=\"og:site_name\" content=\"Muzej \u0110akov\u0161tine\" \/>\n<meta property=\"article:publisher\" content=\"https:\/\/www.facebook.com\/muzej.djakovstine\/\" \/>\n<meta property=\"article:modified_time\" content=\"2024-08-06T06:57:17+00:00\" \/>\n<meta property=\"og:image\" content=\"http:\/\/muzej-djakovstine.hr\/wp-content\/uploads\/2016\/10\/home-bg.jpg\" \/>\n<meta name=\"twitter:card\" content=\"summary_large_image\" \/>\n<meta name=\"twitter:label1\" content=\"Est. reading time\" \/>\n\t<meta name=\"twitter:data1\" content=\"1 minute\" \/>\n<script type=\"application\/ld+json\" class=\"yoast-schema-graph\">{\"@context\":\"https:\\\/\\\/schema.org\",\"@graph\":[{\"@type\":\"WebPage\",\"@id\":\"https:\\\/\\\/muzej-djakovstine.hr\\\/en\\\/contact\\\/employees\\\/\",\"url\":\"https:\\\/\\\/muzej-djakovstine.hr\\\/en\\\/contact\\\/employees\\\/\",\"name\":\"Employees - Muzej \u0110akov\u0161tine\",\"isPartOf\":{\"@id\":\"https:\\\/\\\/muzej-djakovstine.hr\\\/en\\\/#website\"},\"datePublished\":\"2016-10-25T06:27:37+00:00\",\"dateModified\":\"2024-08-06T06:57:17+00:00\",\"breadcrumb\":{\"@id\":\"https:\\\/\\\/muzej-djakovstine.hr\\\/en\\\/contact\\\/employees\\\/#breadcrumb\"},\"inLanguage\":\"en-US\",\"potentialAction\":[{\"@type\":\"ReadAction\",\"target\":[\"https:\\\/\\\/muzej-djakovstine.hr\\\/en\\\/contact\\\/employees\\\/\"]}]},{\"@type\":\"BreadcrumbList\",\"@id\":\"https:\\\/\\\/muzej-djakovstine.hr\\\/en\\\/contact\\\/employees\\\/#breadcrumb\",\"itemListElement\":[{\"@type\":\"ListItem\",\"position\":1,\"name\":\"Po\u010detna stranica\",\"item\":\"http:\\\/\\\/muzej-djakovstine.hr\\\/en\\\/\"},{\"@type\":\"ListItem\",\"position\":2,\"name\":\"Contact\",\"item\":\"http:\\\/\\\/muzej-djakovstine.hr\\\/en\\\/kontakt\\\/\"},{\"@type\":\"ListItem\",\"position\":3,\"name\":\"Employees\"}]},{\"@type\":\"WebSite\",\"@id\":\"https:\\\/\\\/muzej-djakovstine.hr\\\/en\\\/#website\",\"url\":\"https:\\\/\\\/muzej-djakovstine.hr\\\/en\\\/\",\"name\":\"Muzej \u0110akov\u0161tine\",\"description\":\"\",\"potentialAction\":[{\"@type\":\"SearchAction\",\"target\":{\"@type\":\"EntryPoint\",\"urlTemplate\":\"https:\\\/\\\/muzej-djakovstine.hr\\\/en\\\/?s={search_term_string}\"},\"query-input\":{\"@type\":\"PropertyValueSpecification\",\"valueRequired\":true,\"valueName\":\"search_term_string\"}}],\"inLanguage\":\"en-US\"}]}<\/script>\n<!-- \/ Yoast SEO plugin. -->","yoast_head_json":{"title":"Employees - Muzej \u0110akov\u0161tine","robots":{"index":"index","follow":"follow","max-snippet":"max-snippet:-1","max-image-preview":"max-image-preview:large","max-video-preview":"max-video-preview:-1"},"canonical":"https:\/\/muzej-djakovstine.hr\/en\/contact\/employees\/","og_locale":"en_US","og_type":"article","og_title":"Employees - Muzej \u0110akov\u0161tine","og_description":"Marina Bo\u017ei\u0107, prof. philol. croat. et phil., director mbozic@muzej-djakovstine.hr Jelena Boras, mag. archeol., curator of the archaeological collection jboras@muzej-djakovstine.hr Ivana Devi\u0107, mag. ethnol. et anthrop et paed., curator of the ethnological collection idevic@muzej-djakovstine.hr Mateo Dragi\u010devi\u0107, mag. hist., curator of the cultural-historical collection mdragicevic@muzej-djakovstine.hr Andrea He\u0111i, mag. informatol., library manager ahedji@muzej-djakovstine.hr Vesna \u0110elagi\u0107, oec., accountant vesna.djelagic@muzej-djakovstine.hr [&hellip;]","og_url":"https:\/\/muzej-djakovstine.hr\/en\/contact\/employees\/","og_site_name":"Muzej \u0110akov\u0161tine","article_publisher":"https:\/\/www.facebook.com\/muzej.djakovstine\/","article_modified_time":"2024-08-06T06:57:17+00:00","og_image":[{"url":"http:\/\/muzej-djakovstine.hr\/wp-content\/uploads\/2016\/10\/home-bg.jpg","type":"","width":"","height":""}],"twitter_card":"summary_large_image","twitter_misc":{"Est. reading time":"1 minute"},"schema":{"@context":"https:\/\/schema.org","@graph":[{"@type":"WebPage","@id":"https:\/\/muzej-djakovstine.hr\/en\/contact\/employees\/","url":"https:\/\/muzej-djakovstine.hr\/en\/contact\/employees\/","name":"Employees - Muzej \u0110akov\u0161tine","isPartOf":{"@id":"https:\/\/muzej-djakovstine.hr\/en\/#website"},"datePublished":"2016-10-25T06:27:37+00:00","dateModified":"2024-08-06T06:57:17+00:00","breadcrumb":{"@id":"https:\/\/muzej-djakovstine.hr\/en\/contact\/employees\/#breadcrumb"},"inLanguage":"en-US","potentialAction":[{"@type":"ReadAction","target":["https:\/\/muzej-djakovstine.hr\/en\/contact\/employees\/"]}]},{"@type":"BreadcrumbList","@id":"https:\/\/muzej-djakovstine.hr\/en\/contact\/employees\/#breadcrumb","itemListElement":[{"@type":"ListItem","position":1,"name":"Po\u010detna stranica","item":"http:\/\/muzej-djakovstine.hr\/en\/"},{"@type":"ListItem","position":2,"name":"Contact","item":"http:\/\/muzej-djakovstine.hr\/en\/kontakt\/"},{"@type":"ListItem","position":3,"name":"Employees"}]},{"@type":"WebSite","@id":"https:\/\/muzej-djakovstine.hr\/en\/#website","url":"https:\/\/muzej-djakovstine.hr\/en\/","name":"Muzej \u0110akov\u0161tine","description":"","potentialAction":[{"@type":"SearchAction","target":{"@type":"EntryPoint","urlTemplate":"https:\/\/muzej-djakovstine.hr\/en\/?s={search_term_string}"},"query-input":{"@type":"PropertyValueSpecification","valueRequired":true,"valueName":"search_term_string"}}],"inLanguage":"en-US"}]}},"_links":{"self":[{"href":"https:\/\/muzej-djakovstine.hr\/en\/wp-json\/wp\/v2\/pages\/8903","targetHints":{"allow":["GET"]}}],"collection":[{"href":"https:\/\/muzej-djakovstine.hr\/en\/wp-json\/wp\/v2\/pages"}],"about":[{"href":"https:\/\/muzej-djakovstine.hr\/en\/wp-json\/wp\/v2\/types\/page"}],"author":[{"embeddable":true,"href":"https:\/\/muzej-djakovstine.hr\/en\/wp-json\/wp\/v2\/users\/1"}],"replies":[{"embeddable":true,"href":"https:\/\/muzej-djakovstine.hr\/en\/wp-json\/wp\/v2\/comments?post=8903"}],"version-history":[{"count":2,"href":"https:\/\/muzej-djakovstine.hr\/en\/wp-json\/wp\/v2\/pages\/8903\/revisions"}],"predecessor-version":[{"id":9428,"href":"https:\/\/muzej-djakovstine.hr\/en\/wp-json\/wp\/v2\/pages\/8903\/revisions\/9428"}],"up":[{"embeddable":true,"href":"https:\/\/muzej-djakovstine.hr\/en\/wp-json\/wp\/v2\/pages\/8896"}],"wp:attachment":[{"href":"https:\/\/muzej-djakovstine.hr\/en\/wp-json\/wp\/v2\/media?parent=8903"}],"curies":[{"name":"wp","href":"https:\/\/api.w.org\/{rel}","templated":true}]}}